{"id":984,"date":"2015-09-21T12:14:44","date_gmt":"2015-09-21T12:14:44","guid":{"rendered":"http:\/\/www.colefillesbalears.com\/web\/?page_id=984"},"modified":"2025-08-19T13:33:13","modified_gmt":"2025-08-19T13:33:13","slug":"https-www-plataformacolef-es-es-12-1588-jornades-i-congressos-jornadas-y-congresos-html","status":"publish","type":"page","link":"http:\/\/www.colefillesbalears.com\/web\/https-www-plataformacolef-es-es-12-1588-jornades-i-congressos-jornadas-y-congresos-html\/","title":{"rendered":"Formaci\u00f3"},"content":{"rendered":"<div class=\"wp-block-image\">\n<figure class=\"aligncenter size-full\"><a href=\"https:\/\/forms.gle\/zLociZnT2PVLQLGUA\" target=\"_blank\" rel=\"noreferrer noopener\"><img decoding=\"async\" loading=\"lazy\" width=\"598\" height=\"599\" src=\"http:\/\/www.colefillesbalears.com\/web\/wp-content\/uploads\/2025\/08\/curs-golf2025.png\" alt=\"\" class=\"wp-image-8339\" srcset=\"http:\/\/www.colefillesbalears.com\/web\/wp-content\/uploads\/2025\/08\/curs-golf2025.png 598w, http:\/\/www.colefillesbalears.com\/web\/wp-content\/uploads\/2025\/08\/curs-golf2025-300x300.png 300w, http:\/\/www.colefillesbalears.com\/web\/wp-content\/uploads\/2025\/08\/curs-golf2025-1024x1024.png 1024w, http:\/\/www.colefillesbalears.com\/web\/wp-content\/uploads\/2025\/08\/curs-golf2025-150x150.png 150w, http:\/\/www.colefillesbalears.com\/web\/wp-content\/uploads\/2025\/08\/curs-golf2025-768x769.png 768w, http:\/\/www.colefillesbalears.com\/web\/wp-content\/uploads\/2025\/08\/curs-golf2025-1536x1536.png 1536w, http:\/\/www.colefillesbalears.com\/web\/wp-content\/uploads\/2025\/08\/curs-golf2025-2048x2048.png 2048w\" sizes=\"(max-width: 598px) 100vw, 598px\" \/><\/a><\/figure><\/div>\n\n\n<figure class=\"wp-block-image size-full\"><a href=\"https:\/\/competenciasdigitales.unionprofesional.com\/formulario-de-interes\/?utm_source=newsletter&amp;utm_medium=email&amp;utm_campaign=formulario-interes&amp;utm_term=CONSEJO%20GENERAL%20DE%20LA%20EDUCACI%C3%83%C2%93N%20F%C3%83%C2%8DSICA%20Y%20DEPORTIVA\" target=\"_blank\" rel=\"noreferrer noopener\"><img decoding=\"async\" loading=\"lazy\" width=\"1250\" height=\"5497\" src=\"http:\/\/www.colefillesbalears.com\/web\/wp-content\/uploads\/2025\/08\/REDes-Mailing-Illes-Balears-CAT-1.png\" alt=\"\" class=\"wp-image-8335\" srcset=\"http:\/\/www.colefillesbalears.com\/web\/wp-content\/uploads\/2025\/08\/REDes-Mailing-Illes-Balears-CAT-1.png 1250w, http:\/\/www.colefillesbalears.com\/web\/wp-content\/uploads\/2025\/08\/REDes-Mailing-Illes-Balears-CAT-1-768x3377.png 768w\" sizes=\"(max-width: 1250px) 100vw, 1250px\" \/><\/a><\/figure>\n\n\n<div class=\"wp-block-image\">\n<figure class=\"aligncenter size-full\"><a href=\"https:\/\/forms.gle\/qQGt7j1P1m5LKP7N9\"><img decoding=\"async\" loading=\"lazy\" width=\"1080\" height=\"1080\" src=\"http:\/\/www.colefillesbalears.com\/web\/wp-content\/uploads\/2024\/10\/Curs-Piraigua-24-1.png\" alt=\"\" class=\"wp-image-8097\" srcset=\"http:\/\/www.colefillesbalears.com\/web\/wp-content\/uploads\/2024\/10\/Curs-Piraigua-24-1.png 1080w, http:\/\/www.colefillesbalears.com\/web\/wp-content\/uploads\/2024\/10\/Curs-Piraigua-24-1-300x300.png 300w, http:\/\/www.colefillesbalears.com\/web\/wp-content\/uploads\/2024\/10\/Curs-Piraigua-24-1-1024x1024.png 1024w, http:\/\/www.colefillesbalears.com\/web\/wp-content\/uploads\/2024\/10\/Curs-Piraigua-24-1-150x150.png 150w, http:\/\/www.colefillesbalears.com\/web\/wp-content\/uploads\/2024\/10\/Curs-Piraigua-24-1-768x768.png 768w, http:\/\/www.colefillesbalears.com\/web\/wp-content\/uploads\/2024\/10\/Curs-Piraigua-24-1-1536x1536.png 1536w, http:\/\/www.colefillesbalears.com\/web\/wp-content\/uploads\/2024\/10\/Curs-Piraigua-24-1-2048x2048.png 2048w\" sizes=\"(max-width: 1080px) 100vw, 1080px\" \/><\/a><\/figure><\/div>\n\n<div class=\"wp-block-image\">\n<figure class=\"aligncenter size-full is-resized\"><a href=\"https:\/\/docs.google.com\/forms\/d\/e\/1FAIpQLSeitlNiBkGXQVU_GFOxh8FbCaum2iQeLfds8kzDtHRkNtlPdw\/viewform\"><img decoding=\"async\" loading=\"lazy\" src=\"http:\/\/www.colefillesbalears.com\/web\/wp-content\/uploads\/2024\/08\/Curs-Golf-241.png\" alt=\"\" class=\"wp-image-8044\" width=\"540\" height=\"540\" srcset=\"http:\/\/www.colefillesbalears.com\/web\/wp-content\/uploads\/2024\/08\/Curs-Golf-241.png 1080w, http:\/\/www.colefillesbalears.com\/web\/wp-content\/uploads\/2024\/08\/Curs-Golf-241-300x300.png 300w, http:\/\/www.colefillesbalears.com\/web\/wp-content\/uploads\/2024\/08\/Curs-Golf-241-1024x1024.png 1024w, http:\/\/www.colefillesbalears.com\/web\/wp-content\/uploads\/2024\/08\/Curs-Golf-241-150x150.png 150w, http:\/\/www.colefillesbalears.com\/web\/wp-content\/uploads\/2024\/08\/Curs-Golf-241-768x768.png 768w, http:\/\/www.colefillesbalears.com\/web\/wp-content\/uploads\/2024\/08\/Curs-Golf-241-1536x1536.png 1536w, http:\/\/www.colefillesbalears.com\/web\/wp-content\/uploads\/2024\/08\/Curs-Golf-241-2048x2048.png 2048w\" sizes=\"(max-width: 540px) 100vw, 540px\" \/><\/a><\/figure><\/div>\n\n<div class=\"wp-block-image\">\n<figure class=\"aligncenter size-full\"><a href=\"https:\/\/www.plataformacolef.es\/es\/12\/1588\/342\/JORNADA-COMPETENCIES-EMOCIONALS-PER-A-UN-LIDERATGE-RESSONANT-I-SOSTENIBLE.html\" target=\"_blank\" rel=\"noreferrer noopener\"><img decoding=\"async\" loading=\"lazy\" width=\"828\" height=\"1166\" src=\"http:\/\/www.colefillesbalears.com\/web\/wp-content\/uploads\/2024\/02\/JORNADALIDERATGEEQUIPS.jpeg\" alt=\"\" class=\"wp-image-7874\" srcset=\"http:\/\/www.colefillesbalears.com\/web\/wp-content\/uploads\/2024\/02\/JORNADALIDERATGEEQUIPS.jpeg 828w, http:\/\/www.colefillesbalears.com\/web\/wp-content\/uploads\/2024\/02\/JORNADALIDERATGEEQUIPS-768x1081.jpeg 768w\" sizes=\"(max-width: 828px) 100vw, 828px\" \/><\/a><\/figure><\/div>\n\n\n<p><\/p>\n\n\n<div class=\"wp-block-image\">\n<figure class=\"aligncenter size-full\"><a href=\"http:\/\/www.colefillesbalears.com\/web\/wp-content\/uploads\/2023\/05\/cursbales_finalitzat.jpg\"><img decoding=\"async\" loading=\"lazy\" width=\"371\" height=\"655\" src=\"http:\/\/www.colefillesbalears.com\/web\/wp-content\/uploads\/2023\/05\/cursbales_finalitzat.jpg\" alt=\"\" class=\"wp-image-7556\" srcset=\"http:\/\/www.colefillesbalears.com\/web\/wp-content\/uploads\/2023\/05\/cursbales_finalitzat.jpg 371w, http:\/\/www.colefillesbalears.com\/web\/wp-content\/uploads\/2023\/05\/cursbales_finalitzat-768x1355.jpg 768w\" sizes=\"(max-width: 371px) 100vw, 371px\" \/><\/a><\/figure><\/div>\n\n\n<p class=\"has-text-align-center\"><strong>CAMPUS DE FORMACI\u00d3N CONTINUA. CONSEJO COLEF.<\/strong><\/p>\n\n\n<div class=\"wp-block-image\">\n<figure class=\"aligncenter\"><a href=\"https:\/\/www.formacioncolef.es\/\" target=\"_blank\" rel=\"noreferrer noopener\"><img decoding=\"async\" src=\"http:\/\/www.colefillesbalears.com\/web\/wp-content\/uploads\/2020\/02\/CAMPUS.jpg\" alt=\"\" class=\"wp-image-4318\"\/><\/a><figcaption class=\"wp-element-caption\">Consultar cursos actius i propers<\/figcaption><\/figure><\/div>\n\n<h1 style=\"text-align: center;\"><a href=\"https:\/\/www.plataformacolef.es\/es\/12\/1588\/Jornades-i-congressos--Jornadas-y-Congresos.html\"><strong>Jornades i congressos<\/strong><\/a><\/h1>\n\n<div class=\"wp-block-image\">\n<figure class=\"aligncenter is-resized\"><img decoding=\"async\" loading=\"lazy\" src=\"http:\/\/www.colefillesbalears.com\/web\/wp-content\/uploads\/2020\/02\/jornada-1024x1024.png\" alt=\"\" class=\"wp-image-4449\" width=\"256\" height=\"256\" srcset=\"http:\/\/www.colefillesbalears.com\/web\/wp-content\/uploads\/2020\/02\/jornada-1024x1024.png 1024w, http:\/\/www.colefillesbalears.com\/web\/wp-content\/uploads\/2020\/02\/jornada-150x150.png 150w, http:\/\/www.colefillesbalears.com\/web\/wp-content\/uploads\/2020\/02\/jornada-300x300.png 300w\" sizes=\"(max-width: 256px) 100vw, 256px\" \/><\/figure><\/div>\n\n\n<h4 class=\"wp-block-heading has-text-align-center\"><strong><a rel=\"noreferrer noopener\" href=\"https:\/\/www.consejo-colef.es\/formacion-universitaria\" target=\"_blank\">Formaci\u00f3n Universitaria<\/a><\/strong>: informaci\u00f3 de postgraus i formacions no formals per a Educador\/a F\u00edsic <\/h4>\n\n\n<div class=\"wp-block-image\">\n<figure class=\"aligncenter size-large\"><a href=\"https:\/\/www.consejo-colef.es\/formacion-universitaria\"><img decoding=\"async\" src=\"https:\/\/static.wixstatic.com\/media\/9bd96f_59ac72b622164454b7f586a0ed7bc050~mv2.png\/v1\/fill\/w_600,h_225,al_c,q_85,usm_0.66_1.00_0.01\/Formaci%C3%B3n.webp\" alt=\"\"\/><\/a><\/figure><\/div>\n\n\n<p><\/p>\n","protected":false},"excerpt":{"rendered":"<p>CAMPUS DE FORMACI\u00d3N CONTINUA. CONSEJO COLEF. Jornades i congressos Formaci\u00f3n Universitaria: informaci\u00f3 de postgraus i formacions no formals per a Educador\/a F\u00edsic<\/p>\n","protected":false},"author":1,"featured_media":0,"parent":0,"menu_order":0,"comment_status":"closed","ping_status":"closed","template":"","meta":[],"yoast_head":"<!-- This site is optimized with the Yoast SEO plugin v19.6.1 - https:\/\/yoast.com\/wordpress\/plugins\/seo\/ -->\n<title>Formaci\u00f3 - COLEF Illes Balears<\/title>\n<meta name=\"robots\" content=\"index, follow, max-snippet:-1, max-image-preview:large, max-video-preview:-1\" \/>\n<link rel=\"canonical\" href=\"https:\/\/www.colefillesbalears.com\/web\/https-www-plataformacolef-es-es-12-1588-jornades-i-congressos-jornadas-y-congresos-html\/\" \/>\n<meta property=\"og:locale\" content=\"es_ES\" \/>\n<meta property=\"og:type\" content=\"article\" \/>\n<meta property=\"og:title\" content=\"Formaci\u00f3 - COLEF Illes Balears\" \/>\n<meta property=\"og:description\" content=\"CAMPUS DE FORMACI\u00d3N CONTINUA. CONSEJO COLEF. Jornades i congressos Formaci\u00f3n Universitaria: informaci\u00f3 de postgraus i formacions no formals per a Educador\/a F\u00edsic\" \/>\n<meta property=\"og:url\" content=\"https:\/\/www.colefillesbalears.com\/web\/https-www-plataformacolef-es-es-12-1588-jornades-i-congressos-jornadas-y-congresos-html\/\" \/>\n<meta property=\"og:site_name\" content=\"COLEF Illes Balears\" \/>\n<meta property=\"article:publisher\" content=\"https:\/\/www.facebook.com\/colef.illesbalears\/?ref=bookmarks\" \/>\n<meta property=\"article:modified_time\" content=\"2025-08-19T13:33:13+00:00\" \/>\n<meta property=\"og:image\" content=\"http:\/\/www.colefillesbalears.com\/web\/wp-content\/uploads\/2025\/08\/curs-golf2025.png\" \/>\n<meta name=\"twitter:card\" content=\"summary_large_image\" \/>\n<meta name=\"twitter:site\" content=\"@COLEFBalears\" \/>\n<meta name=\"twitter:label1\" content=\"Tiempo de lectura\" \/>\n\t<meta name=\"twitter:data1\" content=\"2 minutos\" \/>\n<script type=\"application\/ld+json\" class=\"yoast-schema-graph\">{\"@context\":\"https:\/\/schema.org\",\"@graph\":[{\"@type\":\"WebPage\",\"@id\":\"https:\/\/www.colefillesbalears.com\/web\/https-www-plataformacolef-es-es-12-1588-jornades-i-congressos-jornadas-y-congresos-html\/\",\"url\":\"https:\/\/www.colefillesbalears.com\/web\/https-www-plataformacolef-es-es-12-1588-jornades-i-congressos-jornadas-y-congresos-html\/\",\"name\":\"Formaci\u00f3 - COLEF Illes Balears\",\"isPartOf\":{\"@id\":\"http:\/\/www.colefillesbalears.com\/web\/#website\"},\"datePublished\":\"2015-09-21T12:14:44+00:00\",\"dateModified\":\"2025-08-19T13:33:13+00:00\",\"breadcrumb\":{\"@id\":\"https:\/\/www.colefillesbalears.com\/web\/https-www-plataformacolef-es-es-12-1588-jornades-i-congressos-jornadas-y-congresos-html\/#breadcrumb\"},\"inLanguage\":\"es\",\"potentialAction\":[{\"@type\":\"ReadAction\",\"target\":[\"https:\/\/www.colefillesbalears.com\/web\/https-www-plataformacolef-es-es-12-1588-jornades-i-congressos-jornadas-y-congresos-html\/\"]}]},{\"@type\":\"BreadcrumbList\",\"@id\":\"https:\/\/www.colefillesbalears.com\/web\/https-www-plataformacolef-es-es-12-1588-jornades-i-congressos-jornadas-y-congresos-html\/#breadcrumb\",\"itemListElement\":[{\"@type\":\"ListItem\",\"position\":1,\"name\":\"Portada\",\"item\":\"http:\/\/www.colefillesbalears.com\/web\/\"},{\"@type\":\"ListItem\",\"position\":2,\"name\":\"Formaci\u00f3\"}]},{\"@type\":\"WebSite\",\"@id\":\"http:\/\/www.colefillesbalears.com\/web\/#website\",\"url\":\"http:\/\/www.colefillesbalears.com\/web\/\",\"name\":\"COLEF Illes Balears\",\"description\":\"\",\"publisher\":{\"@id\":\"http:\/\/www.colefillesbalears.com\/web\/#organization\"},\"potentialAction\":[{\"@type\":\"SearchAction\",\"target\":{\"@type\":\"EntryPoint\",\"urlTemplate\":\"http:\/\/www.colefillesbalears.com\/web\/?s={search_term_string}\"},\"query-input\":\"required name=search_term_string\"}],\"inLanguage\":\"es\"},{\"@type\":\"Organization\",\"@id\":\"http:\/\/www.colefillesbalears.com\/web\/#organization\",\"name\":\"Col\u00b7legi Oficial de Llicenciats en Ci\u00e8ncies de l'Activitat F\u00edsica i l'Esport de les Illes Balears\",\"url\":\"http:\/\/www.colefillesbalears.com\/web\/\",\"sameAs\":[\"https:\/\/www.youtube.com\/channel\/UClDRzEzUh03bePGcdVFw1cQ\/featured\",\"https:\/\/www.facebook.com\/colef.illesbalears\/?ref=bookmarks\",\"https:\/\/twitter.com\/COLEFBalears\"],\"logo\":{\"@type\":\"ImageObject\",\"inLanguage\":\"es\",\"@id\":\"http:\/\/www.colefillesbalears.com\/web\/#\/schema\/logo\/image\/\",\"url\":\"http:\/\/www.colefillesbalears.com\/web\/wp-content\/uploads\/2019\/05\/logo-colef-5.png\",\"contentUrl\":\"http:\/\/www.colefillesbalears.com\/web\/wp-content\/uploads\/2019\/05\/logo-colef-5.png\",\"width\":414,\"height\":175,\"caption\":\"Col\u00b7legi Oficial de Llicenciats en Ci\u00e8ncies de l'Activitat F\u00edsica i l'Esport de les Illes Balears\"},\"image\":{\"@id\":\"http:\/\/www.colefillesbalears.com\/web\/#\/schema\/logo\/image\/\"}}]}<\/script>\n<!-- \/ Yoast SEO plugin. -->","yoast_head_json":{"title":"Formaci\u00f3 - COLEF Illes Balears","robots":{"index":"index","follow":"follow","max-snippet":"max-snippet:-1","max-image-preview":"max-image-preview:large","max-video-preview":"max-video-preview:-1"},"canonical":"https:\/\/www.colefillesbalears.com\/web\/https-www-plataformacolef-es-es-12-1588-jornades-i-congressos-jornadas-y-congresos-html\/","og_locale":"es_ES","og_type":"article","og_title":"Formaci\u00f3 - COLEF Illes Balears","og_description":"CAMPUS DE FORMACI\u00d3N CONTINUA. CONSEJO COLEF. Jornades i congressos Formaci\u00f3n Universitaria: informaci\u00f3 de postgraus i formacions no formals per a Educador\/a F\u00edsic","og_url":"https:\/\/www.colefillesbalears.com\/web\/https-www-plataformacolef-es-es-12-1588-jornades-i-congressos-jornadas-y-congresos-html\/","og_site_name":"COLEF Illes Balears","article_publisher":"https:\/\/www.facebook.com\/colef.illesbalears\/?ref=bookmarks","article_modified_time":"2025-08-19T13:33:13+00:00","og_image":[{"url":"http:\/\/www.colefillesbalears.com\/web\/wp-content\/uploads\/2025\/08\/curs-golf2025.png"}],"twitter_card":"summary_large_image","twitter_site":"@COLEFBalears","twitter_misc":{"Tiempo de lectura":"2 minutos"},"schema":{"@context":"https:\/\/schema.org","@graph":[{"@type":"WebPage","@id":"https:\/\/www.colefillesbalears.com\/web\/https-www-plataformacolef-es-es-12-1588-jornades-i-congressos-jornadas-y-congresos-html\/","url":"https:\/\/www.colefillesbalears.com\/web\/https-www-plataformacolef-es-es-12-1588-jornades-i-congressos-jornadas-y-congresos-html\/","name":"Formaci\u00f3 - COLEF Illes Balears","isPartOf":{"@id":"http:\/\/www.colefillesbalears.com\/web\/#website"},"datePublished":"2015-09-21T12:14:44+00:00","dateModified":"2025-08-19T13:33:13+00:00","breadcrumb":{"@id":"https:\/\/www.colefillesbalears.com\/web\/https-www-plataformacolef-es-es-12-1588-jornades-i-congressos-jornadas-y-congresos-html\/#breadcrumb"},"inLanguage":"es","potentialAction":[{"@type":"ReadAction","target":["https:\/\/www.colefillesbalears.com\/web\/https-www-plataformacolef-es-es-12-1588-jornades-i-congressos-jornadas-y-congresos-html\/"]}]},{"@type":"BreadcrumbList","@id":"https:\/\/www.colefillesbalears.com\/web\/https-www-plataformacolef-es-es-12-1588-jornades-i-congressos-jornadas-y-congresos-html\/#breadcrumb","itemListElement":[{"@type":"ListItem","position":1,"name":"Portada","item":"http:\/\/www.colefillesbalears.com\/web\/"},{"@type":"ListItem","position":2,"name":"Formaci\u00f3"}]},{"@type":"WebSite","@id":"http:\/\/www.colefillesbalears.com\/web\/#website","url":"http:\/\/www.colefillesbalears.com\/web\/","name":"COLEF Illes Balears","description":"","publisher":{"@id":"http:\/\/www.colefillesbalears.com\/web\/#organization"},"potentialAction":[{"@type":"SearchAction","target":{"@type":"EntryPoint","urlTemplate":"http:\/\/www.colefillesbalears.com\/web\/?s={search_term_string}"},"query-input":"required name=search_term_string"}],"inLanguage":"es"},{"@type":"Organization","@id":"http:\/\/www.colefillesbalears.com\/web\/#organization","name":"Col\u00b7legi Oficial de Llicenciats en Ci\u00e8ncies de l'Activitat F\u00edsica i l'Esport de les Illes Balears","url":"http:\/\/www.colefillesbalears.com\/web\/","sameAs":["https:\/\/www.youtube.com\/channel\/UClDRzEzUh03bePGcdVFw1cQ\/featured","https:\/\/www.facebook.com\/colef.illesbalears\/?ref=bookmarks","https:\/\/twitter.com\/COLEFBalears"],"logo":{"@type":"ImageObject","inLanguage":"es","@id":"http:\/\/www.colefillesbalears.com\/web\/#\/schema\/logo\/image\/","url":"http:\/\/www.colefillesbalears.com\/web\/wp-content\/uploads\/2019\/05\/logo-colef-5.png","contentUrl":"http:\/\/www.colefillesbalears.com\/web\/wp-content\/uploads\/2019\/05\/logo-colef-5.png","width":414,"height":175,"caption":"Col\u00b7legi Oficial de Llicenciats en Ci\u00e8ncies de l'Activitat F\u00edsica i l'Esport de les Illes Balears"},"image":{"@id":"http:\/\/www.colefillesbalears.com\/web\/#\/schema\/logo\/image\/"}}]}},"_links":{"self":[{"href":"http:\/\/www.colefillesbalears.com\/web\/wp-json\/wp\/v2\/pages\/984"}],"collection":[{"href":"http:\/\/www.colefillesbalears.com\/web\/wp-json\/wp\/v2\/pages"}],"about":[{"href":"http:\/\/www.colefillesbalears.com\/web\/wp-json\/wp\/v2\/types\/page"}],"author":[{"embeddable":true,"href":"http:\/\/www.colefillesbalears.com\/web\/wp-json\/wp\/v2\/users\/1"}],"replies":[{"embeddable":true,"href":"http:\/\/www.colefillesbalears.com\/web\/wp-json\/wp\/v2\/comments?post=984"}],"version-history":[{"count":46,"href":"http:\/\/www.colefillesbalears.com\/web\/wp-json\/wp\/v2\/pages\/984\/revisions"}],"predecessor-version":[{"id":8340,"href":"http:\/\/www.colefillesbalears.com\/web\/wp-json\/wp\/v2\/pages\/984\/revisions\/8340"}],"wp:attachment":[{"href":"http:\/\/www.colefillesbalears.com\/web\/wp-json\/wp\/v2\/media?parent=984"}],"curies":[{"name":"wp","href":"https:\/\/api.w.org\/{rel}","templated":true}]}}