{"id":8344,"date":"2025-08-28T11:06:50","date_gmt":"2025-08-28T11:06:50","guid":{"rendered":"http:\/\/www.colefillesbalears.com\/web\/?page_id=8344"},"modified":"2025-10-05T15:43:42","modified_gmt":"2025-10-05T15:43:42","slug":"programa-en-competencies-digitals-aplicada-al-sector-de-leducacio-fisica-i-esportiva","status":"publish","type":"page","link":"http:\/\/www.colefillesbalears.com\/web\/https-www-plataformacolef-es-es-12-1588-jornades-i-congressos-jornadas-y-congresos-html\/programa-en-competencies-digitals-aplicada-al-sector-de-leducacio-fisica-i-esportiva\/","title":{"rendered":"Programa en Compet\u00e8ncies Digitals aplicada al sector de l&#8217;Educaci\u00f3 F\u00edsica i Esportiva"},"content":{"rendered":"\n<h1 class=\"wp-block-heading\"><strong><mark style=\"background-color:rgba(0, 0, 0, 0)\" class=\"has-inline-color has-vivid-red-color\">01\/10\/2025 NOVETAT!!!! INICI TERMINI INSCRIPCI\u00d3: 01\/10\/2025<\/mark><\/strong><\/h1>\n\n\n\n<h1 class=\"wp-block-heading\"><strong>FORMULARI COMPLETAR INSCRIPCI\u00d3:\u00a0<a href=\"https:\/\/inscripciones.unionprofesional.com\/registro.html\">https:\/\/inscripciones.unionprofesional.com\/registro.html<\/a><\/strong><\/h1>\n\n\n\n<figure class=\"wp-block-table\"><table><tbody><tr><td colspan=\"2\"><strong>IMPORTANT!!!!! Bloc espec\u00edfic per els EFE segons els \u00e0mbits professionals:\u00a0\u00a0<img decoding=\"async\" src=\"https:\/\/intranet.plataformacolef.es\/files\/emailplantillas\/127\/imagenes\/bloc_especific(1).jpg\" alt=\"\">El\u00a0<a href=\"https:\/\/drive.google.com\/file\/d\/1k5tyQ5GbPm1JEPZZ1G64ggvZkYX_pdIK\/view\">programa formatiu que revolucionar\u00e0 les professions col\u00b7legiades arriba tamb\u00e9 a l\u2019Educaci\u00f3 F\u00edsica i Esportiva: excel\u00b7l\u00e8ncia digital<\/a>, sense cost, i amb places limitades<br><br>Ja et pots\u00a0<a href=\"https:\/\/inscripciones.unionprofesional.com\/registro.html\">inscriure<\/a>\u00a0per accedir a la formaci\u00f3 digital m\u00e9s ambiciosa dissenyada per a professions col\u00b7legiades com la medicina, l\u2019advocacia o l\u2019arquitectura\u2026 i tamb\u00e9 per a l\u2019Educaci\u00f3 F\u00edsica i Esportiva.Un programa d\u2019excel\u00b7l\u00e8ncia, totalment subvencionat, que inclou continguts espec\u00edfics pensats exclusivament per a la nostra professi\u00f3.<br><br>El Consejo COLEF podr\u00e0 acreditar fins a 1.200 persones col\u00b7legiades. La inscripci\u00f3 s\u2019obrir\u00e0 al setembre, per\u00f2 l\u2019ordre de sol\u00b7licitud ser\u00e0 clau.<br><br>Si tens el t\u00edtol en CAFiE i est\u00e0s col\u00b7legiat o col\u00b7legiada, aquesta \u00e9s la teva oportunitat per accedir als mateixos recursos que les professions millor posicionades.<br><a href=\"https:\/\/www.consejo-colef.es\/post\/upro-inscripciones\">https:\/\/www.consejo-colef.es\/post\/upro-inscripciones<\/a><\/strong><\/td><\/tr><tr><td colspan=\"2\"><\/td><\/tr><\/tbody><\/table><\/figure>\n\n\n\n<figure class=\"wp-block-image size-full\"><a href=\"http:\/\/www.colefillesbalears.com\/web\/wp-content\/uploads\/2025\/08\/REDes-Logos-GEND-UP-Upro-NextEU-MIN-RED-COLOR.png\"><img decoding=\"async\" loading=\"lazy\" width=\"6113\" height=\"216\" src=\"http:\/\/www.colefillesbalears.com\/web\/wp-content\/uploads\/2025\/08\/REDes-Logos-GEND-UP-Upro-NextEU-MIN-RED-COLOR.png\" alt=\"\" class=\"wp-image-8348\" srcset=\"http:\/\/www.colefillesbalears.com\/web\/wp-content\/uploads\/2025\/08\/REDes-Logos-GEND-UP-Upro-NextEU-MIN-RED-COLOR.png 6113w, http:\/\/www.colefillesbalears.com\/web\/wp-content\/uploads\/2025\/08\/REDes-Logos-GEND-UP-Upro-NextEU-MIN-RED-COLOR-768x27.png 768w\" sizes=\"(max-width: 6113px) 100vw, 6113px\" \/><\/a><\/figure>\n\n\n<div class=\"wp-block-image\">\n<figure class=\"aligncenter size-full\"><a href=\"https:\/\/www.consejo-colef.es\/post\/upro-inscripciones\" target=\"_blank\" rel=\"https:\/\/www.consejo-colef.es\/post\/upro-inscripciones noopener\"><img decoding=\"async\" loading=\"lazy\" width=\"2502\" height=\"11086\" src=\"https:\/\/www.colefillesbalears.com\/web\/wp-content\/uploads\/2025\/10\/REDes-Mailing-Inscripcion-Illes-Balears.png\" alt=\"\" class=\"wp-image-8382\" srcset=\"http:\/\/www.colefillesbalears.com\/web\/wp-content\/uploads\/2025\/10\/REDes-Mailing-Inscripcion-Illes-Balears.png 2502w, http:\/\/www.colefillesbalears.com\/web\/wp-content\/uploads\/2025\/10\/REDes-Mailing-Inscripcion-Illes-Balears-768x3402.png 768w\" sizes=\"(max-width: 2502px) 100vw, 2502px\" \/><\/a><\/figure><\/div>\n\n\n<figure class=\"wp-block-image size-full\"><a href=\"http:\/\/www.colefillesbalears.com\/web\/wp-content\/uploads\/2025\/08\/REDes-Logos-GEND-UP-Upro-NextEU-MIN-RED-COLOR.png\"><img decoding=\"async\" loading=\"lazy\" width=\"6113\" height=\"216\" src=\"http:\/\/www.colefillesbalears.com\/web\/wp-content\/uploads\/2025\/08\/REDes-Logos-GEND-UP-Upro-NextEU-MIN-RED-COLOR.png\" alt=\"\" class=\"wp-image-8348\" srcset=\"http:\/\/www.colefillesbalears.com\/web\/wp-content\/uploads\/2025\/08\/REDes-Logos-GEND-UP-Upro-NextEU-MIN-RED-COLOR.png 6113w, http:\/\/www.colefillesbalears.com\/web\/wp-content\/uploads\/2025\/08\/REDes-Logos-GEND-UP-Upro-NextEU-MIN-RED-COLOR-768x27.png 768w\" sizes=\"(max-width: 6113px) 100vw, 6113px\" \/><\/a><\/figure>\n\n\n\n<figure class=\"wp-block-image size-full\"><a href=\"https:\/\/www.consejo-colef.es\/competencias-digitales\" target=\"_blank\" rel=\"noreferrer noopener\"><img decoding=\"async\" loading=\"lazy\" width=\"1250\" height=\"5497\" src=\"http:\/\/www.colefillesbalears.com\/web\/wp-content\/uploads\/2025\/08\/REDes-Mailing-Illes-Balears-CAT-2.png\" alt=\"\" class=\"wp-image-8349\" srcset=\"http:\/\/www.colefillesbalears.com\/web\/wp-content\/uploads\/2025\/08\/REDes-Mailing-Illes-Balears-CAT-2.png 1250w, http:\/\/www.colefillesbalears.com\/web\/wp-content\/uploads\/2025\/08\/REDes-Mailing-Illes-Balears-CAT-2-768x3377.png 768w\" sizes=\"(max-width: 1250px) 100vw, 1250px\" \/><\/a><\/figure>\n\n\n\n<p><\/p>\n\n\n<div class=\"wp-block-image\">\n<figure class=\"aligncenter size-full\"><a href=\"https:\/\/competenciasdigitales.unionprofesional.com\/formulario-de-interes?utm_source=newsletter&amp;utm_medium=email&amp;utm_campaign=formulario-interes&amp;utm_term=CONSEJO%20GENERAL%20DE%20LA%20EDUCACI%C3%93N%20F%C3%8DSICA%20Y%20DEPORTIVA\" target=\"_blank\" rel=\"noreferrer noopener\"><img decoding=\"async\" loading=\"lazy\" width=\"555\" height=\"459\" src=\"http:\/\/www.colefillesbalears.com\/web\/wp-content\/uploads\/2025\/08\/inscripcio.png\" alt=\"\" class=\"wp-image-8352\" srcset=\"http:\/\/www.colefillesbalears.com\/web\/wp-content\/uploads\/2025\/08\/inscripcio.png 555w, http:\/\/www.colefillesbalears.com\/web\/wp-content\/uploads\/2025\/08\/inscripcio-768x635.png 768w\" sizes=\"(max-width: 555px) 100vw, 555px\" \/><\/a><\/figure><\/div>\n\n\n<figure class=\"wp-block-image size-full\"><a href=\"https:\/\/www.consejo-colef.es\/competencias-digitales\" target=\"_blank\" rel=\"noreferrer noopener\"><img decoding=\"async\" loading=\"lazy\" width=\"1250\" height=\"5497\" src=\"http:\/\/www.colefillesbalears.com\/web\/wp-content\/uploads\/2025\/08\/REDes-Mailing-Illes-Balears-CAST-1.png\" alt=\"\" class=\"wp-image-8351\" srcset=\"http:\/\/www.colefillesbalears.com\/web\/wp-content\/uploads\/2025\/08\/REDes-Mailing-Illes-Balears-CAST-1.png 1250w, http:\/\/www.colefillesbalears.com\/web\/wp-content\/uploads\/2025\/08\/REDes-Mailing-Illes-Balears-CAST-1-768x3377.png 768w\" sizes=\"(max-width: 1250px) 100vw, 1250px\" \/><\/a><\/figure>\n\n\n\n<p><\/p>\n\n\n\n<h2 class=\"wp-block-heading\"><a href=\"https:\/\/drive.google.com\/file\/d\/1vVoRzitqE_pkaUMBh4-Khxs9e6NinTJE\/view?usp=drive_link\" target=\"_blank\" rel=\"noreferrer noopener\">Dossier informatiu<\/a><\/h2>\n\n\n\n<h2 class=\"wp-block-heading\">Not\u00edcia web 08\/08\/: <a href=\"http:\/\/www.colefillesbalears.com\/web\/2025\/08\/08\/formacio-en-competencies-digitals-aplicades-a-lambit-de-leducacio-fisica-i-esportiva-informacio-i-formulari-preinscripcio\/\">Formaci\u00f3 en compet\u00e8ncies digitals aplicades a l\u2019\u00e0mbit de l\u2019educaci\u00f3 f\u00edsica i esportiva: informaci\u00f3 i formulari preinscripci\u00f3<\/a><\/h2>\n\n\n\n<h2 class=\"wp-block-heading\">Not\u00edcia web 28\/08\/2025: <a href=\"http:\/\/www.colefillesbalears.com\/web\/2025\/08\/28\/junta-de-govern-26-08-aprovacio-adhesio-al-conveni-per-impulsar-el-programa-de-formacio-en-competencies-digitals-i-aprovacio-llista-provisonal-ajudes-a-la-formacio-2024\/\">Junta de Govern 26\/08: aprovaci\u00f3 adhesi\u00f3 al conveni per impulsar el Programa de Formaci\u00f3 en Compet\u00e8ncies Digitals i aprovaci\u00f3 llista provisonal Ajudes a la Formaci\u00f3 2024<\/a><\/h2>\n","protected":false},"excerpt":{"rendered":"<p>01\/10\/2025 NOVETAT!!!! INICI TERMINI INSCRIPCI\u00d3: 01\/10\/2025 FORMULARI COMPLETAR INSCRIPCI\u00d3:\u00a0https:\/\/inscripciones.unionprofesional.com\/registro.html IMPORTANT!!!!! Bloc espec\u00edfic per els EFE segons els \u00e0mbits professionals:\u00a0\u00a0El\u00a0programa formatiu que revolucionar\u00e0 les professions col\u00b7legiades arriba tamb\u00e9 a l\u2019Educaci\u00f3 F\u00edsica i Esportiva: excel\u00b7l\u00e8ncia digital, sense cost, i amb places limitades Ja et pots\u00a0inscriure\u00a0per accedir a la formaci\u00f3 digital m\u00e9s ambiciosa dissenyada per a professions col\u00b7legiades [&hellip;]<\/p>\n","protected":false},"author":4,"featured_media":0,"parent":984,"menu_order":1,"comment_status":"closed","ping_status":"closed","template":"","meta":[],"yoast_head":"<!-- This site is optimized with the Yoast SEO plugin v19.6.1 - https:\/\/yoast.com\/wordpress\/plugins\/seo\/ -->\n<title>Programa en Compet\u00e8ncies Digitals aplicada al sector de l&#039;Educaci\u00f3 F\u00edsica i Esportiva - COLEF Illes Balears<\/title>\n<meta name=\"robots\" content=\"index, follow, max-snippet:-1, max-image-preview:large, max-video-preview:-1\" \/>\n<link rel=\"canonical\" href=\"http:\/\/www.colefillesbalears.com\/web\/https-www-plataformacolef-es-es-12-1588-jornades-i-congressos-jornadas-y-congresos-html\/programa-en-competencies-digitals-aplicada-al-sector-de-leducacio-fisica-i-esportiva\/\" \/>\n<meta property=\"og:locale\" content=\"es_ES\" \/>\n<meta property=\"og:type\" content=\"article\" \/>\n<meta property=\"og:title\" content=\"Programa en Compet\u00e8ncies Digitals aplicada al sector de l&#039;Educaci\u00f3 F\u00edsica i Esportiva - COLEF Illes Balears\" \/>\n<meta property=\"og:description\" content=\"01\/10\/2025 NOVETAT!!!! INICI TERMINI INSCRIPCI\u00d3: 01\/10\/2025 FORMULARI COMPLETAR INSCRIPCI\u00d3:\u00a0https:\/\/inscripciones.unionprofesional.com\/registro.html IMPORTANT!!!!! Bloc espec\u00edfic per els EFE segons els \u00e0mbits professionals:\u00a0\u00a0El\u00a0programa formatiu que revolucionar\u00e0 les professions col\u00b7legiades arriba tamb\u00e9 a l\u2019Educaci\u00f3 F\u00edsica i Esportiva: excel\u00b7l\u00e8ncia digital, sense cost, i amb places limitades Ja et pots\u00a0inscriure\u00a0per accedir a la formaci\u00f3 digital m\u00e9s ambiciosa dissenyada per a professions col\u00b7legiades [&hellip;]\" \/>\n<meta property=\"og:url\" content=\"http:\/\/www.colefillesbalears.com\/web\/https-www-plataformacolef-es-es-12-1588-jornades-i-congressos-jornadas-y-congresos-html\/programa-en-competencies-digitals-aplicada-al-sector-de-leducacio-fisica-i-esportiva\/\" \/>\n<meta property=\"og:site_name\" content=\"COLEF Illes Balears\" \/>\n<meta property=\"article:publisher\" content=\"https:\/\/www.facebook.com\/colef.illesbalears\/?ref=bookmarks\" \/>\n<meta property=\"article:modified_time\" content=\"2025-10-05T15:43:42+00:00\" \/>\n<meta property=\"og:image\" content=\"https:\/\/intranet.plataformacolef.es\/files\/emailplantillas\/127\/imagenes\/bloc_especific(1).jpg\" \/>\n<meta name=\"twitter:card\" content=\"summary_large_image\" \/>\n<meta name=\"twitter:site\" content=\"@COLEFBalears\" \/>\n<meta name=\"twitter:label1\" content=\"Tiempo de lectura\" \/>\n\t<meta name=\"twitter:data1\" content=\"1 minuto\" \/>\n<script type=\"application\/ld+json\" class=\"yoast-schema-graph\">{\"@context\":\"https:\/\/schema.org\",\"@graph\":[{\"@type\":\"WebPage\",\"@id\":\"http:\/\/www.colefillesbalears.com\/web\/https-www-plataformacolef-es-es-12-1588-jornades-i-congressos-jornadas-y-congresos-html\/programa-en-competencies-digitals-aplicada-al-sector-de-leducacio-fisica-i-esportiva\/\",\"url\":\"http:\/\/www.colefillesbalears.com\/web\/https-www-plataformacolef-es-es-12-1588-jornades-i-congressos-jornadas-y-congresos-html\/programa-en-competencies-digitals-aplicada-al-sector-de-leducacio-fisica-i-esportiva\/\",\"name\":\"Programa en Compet\u00e8ncies Digitals aplicada al sector de l'Educaci\u00f3 F\u00edsica i Esportiva - COLEF Illes Balears\",\"isPartOf\":{\"@id\":\"http:\/\/www.colefillesbalears.com\/web\/#website\"},\"datePublished\":\"2025-08-28T11:06:50+00:00\",\"dateModified\":\"2025-10-05T15:43:42+00:00\",\"breadcrumb\":{\"@id\":\"http:\/\/www.colefillesbalears.com\/web\/https-www-plataformacolef-es-es-12-1588-jornades-i-congressos-jornadas-y-congresos-html\/programa-en-competencies-digitals-aplicada-al-sector-de-leducacio-fisica-i-esportiva\/#breadcrumb\"},\"inLanguage\":\"es\",\"potentialAction\":[{\"@type\":\"ReadAction\",\"target\":[\"http:\/\/www.colefillesbalears.com\/web\/https-www-plataformacolef-es-es-12-1588-jornades-i-congressos-jornadas-y-congresos-html\/programa-en-competencies-digitals-aplicada-al-sector-de-leducacio-fisica-i-esportiva\/\"]}]},{\"@type\":\"BreadcrumbList\",\"@id\":\"http:\/\/www.colefillesbalears.com\/web\/https-www-plataformacolef-es-es-12-1588-jornades-i-congressos-jornadas-y-congresos-html\/programa-en-competencies-digitals-aplicada-al-sector-de-leducacio-fisica-i-esportiva\/#breadcrumb\",\"itemListElement\":[{\"@type\":\"ListItem\",\"position\":1,\"name\":\"Portada\",\"item\":\"http:\/\/www.colefillesbalears.com\/web\/\"},{\"@type\":\"ListItem\",\"position\":2,\"name\":\"Formaci\u00f3\",\"item\":\"https:\/\/www.colefillesbalears.com\/web\/https-www-plataformacolef-es-es-12-1588-jornades-i-congressos-jornadas-y-congresos-html\/\"},{\"@type\":\"ListItem\",\"position\":3,\"name\":\"Programa en Compet\u00e8ncies Digitals aplicada al sector de l&#8217;Educaci\u00f3 F\u00edsica i Esportiva\"}]},{\"@type\":\"WebSite\",\"@id\":\"http:\/\/www.colefillesbalears.com\/web\/#website\",\"url\":\"http:\/\/www.colefillesbalears.com\/web\/\",\"name\":\"COLEF Illes Balears\",\"description\":\"\",\"publisher\":{\"@id\":\"http:\/\/www.colefillesbalears.com\/web\/#organization\"},\"potentialAction\":[{\"@type\":\"SearchAction\",\"target\":{\"@type\":\"EntryPoint\",\"urlTemplate\":\"http:\/\/www.colefillesbalears.com\/web\/?s={search_term_string}\"},\"query-input\":\"required name=search_term_string\"}],\"inLanguage\":\"es\"},{\"@type\":\"Organization\",\"@id\":\"http:\/\/www.colefillesbalears.com\/web\/#organization\",\"name\":\"Col\u00b7legi Oficial de Llicenciats en Ci\u00e8ncies de l'Activitat F\u00edsica i l'Esport de les Illes Balears\",\"url\":\"http:\/\/www.colefillesbalears.com\/web\/\",\"sameAs\":[\"https:\/\/www.youtube.com\/channel\/UClDRzEzUh03bePGcdVFw1cQ\/featured\",\"https:\/\/www.facebook.com\/colef.illesbalears\/?ref=bookmarks\",\"https:\/\/twitter.com\/COLEFBalears\"],\"logo\":{\"@type\":\"ImageObject\",\"inLanguage\":\"es\",\"@id\":\"http:\/\/www.colefillesbalears.com\/web\/#\/schema\/logo\/image\/\",\"url\":\"http:\/\/www.colefillesbalears.com\/web\/wp-content\/uploads\/2019\/05\/logo-colef-5.png\",\"contentUrl\":\"http:\/\/www.colefillesbalears.com\/web\/wp-content\/uploads\/2019\/05\/logo-colef-5.png\",\"width\":414,\"height\":175,\"caption\":\"Col\u00b7legi Oficial de Llicenciats en Ci\u00e8ncies de l'Activitat F\u00edsica i l'Esport de les Illes Balears\"},\"image\":{\"@id\":\"http:\/\/www.colefillesbalears.com\/web\/#\/schema\/logo\/image\/\"}}]}<\/script>\n<!-- \/ Yoast SEO plugin. -->","yoast_head_json":{"title":"Programa en Compet\u00e8ncies Digitals aplicada al sector de l'Educaci\u00f3 F\u00edsica i Esportiva - COLEF Illes Balears","robots":{"index":"index","follow":"follow","max-snippet":"max-snippet:-1","max-image-preview":"max-image-preview:large","max-video-preview":"max-video-preview:-1"},"canonical":"http:\/\/www.colefillesbalears.com\/web\/https-www-plataformacolef-es-es-12-1588-jornades-i-congressos-jornadas-y-congresos-html\/programa-en-competencies-digitals-aplicada-al-sector-de-leducacio-fisica-i-esportiva\/","og_locale":"es_ES","og_type":"article","og_title":"Programa en Compet\u00e8ncies Digitals aplicada al sector de l'Educaci\u00f3 F\u00edsica i Esportiva - COLEF Illes Balears","og_description":"01\/10\/2025 NOVETAT!!!! INICI TERMINI INSCRIPCI\u00d3: 01\/10\/2025 FORMULARI COMPLETAR INSCRIPCI\u00d3:\u00a0https:\/\/inscripciones.unionprofesional.com\/registro.html IMPORTANT!!!!! Bloc espec\u00edfic per els EFE segons els \u00e0mbits professionals:\u00a0\u00a0El\u00a0programa formatiu que revolucionar\u00e0 les professions col\u00b7legiades arriba tamb\u00e9 a l\u2019Educaci\u00f3 F\u00edsica i Esportiva: excel\u00b7l\u00e8ncia digital, sense cost, i amb places limitades Ja et pots\u00a0inscriure\u00a0per accedir a la formaci\u00f3 digital m\u00e9s ambiciosa dissenyada per a professions col\u00b7legiades [&hellip;]","og_url":"http:\/\/www.colefillesbalears.com\/web\/https-www-plataformacolef-es-es-12-1588-jornades-i-congressos-jornadas-y-congresos-html\/programa-en-competencies-digitals-aplicada-al-sector-de-leducacio-fisica-i-esportiva\/","og_site_name":"COLEF Illes Balears","article_publisher":"https:\/\/www.facebook.com\/colef.illesbalears\/?ref=bookmarks","article_modified_time":"2025-10-05T15:43:42+00:00","og_image":[{"url":"https:\/\/intranet.plataformacolef.es\/files\/emailplantillas\/127\/imagenes\/bloc_especific(1).jpg"}],"twitter_card":"summary_large_image","twitter_site":"@COLEFBalears","twitter_misc":{"Tiempo de lectura":"1 minuto"},"schema":{"@context":"https:\/\/schema.org","@graph":[{"@type":"WebPage","@id":"http:\/\/www.colefillesbalears.com\/web\/https-www-plataformacolef-es-es-12-1588-jornades-i-congressos-jornadas-y-congresos-html\/programa-en-competencies-digitals-aplicada-al-sector-de-leducacio-fisica-i-esportiva\/","url":"http:\/\/www.colefillesbalears.com\/web\/https-www-plataformacolef-es-es-12-1588-jornades-i-congressos-jornadas-y-congresos-html\/programa-en-competencies-digitals-aplicada-al-sector-de-leducacio-fisica-i-esportiva\/","name":"Programa en Compet\u00e8ncies Digitals aplicada al sector de l'Educaci\u00f3 F\u00edsica i Esportiva - COLEF Illes Balears","isPartOf":{"@id":"http:\/\/www.colefillesbalears.com\/web\/#website"},"datePublished":"2025-08-28T11:06:50+00:00","dateModified":"2025-10-05T15:43:42+00:00","breadcrumb":{"@id":"http:\/\/www.colefillesbalears.com\/web\/https-www-plataformacolef-es-es-12-1588-jornades-i-congressos-jornadas-y-congresos-html\/programa-en-competencies-digitals-aplicada-al-sector-de-leducacio-fisica-i-esportiva\/#breadcrumb"},"inLanguage":"es","potentialAction":[{"@type":"ReadAction","target":["http:\/\/www.colefillesbalears.com\/web\/https-www-plataformacolef-es-es-12-1588-jornades-i-congressos-jornadas-y-congresos-html\/programa-en-competencies-digitals-aplicada-al-sector-de-leducacio-fisica-i-esportiva\/"]}]},{"@type":"BreadcrumbList","@id":"http:\/\/www.colefillesbalears.com\/web\/https-www-plataformacolef-es-es-12-1588-jornades-i-congressos-jornadas-y-congresos-html\/programa-en-competencies-digitals-aplicada-al-sector-de-leducacio-fisica-i-esportiva\/#breadcrumb","itemListElement":[{"@type":"ListItem","position":1,"name":"Portada","item":"http:\/\/www.colefillesbalears.com\/web\/"},{"@type":"ListItem","position":2,"name":"Formaci\u00f3","item":"https:\/\/www.colefillesbalears.com\/web\/https-www-plataformacolef-es-es-12-1588-jornades-i-congressos-jornadas-y-congresos-html\/"},{"@type":"ListItem","position":3,"name":"Programa en Compet\u00e8ncies Digitals aplicada al sector de l&#8217;Educaci\u00f3 F\u00edsica i Esportiva"}]},{"@type":"WebSite","@id":"http:\/\/www.colefillesbalears.com\/web\/#website","url":"http:\/\/www.colefillesbalears.com\/web\/","name":"COLEF Illes Balears","description":"","publisher":{"@id":"http:\/\/www.colefillesbalears.com\/web\/#organization"},"potentialAction":[{"@type":"SearchAction","target":{"@type":"EntryPoint","urlTemplate":"http:\/\/www.colefillesbalears.com\/web\/?s={search_term_string}"},"query-input":"required name=search_term_string"}],"inLanguage":"es"},{"@type":"Organization","@id":"http:\/\/www.colefillesbalears.com\/web\/#organization","name":"Col\u00b7legi Oficial de Llicenciats en Ci\u00e8ncies de l'Activitat F\u00edsica i l'Esport de les Illes Balears","url":"http:\/\/www.colefillesbalears.com\/web\/","sameAs":["https:\/\/www.youtube.com\/channel\/UClDRzEzUh03bePGcdVFw1cQ\/featured","https:\/\/www.facebook.com\/colef.illesbalears\/?ref=bookmarks","https:\/\/twitter.com\/COLEFBalears"],"logo":{"@type":"ImageObject","inLanguage":"es","@id":"http:\/\/www.colefillesbalears.com\/web\/#\/schema\/logo\/image\/","url":"http:\/\/www.colefillesbalears.com\/web\/wp-content\/uploads\/2019\/05\/logo-colef-5.png","contentUrl":"http:\/\/www.colefillesbalears.com\/web\/wp-content\/uploads\/2019\/05\/logo-colef-5.png","width":414,"height":175,"caption":"Col\u00b7legi Oficial de Llicenciats en Ci\u00e8ncies de l'Activitat F\u00edsica i l'Esport de les Illes Balears"},"image":{"@id":"http:\/\/www.colefillesbalears.com\/web\/#\/schema\/logo\/image\/"}}]}},"_links":{"self":[{"href":"http:\/\/www.colefillesbalears.com\/web\/wp-json\/wp\/v2\/pages\/8344"}],"collection":[{"href":"http:\/\/www.colefillesbalears.com\/web\/wp-json\/wp\/v2\/pages"}],"about":[{"href":"http:\/\/www.colefillesbalears.com\/web\/wp-json\/wp\/v2\/types\/page"}],"author":[{"embeddable":true,"href":"http:\/\/www.colefillesbalears.com\/web\/wp-json\/wp\/v2\/users\/4"}],"replies":[{"embeddable":true,"href":"http:\/\/www.colefillesbalears.com\/web\/wp-json\/wp\/v2\/comments?post=8344"}],"version-history":[{"count":8,"href":"http:\/\/www.colefillesbalears.com\/web\/wp-json\/wp\/v2\/pages\/8344\/revisions"}],"predecessor-version":[{"id":8385,"href":"http:\/\/www.colefillesbalears.com\/web\/wp-json\/wp\/v2\/pages\/8344\/revisions\/8385"}],"up":[{"embeddable":true,"href":"http:\/\/www.colefillesbalears.com\/web\/wp-json\/wp\/v2\/pages\/984"}],"wp:attachment":[{"href":"http:\/\/www.colefillesbalears.com\/web\/wp-json\/wp\/v2\/media?parent=8344"}],"curies":[{"name":"wp","href":"https:\/\/api.w.org\/{rel}","templated":true}]}}