{"id":7819,"date":"2024-01-28T18:37:20","date_gmt":"2024-01-28T18:37:20","guid":{"rendered":"http:\/\/www.colefillesbalears.com\/web\/?page_id=7819"},"modified":"2024-01-28T18:41:04","modified_gmt":"2024-01-28T18:41:04","slug":"politica-de-privacitat","status":"publish","type":"page","link":"http:\/\/www.colefillesbalears.com\/web\/finestreta\/politica-de-privacitat\/","title":{"rendered":"Pol\u00edtica de privacitat"},"content":{"rendered":"\n<h2 class=\"wp-block-heading\">Qui som<\/h2>\n\n\n\n<p>La direcci\u00f3 de la nostra web \u00e9s http:\/\/www.colefillesbalears.com\/web.<\/p>\n\n\n\n<p>COL\u00b7LEGI OFICIAL DE LLICENCIATS EN EDUCACI\u00d3 F\u00cdSICA I L&#8217;ESPORT \u00e9s el Responsable del tractament de les vostres dades personals i us informa que aquestes dades seran tractades de conformitat amb el que disposa el Reglament (UE) 2016\/679, de 27 d&#8217;abril (GDPR) , i la Llei Org\u00e0nica 3\/2018, de 5 de desembre (LOPDGDD), amb la finalitat de mantenir una relaci\u00f3 comercial (en base a una relaci\u00f3 contractual, obligaci\u00f3 legal o inter\u00e8s leg\u00edtim) i conservar-los durant no m\u00e9s temps del necessari per mantenir el fi del tractament o mentre hi hagi prescripcions legals que dictaminin la seva cust\u00f2dia. No es comunicaran les dades a tercers, tret d&#8217;obligaci\u00f3 legal. Aix\u00ed mateix, se us informa que podeu exercir els drets d&#8217;acc\u00e9s, rectificaci\u00f3, portabilitat i supressi\u00f3 de les vostres dades i els de limitaci\u00f3 i oposici\u00f3 al vostre tractament dirigint-vos a&nbsp;<\/p>\n\n\n\n<p>COL\u00b7LEGI OFICIAL DE LLICENCIATS EN EDUCACI\u00d3 F\u00cdSICA I L&#8217;ESPORT a l&#8217;AV. URUGUAI S\/N VEL\u00d2DROM ILLES BALEARS, &#8211; 07010 PALMA (Illes Balears). E-mail: info@colefillesbalears.com i el de reclamaci\u00f3 a www.aepd.es.Dades de contacte del delegat de protecci\u00f3 de dades<strong>: <\/strong>info@colefillesbalears.com<\/p>\n","protected":false},"excerpt":{"rendered":"<p>Qui som La direcci\u00f3 de la nostra web \u00e9s http:\/\/www.colefillesbalears.com\/web. COL\u00b7LEGI OFICIAL DE LLICENCIATS EN EDUCACI\u00d3 F\u00cdSICA I L&#8217;ESPORT \u00e9s el Responsable del tractament de les vostres dades personals i us informa que aquestes dades seran tractades de conformitat amb el que disposa el Reglament (UE) 2016\/679, de 27 d&#8217;abril (GDPR) , i la Llei [&hellip;]<\/p>\n","protected":false},"author":4,"featured_media":0,"parent":320,"menu_order":5,"comment_status":"closed","ping_status":"closed","template":"","meta":[],"yoast_head":"<!-- This site is optimized with the Yoast SEO plugin v19.6.1 - https:\/\/yoast.com\/wordpress\/plugins\/seo\/ -->\n<title>Pol\u00edtica de privacitat - COLEF Illes Balears<\/title>\n<meta name=\"robots\" content=\"index, follow, max-snippet:-1, max-image-preview:large, max-video-preview:-1\" \/>\n<link rel=\"canonical\" href=\"http:\/\/www.colefillesbalears.com\/web\/finestreta\/politica-de-privacitat\/\" \/>\n<meta property=\"og:locale\" content=\"es_ES\" \/>\n<meta property=\"og:type\" content=\"article\" \/>\n<meta property=\"og:title\" content=\"Pol\u00edtica de privacitat - COLEF Illes Balears\" \/>\n<meta property=\"og:description\" content=\"Qui som La direcci\u00f3 de la nostra web \u00e9s http:\/\/www.colefillesbalears.com\/web. COL\u00b7LEGI OFICIAL DE LLICENCIATS EN EDUCACI\u00d3 F\u00cdSICA I L&#8217;ESPORT \u00e9s el Responsable del tractament de les vostres dades personals i us informa que aquestes dades seran tractades de conformitat amb el que disposa el Reglament (UE) 2016\/679, de 27 d&#8217;abril (GDPR) , i la Llei [&hellip;]\" \/>\n<meta property=\"og:url\" content=\"http:\/\/www.colefillesbalears.com\/web\/finestreta\/politica-de-privacitat\/\" \/>\n<meta property=\"og:site_name\" content=\"COLEF Illes Balears\" \/>\n<meta property=\"article:publisher\" content=\"https:\/\/www.facebook.com\/colef.illesbalears\/?ref=bookmarks\" \/>\n<meta property=\"article:modified_time\" content=\"2024-01-28T18:41:04+00:00\" \/>\n<meta name=\"twitter:card\" content=\"summary_large_image\" \/>\n<meta name=\"twitter:site\" content=\"@COLEFBalears\" \/>\n<meta name=\"twitter:label1\" content=\"Tiempo de lectura\" \/>\n\t<meta name=\"twitter:data1\" content=\"1 minuto\" \/>\n<script type=\"application\/ld+json\" class=\"yoast-schema-graph\">{\"@context\":\"https:\/\/schema.org\",\"@graph\":[{\"@type\":\"WebPage\",\"@id\":\"http:\/\/www.colefillesbalears.com\/web\/finestreta\/politica-de-privacitat\/\",\"url\":\"http:\/\/www.colefillesbalears.com\/web\/finestreta\/politica-de-privacitat\/\",\"name\":\"Pol\u00edtica de privacitat - COLEF Illes Balears\",\"isPartOf\":{\"@id\":\"http:\/\/www.colefillesbalears.com\/web\/#website\"},\"datePublished\":\"2024-01-28T18:37:20+00:00\",\"dateModified\":\"2024-01-28T18:41:04+00:00\",\"breadcrumb\":{\"@id\":\"http:\/\/www.colefillesbalears.com\/web\/finestreta\/politica-de-privacitat\/#breadcrumb\"},\"inLanguage\":\"es\",\"potentialAction\":[{\"@type\":\"ReadAction\",\"target\":[\"http:\/\/www.colefillesbalears.com\/web\/finestreta\/politica-de-privacitat\/\"]}]},{\"@type\":\"BreadcrumbList\",\"@id\":\"http:\/\/www.colefillesbalears.com\/web\/finestreta\/politica-de-privacitat\/#breadcrumb\",\"itemListElement\":[{\"@type\":\"ListItem\",\"position\":1,\"name\":\"Portada\",\"item\":\"http:\/\/www.colefillesbalears.com\/web\/\"},{\"@type\":\"ListItem\",\"position\":2,\"name\":\"Finestreta\",\"item\":\"http:\/\/www.colefillesbalears.com\/web\/finestreta\/\"},{\"@type\":\"ListItem\",\"position\":3,\"name\":\"Pol\u00edtica de privacitat\"}]},{\"@type\":\"WebSite\",\"@id\":\"http:\/\/www.colefillesbalears.com\/web\/#website\",\"url\":\"http:\/\/www.colefillesbalears.com\/web\/\",\"name\":\"COLEF Illes Balears\",\"description\":\"\",\"publisher\":{\"@id\":\"http:\/\/www.colefillesbalears.com\/web\/#organization\"},\"potentialAction\":[{\"@type\":\"SearchAction\",\"target\":{\"@type\":\"EntryPoint\",\"urlTemplate\":\"http:\/\/www.colefillesbalears.com\/web\/?s={search_term_string}\"},\"query-input\":\"required name=search_term_string\"}],\"inLanguage\":\"es\"},{\"@type\":\"Organization\",\"@id\":\"http:\/\/www.colefillesbalears.com\/web\/#organization\",\"name\":\"Col\u00b7legi Oficial de Llicenciats en Ci\u00e8ncies de l'Activitat F\u00edsica i l'Esport de les Illes Balears\",\"url\":\"http:\/\/www.colefillesbalears.com\/web\/\",\"sameAs\":[\"https:\/\/www.youtube.com\/channel\/UClDRzEzUh03bePGcdVFw1cQ\/featured\",\"https:\/\/www.facebook.com\/colef.illesbalears\/?ref=bookmarks\",\"https:\/\/twitter.com\/COLEFBalears\"],\"logo\":{\"@type\":\"ImageObject\",\"inLanguage\":\"es\",\"@id\":\"http:\/\/www.colefillesbalears.com\/web\/#\/schema\/logo\/image\/\",\"url\":\"http:\/\/www.colefillesbalears.com\/web\/wp-content\/uploads\/2019\/05\/logo-colef-5.png\",\"contentUrl\":\"http:\/\/www.colefillesbalears.com\/web\/wp-content\/uploads\/2019\/05\/logo-colef-5.png\",\"width\":414,\"height\":175,\"caption\":\"Col\u00b7legi Oficial de Llicenciats en Ci\u00e8ncies de l'Activitat F\u00edsica i l'Esport de les Illes Balears\"},\"image\":{\"@id\":\"http:\/\/www.colefillesbalears.com\/web\/#\/schema\/logo\/image\/\"}}]}<\/script>\n<!-- \/ Yoast SEO plugin. -->","yoast_head_json":{"title":"Pol\u00edtica de privacitat - COLEF Illes Balears","robots":{"index":"index","follow":"follow","max-snippet":"max-snippet:-1","max-image-preview":"max-image-preview:large","max-video-preview":"max-video-preview:-1"},"canonical":"http:\/\/www.colefillesbalears.com\/web\/finestreta\/politica-de-privacitat\/","og_locale":"es_ES","og_type":"article","og_title":"Pol\u00edtica de privacitat - COLEF Illes Balears","og_description":"Qui som La direcci\u00f3 de la nostra web \u00e9s http:\/\/www.colefillesbalears.com\/web. COL\u00b7LEGI OFICIAL DE LLICENCIATS EN EDUCACI\u00d3 F\u00cdSICA I L&#8217;ESPORT \u00e9s el Responsable del tractament de les vostres dades personals i us informa que aquestes dades seran tractades de conformitat amb el que disposa el Reglament (UE) 2016\/679, de 27 d&#8217;abril (GDPR) , i la Llei [&hellip;]","og_url":"http:\/\/www.colefillesbalears.com\/web\/finestreta\/politica-de-privacitat\/","og_site_name":"COLEF Illes Balears","article_publisher":"https:\/\/www.facebook.com\/colef.illesbalears\/?ref=bookmarks","article_modified_time":"2024-01-28T18:41:04+00:00","twitter_card":"summary_large_image","twitter_site":"@COLEFBalears","twitter_misc":{"Tiempo de lectura":"1 minuto"},"schema":{"@context":"https:\/\/schema.org","@graph":[{"@type":"WebPage","@id":"http:\/\/www.colefillesbalears.com\/web\/finestreta\/politica-de-privacitat\/","url":"http:\/\/www.colefillesbalears.com\/web\/finestreta\/politica-de-privacitat\/","name":"Pol\u00edtica de privacitat - COLEF Illes Balears","isPartOf":{"@id":"http:\/\/www.colefillesbalears.com\/web\/#website"},"datePublished":"2024-01-28T18:37:20+00:00","dateModified":"2024-01-28T18:41:04+00:00","breadcrumb":{"@id":"http:\/\/www.colefillesbalears.com\/web\/finestreta\/politica-de-privacitat\/#breadcrumb"},"inLanguage":"es","potentialAction":[{"@type":"ReadAction","target":["http:\/\/www.colefillesbalears.com\/web\/finestreta\/politica-de-privacitat\/"]}]},{"@type":"BreadcrumbList","@id":"http:\/\/www.colefillesbalears.com\/web\/finestreta\/politica-de-privacitat\/#breadcrumb","itemListElement":[{"@type":"ListItem","position":1,"name":"Portada","item":"http:\/\/www.colefillesbalears.com\/web\/"},{"@type":"ListItem","position":2,"name":"Finestreta","item":"http:\/\/www.colefillesbalears.com\/web\/finestreta\/"},{"@type":"ListItem","position":3,"name":"Pol\u00edtica de privacitat"}]},{"@type":"WebSite","@id":"http:\/\/www.colefillesbalears.com\/web\/#website","url":"http:\/\/www.colefillesbalears.com\/web\/","name":"COLEF Illes Balears","description":"","publisher":{"@id":"http:\/\/www.colefillesbalears.com\/web\/#organization"},"potentialAction":[{"@type":"SearchAction","target":{"@type":"EntryPoint","urlTemplate":"http:\/\/www.colefillesbalears.com\/web\/?s={search_term_string}"},"query-input":"required name=search_term_string"}],"inLanguage":"es"},{"@type":"Organization","@id":"http:\/\/www.colefillesbalears.com\/web\/#organization","name":"Col\u00b7legi Oficial de Llicenciats en Ci\u00e8ncies de l'Activitat F\u00edsica i l'Esport de les Illes Balears","url":"http:\/\/www.colefillesbalears.com\/web\/","sameAs":["https:\/\/www.youtube.com\/channel\/UClDRzEzUh03bePGcdVFw1cQ\/featured","https:\/\/www.facebook.com\/colef.illesbalears\/?ref=bookmarks","https:\/\/twitter.com\/COLEFBalears"],"logo":{"@type":"ImageObject","inLanguage":"es","@id":"http:\/\/www.colefillesbalears.com\/web\/#\/schema\/logo\/image\/","url":"http:\/\/www.colefillesbalears.com\/web\/wp-content\/uploads\/2019\/05\/logo-colef-5.png","contentUrl":"http:\/\/www.colefillesbalears.com\/web\/wp-content\/uploads\/2019\/05\/logo-colef-5.png","width":414,"height":175,"caption":"Col\u00b7legi Oficial de Llicenciats en Ci\u00e8ncies de l'Activitat F\u00edsica i l'Esport de les Illes Balears"},"image":{"@id":"http:\/\/www.colefillesbalears.com\/web\/#\/schema\/logo\/image\/"}}]}},"_links":{"self":[{"href":"http:\/\/www.colefillesbalears.com\/web\/wp-json\/wp\/v2\/pages\/7819"}],"collection":[{"href":"http:\/\/www.colefillesbalears.com\/web\/wp-json\/wp\/v2\/pages"}],"about":[{"href":"http:\/\/www.colefillesbalears.com\/web\/wp-json\/wp\/v2\/types\/page"}],"author":[{"embeddable":true,"href":"http:\/\/www.colefillesbalears.com\/web\/wp-json\/wp\/v2\/users\/4"}],"replies":[{"embeddable":true,"href":"http:\/\/www.colefillesbalears.com\/web\/wp-json\/wp\/v2\/comments?post=7819"}],"version-history":[{"count":1,"href":"http:\/\/www.colefillesbalears.com\/web\/wp-json\/wp\/v2\/pages\/7819\/revisions"}],"predecessor-version":[{"id":7820,"href":"http:\/\/www.colefillesbalears.com\/web\/wp-json\/wp\/v2\/pages\/7819\/revisions\/7820"}],"up":[{"embeddable":true,"href":"http:\/\/www.colefillesbalears.com\/web\/wp-json\/wp\/v2\/pages\/320"}],"wp:attachment":[{"href":"http:\/\/www.colefillesbalears.com\/web\/wp-json\/wp\/v2\/media?parent=7819"}],"curies":[{"name":"wp","href":"https:\/\/api.w.org\/{rel}","templated":true}]}}