{"id":7683,"date":"2023-09-04T16:45:08","date_gmt":"2023-09-04T16:45:08","guid":{"rendered":"http:\/\/www.colefillesbalears.com\/web\/?page_id=7683"},"modified":"2023-09-04T16:45:10","modified_gmt":"2023-09-04T16:45:10","slug":"document-marc-pla-de-promocio-de-lactivitat-fisica-i-prescripcio-dexercici-fisic-de-les-illes-balears","status":"publish","type":"page","link":"http:\/\/www.colefillesbalears.com\/web\/document-marc-pla-de-promocio-de-lactivitat-fisica-i-prescripcio-dexercici-fisic-de-les-illes-balears\/","title":{"rendered":"Document marc Pla de Promoci\u00f3 de l&#8217;Activitat F\u00edsica i Prescripci\u00f3 d&#8217;Exercici F\u00edsic de les Illes Balears"},"content":{"rendered":"<div class=\"wp-block-image\">\n<figure class=\"aligncenter size-full\"><a href=\"https:\/\/drive.google.com\/file\/d\/1IxN1QGx0RKnb6ogIY8bGOBSg7_IaJg9e\/view?usp=drive_link\" target=\"_blank\" rel=\"Document marc noopener\"><img decoding=\"async\" loading=\"lazy\" width=\"501\" height=\"715\" src=\"http:\/\/www.colefillesbalears.com\/web\/wp-content\/uploads\/2023\/09\/image.png\" alt=\"\" class=\"wp-image-7684\" srcset=\"http:\/\/www.colefillesbalears.com\/web\/wp-content\/uploads\/2023\/09\/image.png 501w, http:\/\/www.colefillesbalears.com\/web\/wp-content\/uploads\/2023\/09\/image-768x1096.png 768w\" sizes=\"(max-width: 501px) 100vw, 501px\" \/><\/a><\/figure><\/div>","protected":false},"excerpt":{"rendered":"","protected":false},"author":4,"featured_media":0,"parent":0,"menu_order":0,"comment_status":"closed","ping_status":"closed","template":"","meta":[],"yoast_head":"<!-- This site is optimized with the Yoast SEO plugin v19.6.1 - https:\/\/yoast.com\/wordpress\/plugins\/seo\/ -->\n<title>Document marc Pla de Promoci\u00f3 de l&#039;Activitat F\u00edsica i Prescripci\u00f3 d&#039;Exercici F\u00edsic de les Illes Balears - COLEF Illes Balears<\/title>\n<meta name=\"robots\" content=\"index, follow, max-snippet:-1, max-image-preview:large, max-video-preview:-1\" \/>\n<link rel=\"canonical\" href=\"http:\/\/www.colefillesbalears.com\/web\/document-marc-pla-de-promocio-de-lactivitat-fisica-i-prescripcio-dexercici-fisic-de-les-illes-balears\/\" \/>\n<meta property=\"og:locale\" content=\"es_ES\" \/>\n<meta property=\"og:type\" content=\"article\" \/>\n<meta property=\"og:title\" content=\"Document marc Pla de Promoci\u00f3 de l&#039;Activitat F\u00edsica i Prescripci\u00f3 d&#039;Exercici F\u00edsic de les Illes Balears - COLEF Illes Balears\" \/>\n<meta property=\"og:url\" content=\"http:\/\/www.colefillesbalears.com\/web\/document-marc-pla-de-promocio-de-lactivitat-fisica-i-prescripcio-dexercici-fisic-de-les-illes-balears\/\" \/>\n<meta property=\"og:site_name\" content=\"COLEF Illes Balears\" \/>\n<meta property=\"article:publisher\" content=\"https:\/\/www.facebook.com\/colef.illesbalears\/?ref=bookmarks\" \/>\n<meta property=\"article:modified_time\" content=\"2023-09-04T16:45:10+00:00\" \/>\n<meta property=\"og:image\" content=\"http:\/\/www.colefillesbalears.com\/web\/wp-content\/uploads\/2023\/09\/image.png\" \/>\n<meta name=\"twitter:card\" content=\"summary_large_image\" \/>\n<meta name=\"twitter:site\" content=\"@COLEFBalears\" \/>\n<script type=\"application\/ld+json\" class=\"yoast-schema-graph\">{\"@context\":\"https:\/\/schema.org\",\"@graph\":[{\"@type\":\"WebPage\",\"@id\":\"http:\/\/www.colefillesbalears.com\/web\/document-marc-pla-de-promocio-de-lactivitat-fisica-i-prescripcio-dexercici-fisic-de-les-illes-balears\/\",\"url\":\"http:\/\/www.colefillesbalears.com\/web\/document-marc-pla-de-promocio-de-lactivitat-fisica-i-prescripcio-dexercici-fisic-de-les-illes-balears\/\",\"name\":\"Document marc Pla de Promoci\u00f3 de l'Activitat F\u00edsica i Prescripci\u00f3 d'Exercici F\u00edsic de les Illes Balears - COLEF Illes Balears\",\"isPartOf\":{\"@id\":\"http:\/\/www.colefillesbalears.com\/web\/#website\"},\"datePublished\":\"2023-09-04T16:45:08+00:00\",\"dateModified\":\"2023-09-04T16:45:10+00:00\",\"breadcrumb\":{\"@id\":\"http:\/\/www.colefillesbalears.com\/web\/document-marc-pla-de-promocio-de-lactivitat-fisica-i-prescripcio-dexercici-fisic-de-les-illes-balears\/#breadcrumb\"},\"inLanguage\":\"es\",\"potentialAction\":[{\"@type\":\"ReadAction\",\"target\":[\"http:\/\/www.colefillesbalears.com\/web\/document-marc-pla-de-promocio-de-lactivitat-fisica-i-prescripcio-dexercici-fisic-de-les-illes-balears\/\"]}]},{\"@type\":\"BreadcrumbList\",\"@id\":\"http:\/\/www.colefillesbalears.com\/web\/document-marc-pla-de-promocio-de-lactivitat-fisica-i-prescripcio-dexercici-fisic-de-les-illes-balears\/#breadcrumb\",\"itemListElement\":[{\"@type\":\"ListItem\",\"position\":1,\"name\":\"Portada\",\"item\":\"http:\/\/www.colefillesbalears.com\/web\/\"},{\"@type\":\"ListItem\",\"position\":2,\"name\":\"Document marc Pla de Promoci\u00f3 de l&#8217;Activitat F\u00edsica i Prescripci\u00f3 d&#8217;Exercici F\u00edsic de les Illes Balears\"}]},{\"@type\":\"WebSite\",\"@id\":\"http:\/\/www.colefillesbalears.com\/web\/#website\",\"url\":\"http:\/\/www.colefillesbalears.com\/web\/\",\"name\":\"COLEF Illes Balears\",\"description\":\"\",\"publisher\":{\"@id\":\"http:\/\/www.colefillesbalears.com\/web\/#organization\"},\"potentialAction\":[{\"@type\":\"SearchAction\",\"target\":{\"@type\":\"EntryPoint\",\"urlTemplate\":\"http:\/\/www.colefillesbalears.com\/web\/?s={search_term_string}\"},\"query-input\":\"required name=search_term_string\"}],\"inLanguage\":\"es\"},{\"@type\":\"Organization\",\"@id\":\"http:\/\/www.colefillesbalears.com\/web\/#organization\",\"name\":\"Col\u00b7legi Oficial de Llicenciats en Ci\u00e8ncies de l'Activitat F\u00edsica i l'Esport de les Illes Balears\",\"url\":\"http:\/\/www.colefillesbalears.com\/web\/\",\"sameAs\":[\"https:\/\/www.youtube.com\/channel\/UClDRzEzUh03bePGcdVFw1cQ\/featured\",\"https:\/\/www.facebook.com\/colef.illesbalears\/?ref=bookmarks\",\"https:\/\/twitter.com\/COLEFBalears\"],\"logo\":{\"@type\":\"ImageObject\",\"inLanguage\":\"es\",\"@id\":\"http:\/\/www.colefillesbalears.com\/web\/#\/schema\/logo\/image\/\",\"url\":\"http:\/\/www.colefillesbalears.com\/web\/wp-content\/uploads\/2019\/05\/logo-colef-5.png\",\"contentUrl\":\"http:\/\/www.colefillesbalears.com\/web\/wp-content\/uploads\/2019\/05\/logo-colef-5.png\",\"width\":414,\"height\":175,\"caption\":\"Col\u00b7legi Oficial de Llicenciats en Ci\u00e8ncies de l'Activitat F\u00edsica i l'Esport de les Illes Balears\"},\"image\":{\"@id\":\"http:\/\/www.colefillesbalears.com\/web\/#\/schema\/logo\/image\/\"}}]}<\/script>\n<!-- \/ Yoast SEO plugin. -->","yoast_head_json":{"title":"Document marc Pla de Promoci\u00f3 de l'Activitat F\u00edsica i Prescripci\u00f3 d'Exercici F\u00edsic de les Illes Balears - COLEF Illes Balears","robots":{"index":"index","follow":"follow","max-snippet":"max-snippet:-1","max-image-preview":"max-image-preview:large","max-video-preview":"max-video-preview:-1"},"canonical":"http:\/\/www.colefillesbalears.com\/web\/document-marc-pla-de-promocio-de-lactivitat-fisica-i-prescripcio-dexercici-fisic-de-les-illes-balears\/","og_locale":"es_ES","og_type":"article","og_title":"Document marc Pla de Promoci\u00f3 de l'Activitat F\u00edsica i Prescripci\u00f3 d'Exercici F\u00edsic de les Illes Balears - COLEF Illes Balears","og_url":"http:\/\/www.colefillesbalears.com\/web\/document-marc-pla-de-promocio-de-lactivitat-fisica-i-prescripcio-dexercici-fisic-de-les-illes-balears\/","og_site_name":"COLEF Illes Balears","article_publisher":"https:\/\/www.facebook.com\/colef.illesbalears\/?ref=bookmarks","article_modified_time":"2023-09-04T16:45:10+00:00","og_image":[{"url":"http:\/\/www.colefillesbalears.com\/web\/wp-content\/uploads\/2023\/09\/image.png"}],"twitter_card":"summary_large_image","twitter_site":"@COLEFBalears","schema":{"@context":"https:\/\/schema.org","@graph":[{"@type":"WebPage","@id":"http:\/\/www.colefillesbalears.com\/web\/document-marc-pla-de-promocio-de-lactivitat-fisica-i-prescripcio-dexercici-fisic-de-les-illes-balears\/","url":"http:\/\/www.colefillesbalears.com\/web\/document-marc-pla-de-promocio-de-lactivitat-fisica-i-prescripcio-dexercici-fisic-de-les-illes-balears\/","name":"Document marc Pla de Promoci\u00f3 de l'Activitat F\u00edsica i Prescripci\u00f3 d'Exercici F\u00edsic de les Illes Balears - COLEF Illes Balears","isPartOf":{"@id":"http:\/\/www.colefillesbalears.com\/web\/#website"},"datePublished":"2023-09-04T16:45:08+00:00","dateModified":"2023-09-04T16:45:10+00:00","breadcrumb":{"@id":"http:\/\/www.colefillesbalears.com\/web\/document-marc-pla-de-promocio-de-lactivitat-fisica-i-prescripcio-dexercici-fisic-de-les-illes-balears\/#breadcrumb"},"inLanguage":"es","potentialAction":[{"@type":"ReadAction","target":["http:\/\/www.colefillesbalears.com\/web\/document-marc-pla-de-promocio-de-lactivitat-fisica-i-prescripcio-dexercici-fisic-de-les-illes-balears\/"]}]},{"@type":"BreadcrumbList","@id":"http:\/\/www.colefillesbalears.com\/web\/document-marc-pla-de-promocio-de-lactivitat-fisica-i-prescripcio-dexercici-fisic-de-les-illes-balears\/#breadcrumb","itemListElement":[{"@type":"ListItem","position":1,"name":"Portada","item":"http:\/\/www.colefillesbalears.com\/web\/"},{"@type":"ListItem","position":2,"name":"Document marc Pla de Promoci\u00f3 de l&#8217;Activitat F\u00edsica i Prescripci\u00f3 d&#8217;Exercici F\u00edsic de les Illes Balears"}]},{"@type":"WebSite","@id":"http:\/\/www.colefillesbalears.com\/web\/#website","url":"http:\/\/www.colefillesbalears.com\/web\/","name":"COLEF Illes Balears","description":"","publisher":{"@id":"http:\/\/www.colefillesbalears.com\/web\/#organization"},"potentialAction":[{"@type":"SearchAction","target":{"@type":"EntryPoint","urlTemplate":"http:\/\/www.colefillesbalears.com\/web\/?s={search_term_string}"},"query-input":"required name=search_term_string"}],"inLanguage":"es"},{"@type":"Organization","@id":"http:\/\/www.colefillesbalears.com\/web\/#organization","name":"Col\u00b7legi Oficial de Llicenciats en Ci\u00e8ncies de l'Activitat F\u00edsica i l'Esport de les Illes Balears","url":"http:\/\/www.colefillesbalears.com\/web\/","sameAs":["https:\/\/www.youtube.com\/channel\/UClDRzEzUh03bePGcdVFw1cQ\/featured","https:\/\/www.facebook.com\/colef.illesbalears\/?ref=bookmarks","https:\/\/twitter.com\/COLEFBalears"],"logo":{"@type":"ImageObject","inLanguage":"es","@id":"http:\/\/www.colefillesbalears.com\/web\/#\/schema\/logo\/image\/","url":"http:\/\/www.colefillesbalears.com\/web\/wp-content\/uploads\/2019\/05\/logo-colef-5.png","contentUrl":"http:\/\/www.colefillesbalears.com\/web\/wp-content\/uploads\/2019\/05\/logo-colef-5.png","width":414,"height":175,"caption":"Col\u00b7legi Oficial de Llicenciats en Ci\u00e8ncies de l'Activitat F\u00edsica i l'Esport de les Illes Balears"},"image":{"@id":"http:\/\/www.colefillesbalears.com\/web\/#\/schema\/logo\/image\/"}}]}},"_links":{"self":[{"href":"http:\/\/www.colefillesbalears.com\/web\/wp-json\/wp\/v2\/pages\/7683"}],"collection":[{"href":"http:\/\/www.colefillesbalears.com\/web\/wp-json\/wp\/v2\/pages"}],"about":[{"href":"http:\/\/www.colefillesbalears.com\/web\/wp-json\/wp\/v2\/types\/page"}],"author":[{"embeddable":true,"href":"http:\/\/www.colefillesbalears.com\/web\/wp-json\/wp\/v2\/users\/4"}],"replies":[{"embeddable":true,"href":"http:\/\/www.colefillesbalears.com\/web\/wp-json\/wp\/v2\/comments?post=7683"}],"version-history":[{"count":1,"href":"http:\/\/www.colefillesbalears.com\/web\/wp-json\/wp\/v2\/pages\/7683\/revisions"}],"predecessor-version":[{"id":7685,"href":"http:\/\/www.colefillesbalears.com\/web\/wp-json\/wp\/v2\/pages\/7683\/revisions\/7685"}],"wp:attachment":[{"href":"http:\/\/www.colefillesbalears.com\/web\/wp-json\/wp\/v2\/media?parent=7683"}],"curies":[{"name":"wp","href":"https:\/\/api.w.org\/{rel}","templated":true}]}}