{"id":7137,"date":"2023-01-24T11:00:53","date_gmt":"2023-01-24T11:00:53","guid":{"rendered":"http:\/\/www.colefillesbalears.com\/web\/?page_id=7137"},"modified":"2023-04-27T07:12:59","modified_gmt":"2023-04-27T07:12:59","slug":"defc-2023","status":"publish","type":"page","link":"http:\/\/www.colefillesbalears.com\/web\/area-dusuaris-i-consumidors\/defc-2023\/","title":{"rendered":"DEFC 2023"},"content":{"rendered":"\n<h2 class=\"wp-block-heading has-text-align-center\">DEFC 2023: fomentant la mobilitat activa amb +EF<\/h2>\n\n\n\n<figure class=\"wp-block-image size-full\"><a href=\"https:\/\/www.consejo-colef.es\/defc\"><img decoding=\"async\" loading=\"lazy\" width=\"901\" height=\"1274\" src=\"http:\/\/www.colefillesbalears.com\/web\/wp-content\/uploads\/2023\/01\/DEFC2023-CATALA-Portada_esc.png\" alt=\"\" class=\"wp-image-7151\" srcset=\"http:\/\/www.colefillesbalears.com\/web\/wp-content\/uploads\/2023\/01\/DEFC2023-CATALA-Portada_esc.png 901w, http:\/\/www.colefillesbalears.com\/web\/wp-content\/uploads\/2023\/01\/DEFC2023-CATALA-Portada_esc-768x1085.png 768w\" sizes=\"(max-width: 901px) 100vw, 901px\" \/><\/a><\/figure>\n\n\n\n<h2 class=\"wp-block-heading\">Nota de premsa Consejo COLEF 18\/01\/2023: <a href=\"https:\/\/www.consejo-colef.es\/post\/defc-2023\" target=\"_blank\" rel=\"noreferrer noopener\">El #DEFC2023 se cita el 26 de abril en la calle bajo el lema: Fomentando la movilidad activa con +EF<\/a><\/h2>\n\n\n\n<h2 class=\"wp-block-heading\"><a href=\"https:\/\/forms.gle\/9xLUPbuHjJk6A1PV9\" target=\"_blank\" rel=\"noreferrer noopener\">Formulari d&#8217;inscripcions<\/a><\/h2>\n\n\n\n<h2 class=\"wp-block-heading\"><a href=\"https:\/\/drive.google.com\/file\/d\/1WQTjyurBa8uSqpr6atSfaL1VwZjz-hGa\/view?usp=share_link\" target=\"_blank\" rel=\"noreferrer noopener\">Dossier informatiu<\/a><\/h2>\n\n\n\n<h2 class=\"wp-block-heading\">Documentaci\u00f3 centres adherits: <a href=\"https:\/\/drive.google.com\/drive\/folders\/1-MCk5lAknAYSWKJxzWR0cY5FrgcucZTW?usp=share_link\" target=\"_blank\" rel=\"noreferrer noopener\">castell\u00e0<\/a>___<a href=\"https:\/\/drive.google.com\/drive\/folders\/1t6fOwZjVGBbxHNYzRvHIGdzWHxiBglzS?usp=share_link\" target=\"_blank\" rel=\"noreferrer noopener\">catal\u00e0<\/a><\/h2>\n\n\n\n<h2 class=\"wp-block-heading\"><a href=\"http:\/\/www.colefillesbalears.com\/web\/2023\/03\/14\/suport-de-la-conselleria-deducacio-al-defc2023\/\" target=\"_blank\" rel=\"noreferrer noopener\">Suport de la conselleria d&#8217;Educaci\u00f3 al DEFC 2023<\/a><\/h2>\n\n\n\n<h2 class=\"wp-block-heading\">Nota de premsa: <a href=\"http:\/\/www.colefillesbalears.com\/web\/2023\/04\/27\/defc2023-participacio-de-23-centres-educatius\/\">DEFC2023: participaci\u00f3 de 23 centres educatius<\/a><\/h2>\n","protected":false},"excerpt":{"rendered":"<p>DEFC 2023: fomentant la mobilitat activa amb +EF Nota de premsa Consejo COLEF 18\/01\/2023: El #DEFC2023 se cita el 26 de abril en la calle bajo el lema: Fomentando la movilidad activa con +EF Formulari d&#8217;inscripcions Dossier informatiu Documentaci\u00f3 centres adherits: castell\u00e0___catal\u00e0 Suport de la conselleria d&#8217;Educaci\u00f3 al DEFC 2023 Nota de premsa: DEFC2023: participaci\u00f3 [&hellip;]<\/p>\n","protected":false},"author":4,"featured_media":0,"parent":312,"menu_order":2,"comment_status":"closed","ping_status":"closed","template":"","meta":[],"yoast_head":"<!-- This site is optimized with the Yoast SEO plugin v19.6.1 - https:\/\/yoast.com\/wordpress\/plugins\/seo\/ -->\n<title>DEFC 2023 - COLEF Illes Balears<\/title>\n<meta name=\"robots\" content=\"index, follow, max-snippet:-1, max-image-preview:large, max-video-preview:-1\" \/>\n<link rel=\"canonical\" href=\"http:\/\/www.colefillesbalears.com\/web\/area-dusuaris-i-consumidors\/defc-2023\/\" \/>\n<meta property=\"og:locale\" content=\"es_ES\" \/>\n<meta property=\"og:type\" content=\"article\" \/>\n<meta property=\"og:title\" content=\"DEFC 2023 - COLEF Illes Balears\" \/>\n<meta property=\"og:description\" content=\"DEFC 2023: fomentant la mobilitat activa amb +EF Nota de premsa Consejo COLEF 18\/01\/2023: El #DEFC2023 se cita el 26 de abril en la calle bajo el lema: Fomentando la movilidad activa con +EF Formulari d&#8217;inscripcions Dossier informatiu Documentaci\u00f3 centres adherits: castell\u00e0___catal\u00e0 Suport de la conselleria d&#8217;Educaci\u00f3 al DEFC 2023 Nota de premsa: DEFC2023: participaci\u00f3 [&hellip;]\" \/>\n<meta property=\"og:url\" content=\"http:\/\/www.colefillesbalears.com\/web\/area-dusuaris-i-consumidors\/defc-2023\/\" \/>\n<meta property=\"og:site_name\" content=\"COLEF Illes Balears\" \/>\n<meta property=\"article:publisher\" content=\"https:\/\/www.facebook.com\/colef.illesbalears\/?ref=bookmarks\" \/>\n<meta property=\"article:modified_time\" content=\"2023-04-27T07:12:59+00:00\" \/>\n<meta property=\"og:image\" content=\"http:\/\/www.colefillesbalears.com\/web\/wp-content\/uploads\/2023\/01\/DEFC2023-CATALA-Portada_esc.png\" \/>\n<meta name=\"twitter:card\" content=\"summary_large_image\" \/>\n<meta name=\"twitter:site\" content=\"@COLEFBalears\" \/>\n<meta name=\"twitter:label1\" content=\"Tiempo de lectura\" \/>\n\t<meta name=\"twitter:data1\" content=\"1 minuto\" \/>\n<script type=\"application\/ld+json\" class=\"yoast-schema-graph\">{\"@context\":\"https:\/\/schema.org\",\"@graph\":[{\"@type\":\"WebPage\",\"@id\":\"http:\/\/www.colefillesbalears.com\/web\/area-dusuaris-i-consumidors\/defc-2023\/\",\"url\":\"http:\/\/www.colefillesbalears.com\/web\/area-dusuaris-i-consumidors\/defc-2023\/\",\"name\":\"DEFC 2023 - COLEF Illes Balears\",\"isPartOf\":{\"@id\":\"http:\/\/www.colefillesbalears.com\/web\/#website\"},\"datePublished\":\"2023-01-24T11:00:53+00:00\",\"dateModified\":\"2023-04-27T07:12:59+00:00\",\"breadcrumb\":{\"@id\":\"http:\/\/www.colefillesbalears.com\/web\/area-dusuaris-i-consumidors\/defc-2023\/#breadcrumb\"},\"inLanguage\":\"es\",\"potentialAction\":[{\"@type\":\"ReadAction\",\"target\":[\"http:\/\/www.colefillesbalears.com\/web\/area-dusuaris-i-consumidors\/defc-2023\/\"]}]},{\"@type\":\"BreadcrumbList\",\"@id\":\"http:\/\/www.colefillesbalears.com\/web\/area-dusuaris-i-consumidors\/defc-2023\/#breadcrumb\",\"itemListElement\":[{\"@type\":\"ListItem\",\"position\":1,\"name\":\"Portada\",\"item\":\"http:\/\/www.colefillesbalears.com\/web\/\"},{\"@type\":\"ListItem\",\"position\":2,\"name\":\"\u00c0rea d&#8217;usuaris i consumidors\",\"item\":\"http:\/\/www.colefillesbalears.com\/web\/area-dusuaris-i-consumidors\/\"},{\"@type\":\"ListItem\",\"position\":3,\"name\":\"DEFC 2023\"}]},{\"@type\":\"WebSite\",\"@id\":\"http:\/\/www.colefillesbalears.com\/web\/#website\",\"url\":\"http:\/\/www.colefillesbalears.com\/web\/\",\"name\":\"COLEF Illes Balears\",\"description\":\"\",\"publisher\":{\"@id\":\"http:\/\/www.colefillesbalears.com\/web\/#organization\"},\"potentialAction\":[{\"@type\":\"SearchAction\",\"target\":{\"@type\":\"EntryPoint\",\"urlTemplate\":\"http:\/\/www.colefillesbalears.com\/web\/?s={search_term_string}\"},\"query-input\":\"required name=search_term_string\"}],\"inLanguage\":\"es\"},{\"@type\":\"Organization\",\"@id\":\"http:\/\/www.colefillesbalears.com\/web\/#organization\",\"name\":\"Col\u00b7legi Oficial de Llicenciats en Ci\u00e8ncies de l'Activitat F\u00edsica i l'Esport de les Illes Balears\",\"url\":\"http:\/\/www.colefillesbalears.com\/web\/\",\"sameAs\":[\"https:\/\/www.youtube.com\/channel\/UClDRzEzUh03bePGcdVFw1cQ\/featured\",\"https:\/\/www.facebook.com\/colef.illesbalears\/?ref=bookmarks\",\"https:\/\/twitter.com\/COLEFBalears\"],\"logo\":{\"@type\":\"ImageObject\",\"inLanguage\":\"es\",\"@id\":\"http:\/\/www.colefillesbalears.com\/web\/#\/schema\/logo\/image\/\",\"url\":\"http:\/\/www.colefillesbalears.com\/web\/wp-content\/uploads\/2019\/05\/logo-colef-5.png\",\"contentUrl\":\"http:\/\/www.colefillesbalears.com\/web\/wp-content\/uploads\/2019\/05\/logo-colef-5.png\",\"width\":414,\"height\":175,\"caption\":\"Col\u00b7legi Oficial de Llicenciats en Ci\u00e8ncies de l'Activitat F\u00edsica i l'Esport de les Illes Balears\"},\"image\":{\"@id\":\"http:\/\/www.colefillesbalears.com\/web\/#\/schema\/logo\/image\/\"}}]}<\/script>\n<!-- \/ Yoast SEO plugin. -->","yoast_head_json":{"title":"DEFC 2023 - COLEF Illes Balears","robots":{"index":"index","follow":"follow","max-snippet":"max-snippet:-1","max-image-preview":"max-image-preview:large","max-video-preview":"max-video-preview:-1"},"canonical":"http:\/\/www.colefillesbalears.com\/web\/area-dusuaris-i-consumidors\/defc-2023\/","og_locale":"es_ES","og_type":"article","og_title":"DEFC 2023 - COLEF Illes Balears","og_description":"DEFC 2023: fomentant la mobilitat activa amb +EF Nota de premsa Consejo COLEF 18\/01\/2023: El #DEFC2023 se cita el 26 de abril en la calle bajo el lema: Fomentando la movilidad activa con +EF Formulari d&#8217;inscripcions Dossier informatiu Documentaci\u00f3 centres adherits: castell\u00e0___catal\u00e0 Suport de la conselleria d&#8217;Educaci\u00f3 al DEFC 2023 Nota de premsa: DEFC2023: participaci\u00f3 [&hellip;]","og_url":"http:\/\/www.colefillesbalears.com\/web\/area-dusuaris-i-consumidors\/defc-2023\/","og_site_name":"COLEF Illes Balears","article_publisher":"https:\/\/www.facebook.com\/colef.illesbalears\/?ref=bookmarks","article_modified_time":"2023-04-27T07:12:59+00:00","og_image":[{"url":"http:\/\/www.colefillesbalears.com\/web\/wp-content\/uploads\/2023\/01\/DEFC2023-CATALA-Portada_esc.png"}],"twitter_card":"summary_large_image","twitter_site":"@COLEFBalears","twitter_misc":{"Tiempo de lectura":"1 minuto"},"schema":{"@context":"https:\/\/schema.org","@graph":[{"@type":"WebPage","@id":"http:\/\/www.colefillesbalears.com\/web\/area-dusuaris-i-consumidors\/defc-2023\/","url":"http:\/\/www.colefillesbalears.com\/web\/area-dusuaris-i-consumidors\/defc-2023\/","name":"DEFC 2023 - COLEF Illes Balears","isPartOf":{"@id":"http:\/\/www.colefillesbalears.com\/web\/#website"},"datePublished":"2023-01-24T11:00:53+00:00","dateModified":"2023-04-27T07:12:59+00:00","breadcrumb":{"@id":"http:\/\/www.colefillesbalears.com\/web\/area-dusuaris-i-consumidors\/defc-2023\/#breadcrumb"},"inLanguage":"es","potentialAction":[{"@type":"ReadAction","target":["http:\/\/www.colefillesbalears.com\/web\/area-dusuaris-i-consumidors\/defc-2023\/"]}]},{"@type":"BreadcrumbList","@id":"http:\/\/www.colefillesbalears.com\/web\/area-dusuaris-i-consumidors\/defc-2023\/#breadcrumb","itemListElement":[{"@type":"ListItem","position":1,"name":"Portada","item":"http:\/\/www.colefillesbalears.com\/web\/"},{"@type":"ListItem","position":2,"name":"\u00c0rea d&#8217;usuaris i consumidors","item":"http:\/\/www.colefillesbalears.com\/web\/area-dusuaris-i-consumidors\/"},{"@type":"ListItem","position":3,"name":"DEFC 2023"}]},{"@type":"WebSite","@id":"http:\/\/www.colefillesbalears.com\/web\/#website","url":"http:\/\/www.colefillesbalears.com\/web\/","name":"COLEF Illes Balears","description":"","publisher":{"@id":"http:\/\/www.colefillesbalears.com\/web\/#organization"},"potentialAction":[{"@type":"SearchAction","target":{"@type":"EntryPoint","urlTemplate":"http:\/\/www.colefillesbalears.com\/web\/?s={search_term_string}"},"query-input":"required name=search_term_string"}],"inLanguage":"es"},{"@type":"Organization","@id":"http:\/\/www.colefillesbalears.com\/web\/#organization","name":"Col\u00b7legi Oficial de Llicenciats en Ci\u00e8ncies de l'Activitat F\u00edsica i l'Esport de les Illes Balears","url":"http:\/\/www.colefillesbalears.com\/web\/","sameAs":["https:\/\/www.youtube.com\/channel\/UClDRzEzUh03bePGcdVFw1cQ\/featured","https:\/\/www.facebook.com\/colef.illesbalears\/?ref=bookmarks","https:\/\/twitter.com\/COLEFBalears"],"logo":{"@type":"ImageObject","inLanguage":"es","@id":"http:\/\/www.colefillesbalears.com\/web\/#\/schema\/logo\/image\/","url":"http:\/\/www.colefillesbalears.com\/web\/wp-content\/uploads\/2019\/05\/logo-colef-5.png","contentUrl":"http:\/\/www.colefillesbalears.com\/web\/wp-content\/uploads\/2019\/05\/logo-colef-5.png","width":414,"height":175,"caption":"Col\u00b7legi Oficial de Llicenciats en Ci\u00e8ncies de l'Activitat F\u00edsica i l'Esport de les Illes Balears"},"image":{"@id":"http:\/\/www.colefillesbalears.com\/web\/#\/schema\/logo\/image\/"}}]}},"_links":{"self":[{"href":"http:\/\/www.colefillesbalears.com\/web\/wp-json\/wp\/v2\/pages\/7137"}],"collection":[{"href":"http:\/\/www.colefillesbalears.com\/web\/wp-json\/wp\/v2\/pages"}],"about":[{"href":"http:\/\/www.colefillesbalears.com\/web\/wp-json\/wp\/v2\/types\/page"}],"author":[{"embeddable":true,"href":"http:\/\/www.colefillesbalears.com\/web\/wp-json\/wp\/v2\/users\/4"}],"replies":[{"embeddable":true,"href":"http:\/\/www.colefillesbalears.com\/web\/wp-json\/wp\/v2\/comments?post=7137"}],"version-history":[{"count":10,"href":"http:\/\/www.colefillesbalears.com\/web\/wp-json\/wp\/v2\/pages\/7137\/revisions"}],"predecessor-version":[{"id":7363,"href":"http:\/\/www.colefillesbalears.com\/web\/wp-json\/wp\/v2\/pages\/7137\/revisions\/7363"}],"up":[{"embeddable":true,"href":"http:\/\/www.colefillesbalears.com\/web\/wp-json\/wp\/v2\/pages\/312"}],"wp:attachment":[{"href":"http:\/\/www.colefillesbalears.com\/web\/wp-json\/wp\/v2\/media?parent=7137"}],"curies":[{"name":"wp","href":"https:\/\/api.w.org\/{rel}","templated":true}]}}