{"id":7022,"date":"2025-07-09T07:39:19","date_gmt":"2025-07-09T07:39:19","guid":{"rendered":"http:\/\/www.colefillesbalears.com\/web\/?page_id=7022"},"modified":"2025-07-09T08:26:52","modified_gmt":"2025-07-09T08:26:52","slug":"curs-prescripcio","status":"publish","type":"page","link":"http:\/\/www.colefillesbalears.com\/web\/iniciatives-2\/pla-de-prescipcio-dactivitat-i-exercici-fisic\/curs-prescripcio\/","title":{"rendered":"Curs de prescripci\u00f3 d&#8217;exercici f\u00edsic benefici\u00f3s per a la salut (BALES)"},"content":{"rendered":"\n<h2 class=\"wp-block-heading\">TERCERA EDICI\u00d3 2025<\/h2>\n\n\n<div class=\"wp-block-image\">\n<figure class=\"aligncenter size-full\"><a href=\"http:\/\/www.colefillesbalears.com\/web\/wp-content\/uploads\/2025\/07\/Imatge-Horitzontal.png\"><img decoding=\"async\" loading=\"lazy\" width=\"1600\" height=\"400\" src=\"http:\/\/www.colefillesbalears.com\/web\/wp-content\/uploads\/2025\/07\/Imatge-Horitzontal.png\" alt=\"\" class=\"wp-image-8310\" srcset=\"http:\/\/www.colefillesbalears.com\/web\/wp-content\/uploads\/2025\/07\/Imatge-Horitzontal.png 1600w, http:\/\/www.colefillesbalears.com\/web\/wp-content\/uploads\/2025\/07\/Imatge-Horitzontal-768x192.png 768w\" sizes=\"(max-width: 1600px) 100vw, 1600px\" \/><\/a><\/figure><\/div>\n\n<div class=\"wp-block-image\">\n<figure class=\"aligncenter size-full\"><a href=\"http:\/\/www.colefillesbalears.com\/web\/wp-content\/uploads\/2025\/07\/Cartell-Curs-PAEF-3a-edicio.png\"><img decoding=\"async\" loading=\"lazy\" width=\"1079\" height=\"1921\" src=\"http:\/\/www.colefillesbalears.com\/web\/wp-content\/uploads\/2025\/07\/Cartell-Curs-PAEF-3a-edicio.png\" alt=\"\" class=\"wp-image-8312\" srcset=\"http:\/\/www.colefillesbalears.com\/web\/wp-content\/uploads\/2025\/07\/Cartell-Curs-PAEF-3a-edicio.png 1079w, http:\/\/www.colefillesbalears.com\/web\/wp-content\/uploads\/2025\/07\/Cartell-Curs-PAEF-3a-edicio-768x1367.png 768w\" sizes=\"(max-width: 1079px) 100vw, 1079px\" \/><\/a><\/figure><\/div>\n\n\n<h1 class=\"wp-block-heading\"><a href=\"https:\/\/drive.google.com\/file\/d\/1O7RrJ7fKROG0yGSW0elFNS3EAxKDtNoQ\/view?usp=drive_link\" target=\"_blank\" rel=\"noreferrer noopener\">Dossier curs<\/a><\/h1>\n\n\n\n<h2 class=\"wp-block-heading\"><strong>Plataforma formativa:&nbsp;<a href=\"https:\/\/www.colefibformacio.com\/\">https:\/\/www.colefibformacio.com\/<\/a><\/strong><\/h2>\n\n\n\n<h1 class=\"wp-block-heading\"><a href=\"https:\/\/docs.google.com\/forms\/d\/e\/1FAIpQLSfsMqhGBZ9AdygwmPAfgZoHescsWJTrB8vX9Voqj4MLhVAwEw\/viewform?usp=header\" target=\"_blank\" rel=\"noreferrer noopener\">FORMULARI D&#8217;INSCRIPCI\u00d3 TERCERA EDICI\u00d3 2025<\/a><\/h1>\n\n\n\n<p><\/p>\n\n\n\n<p><\/p>\n\n\n\n<h2 class=\"wp-block-heading has-black-color has-text-color has-large-font-size\">SEGONA EDICI\u00d3 2024 <\/h2>\n\n\n<div class=\"wp-block-image\">\n<figure class=\"aligncenter size-full\"><a href=\"http:\/\/www.colefillesbalears.com\/web\/wp-content\/uploads\/2025\/06\/Curso-BALES-2a-edicio_FINALITZAT-1.png\"><img decoding=\"async\" loading=\"lazy\" width=\"1600\" height=\"400\" src=\"http:\/\/www.colefillesbalears.com\/web\/wp-content\/uploads\/2025\/06\/Curso-BALES-2a-edicio_FINALITZAT-1.png\" alt=\"\" class=\"wp-image-8302\" srcset=\"http:\/\/www.colefillesbalears.com\/web\/wp-content\/uploads\/2025\/06\/Curso-BALES-2a-edicio_FINALITZAT-1.png 1600w, http:\/\/www.colefillesbalears.com\/web\/wp-content\/uploads\/2025\/06\/Curso-BALES-2a-edicio_FINALITZAT-1-768x192.png 768w\" sizes=\"(max-width: 1600px) 100vw, 1600px\" \/><\/a><\/figure><\/div>\n\n<div class=\"wp-block-image\">\n<figure class=\"aligncenter size-medium\"><a href=\"http:\/\/www.colefillesbalears.com\/web\/wp-content\/uploads\/2025\/06\/image-3_FINALITZAT.png\"><img decoding=\"async\" loading=\"lazy\" width=\"300\" height=\"300\" src=\"http:\/\/www.colefillesbalears.com\/web\/wp-content\/uploads\/2025\/06\/image-3_FINALITZAT-300x300.png\" alt=\"\" class=\"wp-image-8303\" srcset=\"http:\/\/www.colefillesbalears.com\/web\/wp-content\/uploads\/2025\/06\/image-3_FINALITZAT-300x300.png 300w, http:\/\/www.colefillesbalears.com\/web\/wp-content\/uploads\/2025\/06\/image-3_FINALITZAT-1024x1024.png 1024w, http:\/\/www.colefillesbalears.com\/web\/wp-content\/uploads\/2025\/06\/image-3_FINALITZAT-150x150.png 150w, http:\/\/www.colefillesbalears.com\/web\/wp-content\/uploads\/2025\/06\/image-3_FINALITZAT-1536x1536.png 1536w, http:\/\/www.colefillesbalears.com\/web\/wp-content\/uploads\/2025\/06\/image-3_FINALITZAT-2048x2048.png 2048w\" sizes=\"(max-width: 300px) 100vw, 300px\" \/><\/a><\/figure><\/div>\n\n\n<h2 class=\"wp-block-heading has-small-font-size\"><\/h2>\n\n\n\n<p class=\"has-large-font-size\"><a href=\"https:\/\/drive.google.com\/file\/d\/1nU8CeDGogtjV4Xf7DB3J5_N3Of7IhqSM\/view?usp=drive_link\" target=\"_blank\" rel=\"noreferrer noopener\">Dossier Curs<\/a><\/p>\n\n\n\n<p class=\"has-large-font-size\"><strong>Plataforma formativa:&nbsp;<a href=\"https:\/\/www.colefibformacio.com\/\">https:\/\/www.colefibformacio.com\/<\/a><\/strong><\/p>\n\n\n\n<p class=\"has-medium-font-size\"><a href=\"https:\/\/docs.google.com\/forms\/d\/e\/1FAIpQLSdOrJaguPPpze6j-dGhe56-RZFFEO3DFhgEVLAs_YRVwMB86Q\/closedform\" target=\"_blank\" rel=\"noreferrer noopener\"><strong>FORMULARI D&#8217;INSCRIPCI\u00d3 SEGONA EDICI\u00d3 CURS DE PRESCRIPCI\u00d3 D\u2019EXERCICI F\u00cdSIC BENEFICI\u00d3S PER A LA SALUT PER A EDUCADORES I EDUCADORS F\u00cdSICS ESPORTIUS (B@LES)<\/strong><\/a><\/p>\n\n\n<div class=\"wp-block-image\">\n<figure class=\"aligncenter size-medium\"><a href=\"http:\/\/www.colefillesbalears.com\/web\/wp-content\/uploads\/2024\/03\/image-4.png\"><img decoding=\"async\" loading=\"lazy\" width=\"300\" height=\"300\" src=\"http:\/\/www.colefillesbalears.com\/web\/wp-content\/uploads\/2024\/03\/image-4-300x300.png\" alt=\"\" class=\"wp-image-7908\" srcset=\"http:\/\/www.colefillesbalears.com\/web\/wp-content\/uploads\/2024\/03\/image-4.png 300w, http:\/\/www.colefillesbalears.com\/web\/wp-content\/uploads\/2024\/03\/image-4-1024x1024.png 1024w, http:\/\/www.colefillesbalears.com\/web\/wp-content\/uploads\/2024\/03\/image-4-150x150.png 150w, http:\/\/www.colefillesbalears.com\/web\/wp-content\/uploads\/2024\/03\/image-4-768x768.png 768w, http:\/\/www.colefillesbalears.com\/web\/wp-content\/uploads\/2024\/03\/image-4-1536x1536.png 1536w, http:\/\/www.colefillesbalears.com\/web\/wp-content\/uploads\/2024\/03\/image-4-2048x2048.png 2048w\" sizes=\"(max-width: 300px) 100vw, 300px\" \/><\/a><\/figure><\/div>\n\n\n<h2 class=\"wp-block-heading\">PRIMERA EDICI\u00d3 2023<\/h2>\n\n\n<div class=\"wp-block-image\">\n<figure class=\"aligncenter size-full is-resized\"><a href=\"http:\/\/www.colefillesbalears.com\/web\/wp-content\/uploads\/2023\/05\/cursbales_finalitzat.jpg\"><img decoding=\"async\" loading=\"lazy\" src=\"http:\/\/www.colefillesbalears.com\/web\/wp-content\/uploads\/2023\/05\/cursbales_finalitzat.jpg\" alt=\"\" class=\"wp-image-7556\" width=\"186\" height=\"328\" srcset=\"http:\/\/www.colefillesbalears.com\/web\/wp-content\/uploads\/2023\/05\/cursbales_finalitzat.jpg 371w, http:\/\/www.colefillesbalears.com\/web\/wp-content\/uploads\/2023\/05\/cursbales_finalitzat-768x1355.jpg 768w\" sizes=\"(max-width: 186px) 100vw, 186px\" \/><\/a><\/figure><\/div>\n\n\n<h2 class=\"wp-block-heading has-small-font-size\"><a href=\"https:\/\/youtu.be\/-4UTVBJBiF4\" target=\"_blank\" rel=\"noreferrer noopener\"><mark style=\"background-color:rgba(0, 0, 0, 0)\" class=\"has-inline-color has-vivid-red-color\">NOVETAT!<\/mark>: webinar informatiu<\/a><\/h2>\n\n\n\n<h2 class=\"wp-block-heading has-small-font-size\">Plataforma formativa:&nbsp;<a href=\"https:\/\/www.colefibformacio.com\/\">https:\/\/www.colefibformacio.com\/<\/a><\/h2>\n\n\n\n<h2 class=\"wp-block-heading has-small-font-size\"><a href=\"https:\/\/drive.google.com\/file\/d\/1YPkxmMlakdkHdqEq68u6dFpl_3hvFX9y\/view?usp=share_link\" target=\"_blank\" rel=\"noreferrer noopener\">Dossier Curs<\/a><\/h2>\n\n\n\n<figure class=\"wp-block-gallery has-nested-images columns-2 is-cropped wp-block-gallery-1 is-layout-flex\"><\/figure>\n","protected":false},"excerpt":{"rendered":"<p>TERCERA EDICI\u00d3 2025 Dossier curs Plataforma formativa:&nbsp;https:\/\/www.colefibformacio.com\/ FORMULARI D&#8217;INSCRIPCI\u00d3 TERCERA EDICI\u00d3 2025 SEGONA EDICI\u00d3 2024 Dossier Curs Plataforma formativa:&nbsp;https:\/\/www.colefibformacio.com\/ FORMULARI D&#8217;INSCRIPCI\u00d3 SEGONA EDICI\u00d3 CURS DE PRESCRIPCI\u00d3 D\u2019EXERCICI F\u00cdSIC BENEFICI\u00d3S PER A LA SALUT PER A EDUCADORES I EDUCADORS F\u00cdSICS ESPORTIUS (B@LES) PRIMERA EDICI\u00d3 2023 NOVETAT!: webinar informatiu Plataforma formativa:&nbsp;https:\/\/www.colefibformacio.com\/ Dossier Curs<\/p>\n","protected":false},"author":4,"featured_media":0,"parent":6973,"menu_order":1,"comment_status":"closed","ping_status":"closed","template":"","meta":[],"yoast_head":"<!-- This site is optimized with the Yoast SEO plugin v19.6.1 - https:\/\/yoast.com\/wordpress\/plugins\/seo\/ -->\n<title>Curs de prescripci\u00f3 d&#039;exercici f\u00edsic benefici\u00f3s per a la salut (BALES) - COLEF Illes Balears<\/title>\n<meta name=\"robots\" content=\"index, follow, max-snippet:-1, max-image-preview:large, max-video-preview:-1\" \/>\n<link rel=\"canonical\" href=\"http:\/\/www.colefillesbalears.com\/web\/iniciatives-2\/pla-de-prescipcio-dactivitat-i-exercici-fisic\/curs-prescripcio\/\" \/>\n<meta property=\"og:locale\" content=\"es_ES\" \/>\n<meta property=\"og:type\" content=\"article\" \/>\n<meta property=\"og:title\" content=\"Curs de prescripci\u00f3 d&#039;exercici f\u00edsic benefici\u00f3s per a la salut (BALES) - COLEF Illes Balears\" \/>\n<meta property=\"og:description\" content=\"TERCERA EDICI\u00d3 2025 Dossier curs Plataforma formativa:&nbsp;https:\/\/www.colefibformacio.com\/ FORMULARI D&#8217;INSCRIPCI\u00d3 TERCERA EDICI\u00d3 2025 SEGONA EDICI\u00d3 2024 Dossier Curs Plataforma formativa:&nbsp;https:\/\/www.colefibformacio.com\/ FORMULARI D&#8217;INSCRIPCI\u00d3 SEGONA EDICI\u00d3 CURS DE PRESCRIPCI\u00d3 D\u2019EXERCICI F\u00cdSIC BENEFICI\u00d3S PER A LA SALUT PER A EDUCADORES I EDUCADORS F\u00cdSICS ESPORTIUS (B@LES) PRIMERA EDICI\u00d3 2023 NOVETAT!: webinar informatiu Plataforma formativa:&nbsp;https:\/\/www.colefibformacio.com\/ Dossier Curs\" \/>\n<meta property=\"og:url\" content=\"http:\/\/www.colefillesbalears.com\/web\/iniciatives-2\/pla-de-prescipcio-dactivitat-i-exercici-fisic\/curs-prescripcio\/\" \/>\n<meta property=\"og:site_name\" content=\"COLEF Illes Balears\" \/>\n<meta property=\"article:publisher\" content=\"https:\/\/www.facebook.com\/colef.illesbalears\/?ref=bookmarks\" \/>\n<meta property=\"article:modified_time\" content=\"2025-07-09T08:26:52+00:00\" \/>\n<meta property=\"og:image\" content=\"http:\/\/www.colefillesbalears.com\/web\/wp-content\/uploads\/2025\/07\/Imatge-Horitzontal.png\" \/>\n<meta name=\"twitter:card\" content=\"summary_large_image\" \/>\n<meta name=\"twitter:site\" content=\"@COLEFBalears\" \/>\n<meta name=\"twitter:label1\" content=\"Tiempo de lectura\" \/>\n\t<meta name=\"twitter:data1\" content=\"4 minutos\" \/>\n<script type=\"application\/ld+json\" class=\"yoast-schema-graph\">{\"@context\":\"https:\/\/schema.org\",\"@graph\":[{\"@type\":\"WebPage\",\"@id\":\"http:\/\/www.colefillesbalears.com\/web\/iniciatives-2\/pla-de-prescipcio-dactivitat-i-exercici-fisic\/curs-prescripcio\/\",\"url\":\"http:\/\/www.colefillesbalears.com\/web\/iniciatives-2\/pla-de-prescipcio-dactivitat-i-exercici-fisic\/curs-prescripcio\/\",\"name\":\"Curs de prescripci\u00f3 d'exercici f\u00edsic benefici\u00f3s per a la salut (BALES) - COLEF Illes Balears\",\"isPartOf\":{\"@id\":\"http:\/\/www.colefillesbalears.com\/web\/#website\"},\"datePublished\":\"2025-07-09T07:39:19+00:00\",\"dateModified\":\"2025-07-09T08:26:52+00:00\",\"breadcrumb\":{\"@id\":\"http:\/\/www.colefillesbalears.com\/web\/iniciatives-2\/pla-de-prescipcio-dactivitat-i-exercici-fisic\/curs-prescripcio\/#breadcrumb\"},\"inLanguage\":\"es\",\"potentialAction\":[{\"@type\":\"ReadAction\",\"target\":[\"http:\/\/www.colefillesbalears.com\/web\/iniciatives-2\/pla-de-prescipcio-dactivitat-i-exercici-fisic\/curs-prescripcio\/\"]}]},{\"@type\":\"BreadcrumbList\",\"@id\":\"http:\/\/www.colefillesbalears.com\/web\/iniciatives-2\/pla-de-prescipcio-dactivitat-i-exercici-fisic\/curs-prescripcio\/#breadcrumb\",\"itemListElement\":[{\"@type\":\"ListItem\",\"position\":1,\"name\":\"Portada\",\"item\":\"http:\/\/www.colefillesbalears.com\/web\/\"},{\"@type\":\"ListItem\",\"position\":2,\"name\":\"Iniciatives\",\"item\":\"http:\/\/www.colefillesbalears.com\/web\/iniciatives-2\/\"},{\"@type\":\"ListItem\",\"position\":3,\"name\":\"Pla de Prescipci\u00f3 d&#8217;Activitat i Exercici F\u00edsic\",\"item\":\"http:\/\/www.colefillesbalears.com\/web\/iniciatives-2\/pla-de-prescipcio-dactivitat-i-exercici-fisic\/\"},{\"@type\":\"ListItem\",\"position\":4,\"name\":\"Curs de prescripci\u00f3 d&#8217;exercici f\u00edsic benefici\u00f3s per a la salut (BALES)\"}]},{\"@type\":\"WebSite\",\"@id\":\"http:\/\/www.colefillesbalears.com\/web\/#website\",\"url\":\"http:\/\/www.colefillesbalears.com\/web\/\",\"name\":\"COLEF Illes Balears\",\"description\":\"\",\"publisher\":{\"@id\":\"http:\/\/www.colefillesbalears.com\/web\/#organization\"},\"potentialAction\":[{\"@type\":\"SearchAction\",\"target\":{\"@type\":\"EntryPoint\",\"urlTemplate\":\"http:\/\/www.colefillesbalears.com\/web\/?s={search_term_string}\"},\"query-input\":\"required name=search_term_string\"}],\"inLanguage\":\"es\"},{\"@type\":\"Organization\",\"@id\":\"http:\/\/www.colefillesbalears.com\/web\/#organization\",\"name\":\"Col\u00b7legi Oficial de Llicenciats en Ci\u00e8ncies de l'Activitat F\u00edsica i l'Esport de les Illes Balears\",\"url\":\"http:\/\/www.colefillesbalears.com\/web\/\",\"sameAs\":[\"https:\/\/www.youtube.com\/channel\/UClDRzEzUh03bePGcdVFw1cQ\/featured\",\"https:\/\/www.facebook.com\/colef.illesbalears\/?ref=bookmarks\",\"https:\/\/twitter.com\/COLEFBalears\"],\"logo\":{\"@type\":\"ImageObject\",\"inLanguage\":\"es\",\"@id\":\"http:\/\/www.colefillesbalears.com\/web\/#\/schema\/logo\/image\/\",\"url\":\"http:\/\/www.colefillesbalears.com\/web\/wp-content\/uploads\/2019\/05\/logo-colef-5.png\",\"contentUrl\":\"http:\/\/www.colefillesbalears.com\/web\/wp-content\/uploads\/2019\/05\/logo-colef-5.png\",\"width\":414,\"height\":175,\"caption\":\"Col\u00b7legi Oficial de Llicenciats en Ci\u00e8ncies de l'Activitat F\u00edsica i l'Esport de les Illes Balears\"},\"image\":{\"@id\":\"http:\/\/www.colefillesbalears.com\/web\/#\/schema\/logo\/image\/\"}}]}<\/script>\n<!-- \/ Yoast SEO plugin. -->","yoast_head_json":{"title":"Curs de prescripci\u00f3 d'exercici f\u00edsic benefici\u00f3s per a la salut (BALES) - COLEF Illes Balears","robots":{"index":"index","follow":"follow","max-snippet":"max-snippet:-1","max-image-preview":"max-image-preview:large","max-video-preview":"max-video-preview:-1"},"canonical":"http:\/\/www.colefillesbalears.com\/web\/iniciatives-2\/pla-de-prescipcio-dactivitat-i-exercici-fisic\/curs-prescripcio\/","og_locale":"es_ES","og_type":"article","og_title":"Curs de prescripci\u00f3 d'exercici f\u00edsic benefici\u00f3s per a la salut (BALES) - COLEF Illes Balears","og_description":"TERCERA EDICI\u00d3 2025 Dossier curs Plataforma formativa:&nbsp;https:\/\/www.colefibformacio.com\/ FORMULARI D&#8217;INSCRIPCI\u00d3 TERCERA EDICI\u00d3 2025 SEGONA EDICI\u00d3 2024 Dossier Curs Plataforma formativa:&nbsp;https:\/\/www.colefibformacio.com\/ FORMULARI D&#8217;INSCRIPCI\u00d3 SEGONA EDICI\u00d3 CURS DE PRESCRIPCI\u00d3 D\u2019EXERCICI F\u00cdSIC BENEFICI\u00d3S PER A LA SALUT PER A EDUCADORES I EDUCADORS F\u00cdSICS ESPORTIUS (B@LES) PRIMERA EDICI\u00d3 2023 NOVETAT!: webinar informatiu Plataforma formativa:&nbsp;https:\/\/www.colefibformacio.com\/ Dossier Curs","og_url":"http:\/\/www.colefillesbalears.com\/web\/iniciatives-2\/pla-de-prescipcio-dactivitat-i-exercici-fisic\/curs-prescripcio\/","og_site_name":"COLEF Illes Balears","article_publisher":"https:\/\/www.facebook.com\/colef.illesbalears\/?ref=bookmarks","article_modified_time":"2025-07-09T08:26:52+00:00","og_image":[{"url":"http:\/\/www.colefillesbalears.com\/web\/wp-content\/uploads\/2025\/07\/Imatge-Horitzontal.png"}],"twitter_card":"summary_large_image","twitter_site":"@COLEFBalears","twitter_misc":{"Tiempo de lectura":"4 minutos"},"schema":{"@context":"https:\/\/schema.org","@graph":[{"@type":"WebPage","@id":"http:\/\/www.colefillesbalears.com\/web\/iniciatives-2\/pla-de-prescipcio-dactivitat-i-exercici-fisic\/curs-prescripcio\/","url":"http:\/\/www.colefillesbalears.com\/web\/iniciatives-2\/pla-de-prescipcio-dactivitat-i-exercici-fisic\/curs-prescripcio\/","name":"Curs de prescripci\u00f3 d'exercici f\u00edsic benefici\u00f3s per a la salut (BALES) - COLEF Illes Balears","isPartOf":{"@id":"http:\/\/www.colefillesbalears.com\/web\/#website"},"datePublished":"2025-07-09T07:39:19+00:00","dateModified":"2025-07-09T08:26:52+00:00","breadcrumb":{"@id":"http:\/\/www.colefillesbalears.com\/web\/iniciatives-2\/pla-de-prescipcio-dactivitat-i-exercici-fisic\/curs-prescripcio\/#breadcrumb"},"inLanguage":"es","potentialAction":[{"@type":"ReadAction","target":["http:\/\/www.colefillesbalears.com\/web\/iniciatives-2\/pla-de-prescipcio-dactivitat-i-exercici-fisic\/curs-prescripcio\/"]}]},{"@type":"BreadcrumbList","@id":"http:\/\/www.colefillesbalears.com\/web\/iniciatives-2\/pla-de-prescipcio-dactivitat-i-exercici-fisic\/curs-prescripcio\/#breadcrumb","itemListElement":[{"@type":"ListItem","position":1,"name":"Portada","item":"http:\/\/www.colefillesbalears.com\/web\/"},{"@type":"ListItem","position":2,"name":"Iniciatives","item":"http:\/\/www.colefillesbalears.com\/web\/iniciatives-2\/"},{"@type":"ListItem","position":3,"name":"Pla de Prescipci\u00f3 d&#8217;Activitat i Exercici F\u00edsic","item":"http:\/\/www.colefillesbalears.com\/web\/iniciatives-2\/pla-de-prescipcio-dactivitat-i-exercici-fisic\/"},{"@type":"ListItem","position":4,"name":"Curs de prescripci\u00f3 d&#8217;exercici f\u00edsic benefici\u00f3s per a la salut (BALES)"}]},{"@type":"WebSite","@id":"http:\/\/www.colefillesbalears.com\/web\/#website","url":"http:\/\/www.colefillesbalears.com\/web\/","name":"COLEF Illes Balears","description":"","publisher":{"@id":"http:\/\/www.colefillesbalears.com\/web\/#organization"},"potentialAction":[{"@type":"SearchAction","target":{"@type":"EntryPoint","urlTemplate":"http:\/\/www.colefillesbalears.com\/web\/?s={search_term_string}"},"query-input":"required name=search_term_string"}],"inLanguage":"es"},{"@type":"Organization","@id":"http:\/\/www.colefillesbalears.com\/web\/#organization","name":"Col\u00b7legi Oficial de Llicenciats en Ci\u00e8ncies de l'Activitat F\u00edsica i l'Esport de les Illes Balears","url":"http:\/\/www.colefillesbalears.com\/web\/","sameAs":["https:\/\/www.youtube.com\/channel\/UClDRzEzUh03bePGcdVFw1cQ\/featured","https:\/\/www.facebook.com\/colef.illesbalears\/?ref=bookmarks","https:\/\/twitter.com\/COLEFBalears"],"logo":{"@type":"ImageObject","inLanguage":"es","@id":"http:\/\/www.colefillesbalears.com\/web\/#\/schema\/logo\/image\/","url":"http:\/\/www.colefillesbalears.com\/web\/wp-content\/uploads\/2019\/05\/logo-colef-5.png","contentUrl":"http:\/\/www.colefillesbalears.com\/web\/wp-content\/uploads\/2019\/05\/logo-colef-5.png","width":414,"height":175,"caption":"Col\u00b7legi Oficial de Llicenciats en Ci\u00e8ncies de l'Activitat F\u00edsica i l'Esport de les Illes Balears"},"image":{"@id":"http:\/\/www.colefillesbalears.com\/web\/#\/schema\/logo\/image\/"}}]}},"_links":{"self":[{"href":"http:\/\/www.colefillesbalears.com\/web\/wp-json\/wp\/v2\/pages\/7022"}],"collection":[{"href":"http:\/\/www.colefillesbalears.com\/web\/wp-json\/wp\/v2\/pages"}],"about":[{"href":"http:\/\/www.colefillesbalears.com\/web\/wp-json\/wp\/v2\/types\/page"}],"author":[{"embeddable":true,"href":"http:\/\/www.colefillesbalears.com\/web\/wp-json\/wp\/v2\/users\/4"}],"replies":[{"embeddable":true,"href":"http:\/\/www.colefillesbalears.com\/web\/wp-json\/wp\/v2\/comments?post=7022"}],"version-history":[{"count":26,"href":"http:\/\/www.colefillesbalears.com\/web\/wp-json\/wp\/v2\/pages\/7022\/revisions"}],"predecessor-version":[{"id":8327,"href":"http:\/\/www.colefillesbalears.com\/web\/wp-json\/wp\/v2\/pages\/7022\/revisions\/8327"}],"up":[{"embeddable":true,"href":"http:\/\/www.colefillesbalears.com\/web\/wp-json\/wp\/v2\/pages\/6973"}],"wp:attachment":[{"href":"http:\/\/www.colefillesbalears.com\/web\/wp-json\/wp\/v2\/media?parent=7022"}],"curies":[{"name":"wp","href":"https:\/\/api.w.org\/{rel}","templated":true}]}}