{"id":6973,"date":"2022-12-09T16:27:40","date_gmt":"2022-12-09T16:27:40","guid":{"rendered":"http:\/\/www.colefillesbalears.com\/web\/?page_id=6973"},"modified":"2025-09-11T09:44:27","modified_gmt":"2025-09-11T09:44:27","slug":"pla-de-prescipcio-dactivitat-i-exercici-fisic","status":"publish","type":"page","link":"http:\/\/www.colefillesbalears.com\/web\/iniciatives-2\/pla-de-prescipcio-dactivitat-i-exercici-fisic\/","title":{"rendered":"Pla de Prescipci\u00f3 d&#8217;Activitat i Exercici F\u00edsic"},"content":{"rendered":"\n<h3 class=\"wp-block-heading\">Des del COLEF actualment s&#8217;esta treballant amb la Direcci\u00f3 general d&#8217;Esports del Govern de les Illes Balears per impulsar la implantaci\u00f3 del Pla de Prescripci\u00f3 d&#8217;Activitat i Exercici F\u00edsic. <\/h3>\n\n\n\n<h3 class=\"wp-block-heading\">Des de les Comunitat aut\u00f2nomes s&#8217;estan organitzant la formaci\u00f3 relacionada amb el Pla i s&#8217;escollir\u00e0 si realitzar-lo amb el Consejo Superior de Deporte (CSD), o amb un altre format. Des del nostre Col\u00b7legi s&#8217;est\u00e0 treballant en la formaci\u00f3 espec\u00edfica, que servir\u00e0 com actualitzaci\u00f3 professional sobre l&#8217;exercici f\u00edsic orientat a la salut, i tamb\u00e9 com a formaci\u00f3 sobre el funcionament de les Unitats Actives d&#8217;Exercici F\u00edsic (UAEF), i que es preveu el primer semestre del 2023.<\/h3>\n\n\n\n<h3 class=\"wp-block-heading\">Les fites a l&#8217;actualitzaci\u00f3 professional estan associades a les accions del Pla de Recuperaci\u00f3, Transformaci\u00f3 i Resiliencia i ser\u00e0 d&#8217;obligatori des del Pla que al menys el 10% d&#8217;educadors i educadores f\u00edsic esportius realitzaran una formaci\u00f3 promogut per les propies Administracions p\u00fabliques. <\/h3>\n\n\n\n<h3 class=\"wp-block-heading\">Les places a la formaci\u00f3 seran limitades i tindr\u00e0n prefer\u00e8ncia d&#8217;acc\u00e9s les persones acreditades com educadores i educadors f\u00edsic esportius (titulaci\u00f3 CAFyD + col\u00b7legiaci\u00f3). <\/h3>\n\n\n\n<h3 class=\"wp-block-heading\">M\u00e9s informaci\u00f3: <a href=\"https:\/\/www.consejo-colef.es\/post\/curso-paef-ed01\" target=\"_blank\" rel=\"noreferrer noopener\">nota de premsa Consejo COLEF<\/a><\/h3>\n\n\n\n<h3 class=\"wp-block-heading\">Informaci\u00f3 ampliada <a href=\"https:\/\/www.boe.es\/diario_boe\/txt.php?id=BOE-A-2022-11933\" target=\"_blank\" rel=\"noreferrer noopener\">Plan de Prescripci\u00f3n de Actividad y Ejercicio F\u00edsico<\/a><\/h3>\n\n\n\n<h2 class=\"wp-block-heading\">11\/09\/2025 <a href=\"http:\/\/www.colefillesbalears.com\/web\/2025\/09\/11\/reunio-dg-esports-i-inici-3a-edicio-curs-bles\/\">Inici 3a edici\u00f3 curs B@LES<\/a><\/h2>\n\n\n\n<h2 class=\"wp-block-heading\">10\/06\/2025 <a href=\"http:\/\/www.colefillesbalears.com\/web\/2025\/06\/10\/presentacio-pla-bles-a-felanitx\/\">Presentaci\u00f3 Pla B@LES a Felanitx<\/a><\/h2>\n\n\n\n<h2 class=\"wp-block-heading\">06\/07\/2023 <a href=\"http:\/\/www.colefillesbalears.com\/web\/2023\/07\/06\/presentacio-pla-bles-al-centres-datencio-primaria-i-ajuntaments-adherits\/\">Presentaci\u00f3 Pla B@les al centres d\u2019atenci\u00f3 prim\u00e0ria i ajuntaments adherits<\/a><\/h2>\n\n\n\n<h2 class=\"wp-block-heading\"><a href=\"https:\/\/open.spotify.com\/episode\/564AHBmpsyWB14A9tUBZa0\" target=\"_blank\" rel=\"noreferrer noopener\">Entrevista \u201cEs Salud Baleares\u201d esRadio97.1<\/a><\/h2>\n\n\n\n<figure class=\"wp-block-image size-medium\"><a href=\"http:\/\/www.colefillesbalears.com\/web\/wp-content\/uploads\/2023\/04\/entrevista.jpg\"><img decoding=\"async\" loading=\"lazy\" width=\"300\" height=\"300\" src=\"http:\/\/www.colefillesbalears.com\/web\/wp-content\/uploads\/2023\/04\/entrevista-300x300.jpg\" alt=\"\" class=\"wp-image-7317\" srcset=\"http:\/\/www.colefillesbalears.com\/web\/wp-content\/uploads\/2023\/04\/entrevista-300x300.jpg 300w, http:\/\/www.colefillesbalears.com\/web\/wp-content\/uploads\/2023\/04\/entrevista-1024x1024.jpg 1024w, http:\/\/www.colefillesbalears.com\/web\/wp-content\/uploads\/2023\/04\/entrevista-150x150.jpg 150w, http:\/\/www.colefillesbalears.com\/web\/wp-content\/uploads\/2023\/04\/entrevista-1536x1536.jpg 1536w, http:\/\/www.colefillesbalears.com\/web\/wp-content\/uploads\/2023\/04\/entrevista-2048x2048.jpg 2048w\" sizes=\"(max-width: 300px) 100vw, 300px\" \/><\/a><\/figure>\n\n\n\n<h4 class=\"wp-block-heading\">Entrevista a Carmina Vera Gaspar, presidenta del COLEF Illes Balears y Beatriz Morena, EFE y creadora y docente del programa B@les en \u201cEs Salud Baleares\u201d esRadio97.1<br>En esta ocasi\u00f3n se habla de Salud ligada a la Educaci\u00f3n F\u00edsica.<br>Deporte por prescripci\u00f3n sanitaria \u2013 apuesta importante entre dos administraciones Conselleria de Salud y Consumo y Conselleria de Afer Social i Esport para generar unos programas espec\u00edficos de ejercicio f\u00edsico y promoci\u00f3n de actividad f\u00edsica derivados del personal sanitario hacia los EFE para mejorar la salud de la ciudadan\u00eda.<br>B@les es un proyecto piloto donde 5 centros de atenci\u00f3n primaria de Baleares derivar\u00e1n pacientes sedentarios y con obesidad a los centros deportivos correspondientes para realizar los programas de ejercicio f\u00edsico llevados a cabo por los EFE..<br>Una apuesta entre equipos multidisciplinares con miras de futuro, donde el objetivo principal es mejorar la salud de la ciudadan\u00eda, y a m\u00e1s a m\u00e1s, trabajar en crear adherencia al EF y AF, generar h\u00e1bitos de vida saludable y ayudar a tomar conciencia de que el EF es b\u00e1sico y esencial para tener una buena calidad de vida.<\/h4>\n\n\n\n<h2 class=\"wp-block-heading\">Entrevista programa 5Dies d&#8217;IB3: <a href=\"https:\/\/youtu.be\/C66NoMr93jc\" rel=\"sponsored nofollow\">https:\/\/youtu.be\/C66NoMr93jc<\/a><\/h2>\n\n\n\n<figure class=\"wp-block-embed is-type-video is-provider-youtube wp-block-embed-youtube wp-embed-aspect-16-9 wp-has-aspect-ratio\"><div class=\"wp-block-embed__wrapper\">\n<iframe loading=\"lazy\" title=\"5Dies_04\/04\/2023\" width=\"500\" height=\"281\" src=\"https:\/\/www.youtube.com\/embed\/C66NoMr93jc?feature=oembed\" frameborder=\"0\" allow=\"accelerometer; autoplay; clipboard-write; encrypted-media; gyroscope; picture-in-picture; web-share\" allowfullscreen><\/iframe>\n<\/div><\/figure>\n","protected":false},"excerpt":{"rendered":"<p>Des del COLEF actualment s&#8217;esta treballant amb la Direcci\u00f3 general d&#8217;Esports del Govern de les Illes Balears per impulsar la implantaci\u00f3 del Pla de Prescripci\u00f3 d&#8217;Activitat i Exercici F\u00edsic. Des de les Comunitat aut\u00f2nomes s&#8217;estan organitzant la formaci\u00f3 relacionada amb el Pla i s&#8217;escollir\u00e0 si realitzar-lo amb el Consejo Superior de Deporte (CSD), o amb [&hellip;]<\/p>\n","protected":false},"author":4,"featured_media":0,"parent":5201,"menu_order":5,"comment_status":"closed","ping_status":"closed","template":"","meta":[],"yoast_head":"<!-- This site is optimized with the Yoast SEO plugin v19.6.1 - https:\/\/yoast.com\/wordpress\/plugins\/seo\/ -->\n<title>Pla de Prescipci\u00f3 d&#039;Activitat i Exercici F\u00edsic - COLEF Illes Balears<\/title>\n<meta name=\"robots\" content=\"index, follow, max-snippet:-1, max-image-preview:large, max-video-preview:-1\" \/>\n<link rel=\"canonical\" href=\"http:\/\/www.colefillesbalears.com\/web\/iniciatives-2\/pla-de-prescipcio-dactivitat-i-exercici-fisic\/\" \/>\n<meta property=\"og:locale\" content=\"es_ES\" \/>\n<meta property=\"og:type\" content=\"article\" \/>\n<meta property=\"og:title\" content=\"Pla de Prescipci\u00f3 d&#039;Activitat i Exercici F\u00edsic - COLEF Illes Balears\" \/>\n<meta property=\"og:description\" content=\"Des del COLEF actualment s&#8217;esta treballant amb la Direcci\u00f3 general d&#8217;Esports del Govern de les Illes Balears per impulsar la implantaci\u00f3 del Pla de Prescripci\u00f3 d&#8217;Activitat i Exercici F\u00edsic. Des de les Comunitat aut\u00f2nomes s&#8217;estan organitzant la formaci\u00f3 relacionada amb el Pla i s&#8217;escollir\u00e0 si realitzar-lo amb el Consejo Superior de Deporte (CSD), o amb [&hellip;]\" \/>\n<meta property=\"og:url\" content=\"http:\/\/www.colefillesbalears.com\/web\/iniciatives-2\/pla-de-prescipcio-dactivitat-i-exercici-fisic\/\" \/>\n<meta property=\"og:site_name\" content=\"COLEF Illes Balears\" \/>\n<meta property=\"article:publisher\" content=\"https:\/\/www.facebook.com\/colef.illesbalears\/?ref=bookmarks\" \/>\n<meta property=\"article:modified_time\" content=\"2025-09-11T09:44:27+00:00\" \/>\n<meta property=\"og:image\" content=\"http:\/\/www.colefillesbalears.com\/web\/wp-content\/uploads\/2023\/04\/entrevista-300x300.jpg\" \/>\n<meta name=\"twitter:card\" content=\"summary_large_image\" \/>\n<meta name=\"twitter:site\" content=\"@COLEFBalears\" \/>\n<meta name=\"twitter:label1\" content=\"Tiempo de lectura\" \/>\n\t<meta name=\"twitter:data1\" content=\"2 minutos\" \/>\n<script type=\"application\/ld+json\" class=\"yoast-schema-graph\">{\"@context\":\"https:\/\/schema.org\",\"@graph\":[{\"@type\":\"WebPage\",\"@id\":\"http:\/\/www.colefillesbalears.com\/web\/iniciatives-2\/pla-de-prescipcio-dactivitat-i-exercici-fisic\/\",\"url\":\"http:\/\/www.colefillesbalears.com\/web\/iniciatives-2\/pla-de-prescipcio-dactivitat-i-exercici-fisic\/\",\"name\":\"Pla de Prescipci\u00f3 d'Activitat i Exercici F\u00edsic - COLEF Illes Balears\",\"isPartOf\":{\"@id\":\"http:\/\/www.colefillesbalears.com\/web\/#website\"},\"datePublished\":\"2022-12-09T16:27:40+00:00\",\"dateModified\":\"2025-09-11T09:44:27+00:00\",\"breadcrumb\":{\"@id\":\"http:\/\/www.colefillesbalears.com\/web\/iniciatives-2\/pla-de-prescipcio-dactivitat-i-exercici-fisic\/#breadcrumb\"},\"inLanguage\":\"es\",\"potentialAction\":[{\"@type\":\"ReadAction\",\"target\":[\"http:\/\/www.colefillesbalears.com\/web\/iniciatives-2\/pla-de-prescipcio-dactivitat-i-exercici-fisic\/\"]}]},{\"@type\":\"BreadcrumbList\",\"@id\":\"http:\/\/www.colefillesbalears.com\/web\/iniciatives-2\/pla-de-prescipcio-dactivitat-i-exercici-fisic\/#breadcrumb\",\"itemListElement\":[{\"@type\":\"ListItem\",\"position\":1,\"name\":\"Portada\",\"item\":\"http:\/\/www.colefillesbalears.com\/web\/\"},{\"@type\":\"ListItem\",\"position\":2,\"name\":\"Iniciatives\",\"item\":\"http:\/\/www.colefillesbalears.com\/web\/iniciatives-2\/\"},{\"@type\":\"ListItem\",\"position\":3,\"name\":\"Pla de Prescipci\u00f3 d&#8217;Activitat i Exercici F\u00edsic\"}]},{\"@type\":\"WebSite\",\"@id\":\"http:\/\/www.colefillesbalears.com\/web\/#website\",\"url\":\"http:\/\/www.colefillesbalears.com\/web\/\",\"name\":\"COLEF Illes Balears\",\"description\":\"\",\"publisher\":{\"@id\":\"http:\/\/www.colefillesbalears.com\/web\/#organization\"},\"potentialAction\":[{\"@type\":\"SearchAction\",\"target\":{\"@type\":\"EntryPoint\",\"urlTemplate\":\"http:\/\/www.colefillesbalears.com\/web\/?s={search_term_string}\"},\"query-input\":\"required name=search_term_string\"}],\"inLanguage\":\"es\"},{\"@type\":\"Organization\",\"@id\":\"http:\/\/www.colefillesbalears.com\/web\/#organization\",\"name\":\"Col\u00b7legi Oficial de Llicenciats en Ci\u00e8ncies de l'Activitat F\u00edsica i l'Esport de les Illes Balears\",\"url\":\"http:\/\/www.colefillesbalears.com\/web\/\",\"sameAs\":[\"https:\/\/www.youtube.com\/channel\/UClDRzEzUh03bePGcdVFw1cQ\/featured\",\"https:\/\/www.facebook.com\/colef.illesbalears\/?ref=bookmarks\",\"https:\/\/twitter.com\/COLEFBalears\"],\"logo\":{\"@type\":\"ImageObject\",\"inLanguage\":\"es\",\"@id\":\"http:\/\/www.colefillesbalears.com\/web\/#\/schema\/logo\/image\/\",\"url\":\"http:\/\/www.colefillesbalears.com\/web\/wp-content\/uploads\/2019\/05\/logo-colef-5.png\",\"contentUrl\":\"http:\/\/www.colefillesbalears.com\/web\/wp-content\/uploads\/2019\/05\/logo-colef-5.png\",\"width\":414,\"height\":175,\"caption\":\"Col\u00b7legi Oficial de Llicenciats en Ci\u00e8ncies de l'Activitat F\u00edsica i l'Esport de les Illes Balears\"},\"image\":{\"@id\":\"http:\/\/www.colefillesbalears.com\/web\/#\/schema\/logo\/image\/\"}}]}<\/script>\n<!-- \/ Yoast SEO plugin. -->","yoast_head_json":{"title":"Pla de Prescipci\u00f3 d'Activitat i Exercici F\u00edsic - COLEF Illes Balears","robots":{"index":"index","follow":"follow","max-snippet":"max-snippet:-1","max-image-preview":"max-image-preview:large","max-video-preview":"max-video-preview:-1"},"canonical":"http:\/\/www.colefillesbalears.com\/web\/iniciatives-2\/pla-de-prescipcio-dactivitat-i-exercici-fisic\/","og_locale":"es_ES","og_type":"article","og_title":"Pla de Prescipci\u00f3 d'Activitat i Exercici F\u00edsic - COLEF Illes Balears","og_description":"Des del COLEF actualment s&#8217;esta treballant amb la Direcci\u00f3 general d&#8217;Esports del Govern de les Illes Balears per impulsar la implantaci\u00f3 del Pla de Prescripci\u00f3 d&#8217;Activitat i Exercici F\u00edsic. Des de les Comunitat aut\u00f2nomes s&#8217;estan organitzant la formaci\u00f3 relacionada amb el Pla i s&#8217;escollir\u00e0 si realitzar-lo amb el Consejo Superior de Deporte (CSD), o amb [&hellip;]","og_url":"http:\/\/www.colefillesbalears.com\/web\/iniciatives-2\/pla-de-prescipcio-dactivitat-i-exercici-fisic\/","og_site_name":"COLEF Illes Balears","article_publisher":"https:\/\/www.facebook.com\/colef.illesbalears\/?ref=bookmarks","article_modified_time":"2025-09-11T09:44:27+00:00","og_image":[{"url":"http:\/\/www.colefillesbalears.com\/web\/wp-content\/uploads\/2023\/04\/entrevista-300x300.jpg"}],"twitter_card":"summary_large_image","twitter_site":"@COLEFBalears","twitter_misc":{"Tiempo de lectura":"2 minutos"},"schema":{"@context":"https:\/\/schema.org","@graph":[{"@type":"WebPage","@id":"http:\/\/www.colefillesbalears.com\/web\/iniciatives-2\/pla-de-prescipcio-dactivitat-i-exercici-fisic\/","url":"http:\/\/www.colefillesbalears.com\/web\/iniciatives-2\/pla-de-prescipcio-dactivitat-i-exercici-fisic\/","name":"Pla de Prescipci\u00f3 d'Activitat i Exercici F\u00edsic - COLEF Illes Balears","isPartOf":{"@id":"http:\/\/www.colefillesbalears.com\/web\/#website"},"datePublished":"2022-12-09T16:27:40+00:00","dateModified":"2025-09-11T09:44:27+00:00","breadcrumb":{"@id":"http:\/\/www.colefillesbalears.com\/web\/iniciatives-2\/pla-de-prescipcio-dactivitat-i-exercici-fisic\/#breadcrumb"},"inLanguage":"es","potentialAction":[{"@type":"ReadAction","target":["http:\/\/www.colefillesbalears.com\/web\/iniciatives-2\/pla-de-prescipcio-dactivitat-i-exercici-fisic\/"]}]},{"@type":"BreadcrumbList","@id":"http:\/\/www.colefillesbalears.com\/web\/iniciatives-2\/pla-de-prescipcio-dactivitat-i-exercici-fisic\/#breadcrumb","itemListElement":[{"@type":"ListItem","position":1,"name":"Portada","item":"http:\/\/www.colefillesbalears.com\/web\/"},{"@type":"ListItem","position":2,"name":"Iniciatives","item":"http:\/\/www.colefillesbalears.com\/web\/iniciatives-2\/"},{"@type":"ListItem","position":3,"name":"Pla de Prescipci\u00f3 d&#8217;Activitat i Exercici F\u00edsic"}]},{"@type":"WebSite","@id":"http:\/\/www.colefillesbalears.com\/web\/#website","url":"http:\/\/www.colefillesbalears.com\/web\/","name":"COLEF Illes Balears","description":"","publisher":{"@id":"http:\/\/www.colefillesbalears.com\/web\/#organization"},"potentialAction":[{"@type":"SearchAction","target":{"@type":"EntryPoint","urlTemplate":"http:\/\/www.colefillesbalears.com\/web\/?s={search_term_string}"},"query-input":"required name=search_term_string"}],"inLanguage":"es"},{"@type":"Organization","@id":"http:\/\/www.colefillesbalears.com\/web\/#organization","name":"Col\u00b7legi Oficial de Llicenciats en Ci\u00e8ncies de l'Activitat F\u00edsica i l'Esport de les Illes Balears","url":"http:\/\/www.colefillesbalears.com\/web\/","sameAs":["https:\/\/www.youtube.com\/channel\/UClDRzEzUh03bePGcdVFw1cQ\/featured","https:\/\/www.facebook.com\/colef.illesbalears\/?ref=bookmarks","https:\/\/twitter.com\/COLEFBalears"],"logo":{"@type":"ImageObject","inLanguage":"es","@id":"http:\/\/www.colefillesbalears.com\/web\/#\/schema\/logo\/image\/","url":"http:\/\/www.colefillesbalears.com\/web\/wp-content\/uploads\/2019\/05\/logo-colef-5.png","contentUrl":"http:\/\/www.colefillesbalears.com\/web\/wp-content\/uploads\/2019\/05\/logo-colef-5.png","width":414,"height":175,"caption":"Col\u00b7legi Oficial de Llicenciats en Ci\u00e8ncies de l'Activitat F\u00edsica i l'Esport de les Illes Balears"},"image":{"@id":"http:\/\/www.colefillesbalears.com\/web\/#\/schema\/logo\/image\/"}}]}},"_links":{"self":[{"href":"http:\/\/www.colefillesbalears.com\/web\/wp-json\/wp\/v2\/pages\/6973"}],"collection":[{"href":"http:\/\/www.colefillesbalears.com\/web\/wp-json\/wp\/v2\/pages"}],"about":[{"href":"http:\/\/www.colefillesbalears.com\/web\/wp-json\/wp\/v2\/types\/page"}],"author":[{"embeddable":true,"href":"http:\/\/www.colefillesbalears.com\/web\/wp-json\/wp\/v2\/users\/4"}],"replies":[{"embeddable":true,"href":"http:\/\/www.colefillesbalears.com\/web\/wp-json\/wp\/v2\/comments?post=6973"}],"version-history":[{"count":15,"href":"http:\/\/www.colefillesbalears.com\/web\/wp-json\/wp\/v2\/pages\/6973\/revisions"}],"predecessor-version":[{"id":8374,"href":"http:\/\/www.colefillesbalears.com\/web\/wp-json\/wp\/v2\/pages\/6973\/revisions\/8374"}],"up":[{"embeddable":true,"href":"http:\/\/www.colefillesbalears.com\/web\/wp-json\/wp\/v2\/pages\/5201"}],"wp:attachment":[{"href":"http:\/\/www.colefillesbalears.com\/web\/wp-json\/wp\/v2\/media?parent=6973"}],"curies":[{"name":"wp","href":"https:\/\/api.w.org\/{rel}","templated":true}]}}