{"id":6461,"date":"2022-02-04T09:12:11","date_gmt":"2022-02-04T09:12:11","guid":{"rendered":"http:\/\/www.colefillesbalears.com\/web\/?page_id=6461"},"modified":"2022-04-27T11:21:29","modified_gmt":"2022-04-27T11:21:29","slug":"defc-2022-ods","status":"publish","type":"page","link":"http:\/\/www.colefillesbalears.com\/web\/area-dusuaris-i-consumidors\/defc-2022-ods\/","title":{"rendered":"DEFC 2022 + ODS"},"content":{"rendered":"\n<figure class=\"wp-block-image size-full\"><img decoding=\"async\" loading=\"lazy\" width=\"1250\" height=\"704\" src=\"http:\/\/www.colefillesbalears.com\/web\/wp-content\/uploads\/2022\/02\/DEFC2022-Catal\u00e1n-1_correcte-reduit.png\" alt=\"\" class=\"wp-image-6499\" srcset=\"http:\/\/www.colefillesbalears.com\/web\/wp-content\/uploads\/2022\/02\/DEFC2022-Catal\u00e1n-1_correcte-reduit.png 1250w, http:\/\/www.colefillesbalears.com\/web\/wp-content\/uploads\/2022\/02\/DEFC2022-Catal\u00e1n-1_correcte-reduit-768x432.png 768w\" sizes=\"(max-width: 1250px) 100vw, 1250px\" \/><\/figure>\n\n\n\n<h3 class=\"wp-block-heading\">Nota de premsa Consejo COLEF 04\/02\/2022 : <a aria-label=\"undefined (abre en una nueva pesta\u00f1a)\" href=\"https:\/\/www.consejo-colef.es\/post\/defc-ods\" target=\"_blank\" rel=\"noreferrer noopener\">El DEFC se proyecta hacia el futuro con un firme compromiso con los ODS<\/a><\/h3>\n\n\n\n<h3 class=\"wp-block-heading\"><a href=\"https:\/\/drive.google.com\/file\/d\/1pgLiWophWO4N-6EbDMSkza7uprfg6f-X\/view?usp=sharing\" target=\"_blank\" aria-label=\"undefined (abre en una nueva pesta\u00f1a)\" rel=\"noreferrer noopener\">Projecte DEFC + ODS<\/a><\/h3>\n\n\n\n<h3 class=\"wp-block-heading\"><a aria-label=\"undefined (abre en una nueva pesta\u00f1a)\" href=\"https:\/\/form.123formbuilder.com\/2146444\" target=\"_blank\" rel=\"noreferrer noopener\">Inscripcions 2022<\/a><\/h3>\n\n\n\n<h3 class=\"wp-block-heading\"><a href=\"https:\/\/drive.google.com\/drive\/folders\/1CaYxqAIle8f0m6SKuT_DMJmxVU24YPr-?usp=sharing\" target=\"_blank\" aria-label=\"undefined (abre en una nueva pesta\u00f1a)\" rel=\"noreferrer noopener\">Documentaci\u00f3<\/a><\/h3>\n\n\n\n<h3 class=\"wp-block-heading\"><a aria-label=\"undefined (abre en una nueva pesta\u00f1a)\" href=\"https:\/\/docs.google.com\/forms\/d\/e\/1FAIpQLScm70FfgvCRaHePOW_GdAYfO_oE3-S4P1bU2XC-TEYZ4SStmQ\/viewform\" target=\"_blank\" rel=\"noreferrer noopener\">Recull creaci\u00f3 de material alternatiu<\/a><\/h3>\n\n\n\n<h3 class=\"wp-block-heading\"><a aria-label=\"undefined (abre en una nueva pesta\u00f1a)\" href=\"http:\/\/www.colefillesbalears.com\/web\/2022\/02\/25\/presentacio-del-defc-2022-amb-el-conseller-deducacio-i-formacio-professional-el-sr-marti-march\/\" target=\"_blank\" rel=\"noreferrer noopener\">Presentaci\u00f3 del DEFC 2022 amb el conseller d\u2019Educaci\u00f3 i Formaci\u00f3 Professional, el Sr. Mart\u00ed March<\/a>. <a aria-label=\"undefined (abre en una nueva pesta\u00f1a)\" href=\"https:\/\/www.caib.es\/govern\/sac\/fitxa.do?codi=5120691&amp;coduo=7&amp;lang=ca\" target=\"_blank\" rel=\"noreferrer noopener\">Nota de premsa Consellera d&#8217;Educaci\u00f3 i Formaci\u00f3 professional<\/a><\/h3>\n\n\n\n<h3 class=\"wp-block-heading\">26\/04\/2022 <a aria-label=\"undefined (abre en una nueva pesta\u00f1a)\" href=\"https:\/\/drive.google.com\/file\/d\/1x0fPD554xXL0oTew23QnrLY4BIFpwQd3\/view?usp=sharing\" target=\"_blank\" rel=\"noreferrer noopener\">Nota de premsa<\/a> i <a aria-label=\"undefined (abre en una nueva pesta\u00f1a)\" href=\"https:\/\/drive.google.com\/file\/d\/1Ry3hLOArQjTL4z1E3bnMEuO8vOH07WnK\/view?usp=sharing\" target=\"_blank\" rel=\"noreferrer noopener\">llistat centres inscrits<\/a><\/h3>\n\n\n\n<h3 class=\"wp-block-heading\">27\/04\/2022: <a aria-label=\"undefined (abre en una nueva pesta\u00f1a)\" href=\"https:\/\/drive.google.com\/file\/d\/18QD7cX-jRZuTXT5lnwkPQ-lsM9n_F8N-\/view?usp=sharing\" target=\"_blank\" rel=\"noreferrer noopener\">Nota de premsa<\/a> i <a href=\"https:\/\/drive.google.com\/drive\/folders\/19f1GQDTg_ahNJIYL7OUNDBbTl5YoGNnu?usp=sharing\" target=\"_blank\" aria-label=\"undefined (abre en una nueva pesta\u00f1a)\" rel=\"noreferrer noopener\">fotos<\/a><\/h3>\n\n\n\n<figure class=\"wp-block-image size-full\"><img decoding=\"async\" loading=\"lazy\" width=\"601\" height=\"849\" src=\"http:\/\/www.colefillesbalears.com\/web\/wp-content\/uploads\/2022\/02\/DEFC2022-Catal\u00e1n-4_correcte-reduit.png\" alt=\"\" class=\"wp-image-6500\" srcset=\"http:\/\/www.colefillesbalears.com\/web\/wp-content\/uploads\/2022\/02\/DEFC2022-Catal\u00e1n-4_correcte-reduit.png 601w, http:\/\/www.colefillesbalears.com\/web\/wp-content\/uploads\/2022\/02\/DEFC2022-Catal\u00e1n-4_correcte-reduit-768x1084.png 768w\" sizes=\"(max-width: 601px) 100vw, 601px\" \/><\/figure>\n","protected":false},"excerpt":{"rendered":"<p>Nota de premsa Consejo COLEF 04\/02\/2022 : El DEFC se proyecta hacia el futuro con un firme compromiso con los ODS Projecte DEFC + ODS Inscripcions 2022 Documentaci\u00f3 Recull creaci\u00f3 de material alternatiu Presentaci\u00f3 del DEFC 2022 amb el conseller d\u2019Educaci\u00f3 i Formaci\u00f3 Professional, el Sr. Mart\u00ed March. Nota de premsa Consellera d&#8217;Educaci\u00f3 i Formaci\u00f3 [&hellip;]<\/p>\n","protected":false},"author":4,"featured_media":0,"parent":312,"menu_order":2,"comment_status":"closed","ping_status":"closed","template":"","meta":[],"yoast_head":"<!-- This site is optimized with the Yoast SEO plugin v19.6.1 - https:\/\/yoast.com\/wordpress\/plugins\/seo\/ -->\n<title>DEFC 2022 + ODS - COLEF Illes Balears<\/title>\n<meta name=\"robots\" content=\"index, follow, max-snippet:-1, max-image-preview:large, max-video-preview:-1\" \/>\n<link rel=\"canonical\" href=\"https:\/\/www.colefillesbalears.com\/web\/area-dusuaris-i-consumidors\/defc-2022-ods\/\" \/>\n<meta property=\"og:locale\" content=\"es_ES\" \/>\n<meta property=\"og:type\" content=\"article\" \/>\n<meta property=\"og:title\" content=\"DEFC 2022 + ODS - COLEF Illes Balears\" \/>\n<meta property=\"og:description\" content=\"Nota de premsa Consejo COLEF 04\/02\/2022 : El DEFC se proyecta hacia el futuro con un firme compromiso con los ODS Projecte DEFC + ODS Inscripcions 2022 Documentaci\u00f3 Recull creaci\u00f3 de material alternatiu Presentaci\u00f3 del DEFC 2022 amb el conseller d\u2019Educaci\u00f3 i Formaci\u00f3 Professional, el Sr. Mart\u00ed March. Nota de premsa Consellera d&#8217;Educaci\u00f3 i Formaci\u00f3 [&hellip;]\" \/>\n<meta property=\"og:url\" content=\"https:\/\/www.colefillesbalears.com\/web\/area-dusuaris-i-consumidors\/defc-2022-ods\/\" \/>\n<meta property=\"og:site_name\" content=\"COLEF Illes Balears\" \/>\n<meta property=\"article:publisher\" content=\"https:\/\/www.facebook.com\/colef.illesbalears\/?ref=bookmarks\" \/>\n<meta property=\"article:modified_time\" content=\"2022-04-27T11:21:29+00:00\" \/>\n<meta name=\"twitter:card\" content=\"summary_large_image\" \/>\n<meta name=\"twitter:site\" content=\"@COLEFBalears\" \/>\n<script type=\"application\/ld+json\" class=\"yoast-schema-graph\">{\"@context\":\"https:\/\/schema.org\",\"@graph\":[{\"@type\":\"WebPage\",\"@id\":\"https:\/\/www.colefillesbalears.com\/web\/area-dusuaris-i-consumidors\/defc-2022-ods\/\",\"url\":\"https:\/\/www.colefillesbalears.com\/web\/area-dusuaris-i-consumidors\/defc-2022-ods\/\",\"name\":\"DEFC 2022 + ODS - COLEF Illes Balears\",\"isPartOf\":{\"@id\":\"http:\/\/www.colefillesbalears.com\/web\/#website\"},\"datePublished\":\"2022-02-04T09:12:11+00:00\",\"dateModified\":\"2022-04-27T11:21:29+00:00\",\"breadcrumb\":{\"@id\":\"https:\/\/www.colefillesbalears.com\/web\/area-dusuaris-i-consumidors\/defc-2022-ods\/#breadcrumb\"},\"inLanguage\":\"es\",\"potentialAction\":[{\"@type\":\"ReadAction\",\"target\":[\"https:\/\/www.colefillesbalears.com\/web\/area-dusuaris-i-consumidors\/defc-2022-ods\/\"]}]},{\"@type\":\"BreadcrumbList\",\"@id\":\"https:\/\/www.colefillesbalears.com\/web\/area-dusuaris-i-consumidors\/defc-2022-ods\/#breadcrumb\",\"itemListElement\":[{\"@type\":\"ListItem\",\"position\":1,\"name\":\"Portada\",\"item\":\"http:\/\/www.colefillesbalears.com\/web\/\"},{\"@type\":\"ListItem\",\"position\":2,\"name\":\"\u00c0rea d&#8217;usuaris i consumidors\",\"item\":\"http:\/\/www.colefillesbalears.com\/web\/area-dusuaris-i-consumidors\/\"},{\"@type\":\"ListItem\",\"position\":3,\"name\":\"DEFC 2022 + ODS\"}]},{\"@type\":\"WebSite\",\"@id\":\"http:\/\/www.colefillesbalears.com\/web\/#website\",\"url\":\"http:\/\/www.colefillesbalears.com\/web\/\",\"name\":\"COLEF Illes Balears\",\"description\":\"\",\"publisher\":{\"@id\":\"http:\/\/www.colefillesbalears.com\/web\/#organization\"},\"potentialAction\":[{\"@type\":\"SearchAction\",\"target\":{\"@type\":\"EntryPoint\",\"urlTemplate\":\"http:\/\/www.colefillesbalears.com\/web\/?s={search_term_string}\"},\"query-input\":\"required name=search_term_string\"}],\"inLanguage\":\"es\"},{\"@type\":\"Organization\",\"@id\":\"http:\/\/www.colefillesbalears.com\/web\/#organization\",\"name\":\"Col\u00b7legi Oficial de Llicenciats en Ci\u00e8ncies de l'Activitat F\u00edsica i l'Esport de les Illes Balears\",\"url\":\"http:\/\/www.colefillesbalears.com\/web\/\",\"sameAs\":[\"https:\/\/www.youtube.com\/channel\/UClDRzEzUh03bePGcdVFw1cQ\/featured\",\"https:\/\/www.facebook.com\/colef.illesbalears\/?ref=bookmarks\",\"https:\/\/twitter.com\/COLEFBalears\"],\"logo\":{\"@type\":\"ImageObject\",\"inLanguage\":\"es\",\"@id\":\"http:\/\/www.colefillesbalears.com\/web\/#\/schema\/logo\/image\/\",\"url\":\"http:\/\/www.colefillesbalears.com\/web\/wp-content\/uploads\/2019\/05\/logo-colef-5.png\",\"contentUrl\":\"http:\/\/www.colefillesbalears.com\/web\/wp-content\/uploads\/2019\/05\/logo-colef-5.png\",\"width\":414,\"height\":175,\"caption\":\"Col\u00b7legi Oficial de Llicenciats en Ci\u00e8ncies de l'Activitat F\u00edsica i l'Esport de les Illes Balears\"},\"image\":{\"@id\":\"http:\/\/www.colefillesbalears.com\/web\/#\/schema\/logo\/image\/\"}}]}<\/script>\n<!-- \/ Yoast SEO plugin. -->","yoast_head_json":{"title":"DEFC 2022 + ODS - COLEF Illes Balears","robots":{"index":"index","follow":"follow","max-snippet":"max-snippet:-1","max-image-preview":"max-image-preview:large","max-video-preview":"max-video-preview:-1"},"canonical":"https:\/\/www.colefillesbalears.com\/web\/area-dusuaris-i-consumidors\/defc-2022-ods\/","og_locale":"es_ES","og_type":"article","og_title":"DEFC 2022 + ODS - COLEF Illes Balears","og_description":"Nota de premsa Consejo COLEF 04\/02\/2022 : El DEFC se proyecta hacia el futuro con un firme compromiso con los ODS Projecte DEFC + ODS Inscripcions 2022 Documentaci\u00f3 Recull creaci\u00f3 de material alternatiu Presentaci\u00f3 del DEFC 2022 amb el conseller d\u2019Educaci\u00f3 i Formaci\u00f3 Professional, el Sr. Mart\u00ed March. Nota de premsa Consellera d&#8217;Educaci\u00f3 i Formaci\u00f3 [&hellip;]","og_url":"https:\/\/www.colefillesbalears.com\/web\/area-dusuaris-i-consumidors\/defc-2022-ods\/","og_site_name":"COLEF Illes Balears","article_publisher":"https:\/\/www.facebook.com\/colef.illesbalears\/?ref=bookmarks","article_modified_time":"2022-04-27T11:21:29+00:00","twitter_card":"summary_large_image","twitter_site":"@COLEFBalears","schema":{"@context":"https:\/\/schema.org","@graph":[{"@type":"WebPage","@id":"https:\/\/www.colefillesbalears.com\/web\/area-dusuaris-i-consumidors\/defc-2022-ods\/","url":"https:\/\/www.colefillesbalears.com\/web\/area-dusuaris-i-consumidors\/defc-2022-ods\/","name":"DEFC 2022 + ODS - COLEF Illes Balears","isPartOf":{"@id":"http:\/\/www.colefillesbalears.com\/web\/#website"},"datePublished":"2022-02-04T09:12:11+00:00","dateModified":"2022-04-27T11:21:29+00:00","breadcrumb":{"@id":"https:\/\/www.colefillesbalears.com\/web\/area-dusuaris-i-consumidors\/defc-2022-ods\/#breadcrumb"},"inLanguage":"es","potentialAction":[{"@type":"ReadAction","target":["https:\/\/www.colefillesbalears.com\/web\/area-dusuaris-i-consumidors\/defc-2022-ods\/"]}]},{"@type":"BreadcrumbList","@id":"https:\/\/www.colefillesbalears.com\/web\/area-dusuaris-i-consumidors\/defc-2022-ods\/#breadcrumb","itemListElement":[{"@type":"ListItem","position":1,"name":"Portada","item":"http:\/\/www.colefillesbalears.com\/web\/"},{"@type":"ListItem","position":2,"name":"\u00c0rea d&#8217;usuaris i consumidors","item":"http:\/\/www.colefillesbalears.com\/web\/area-dusuaris-i-consumidors\/"},{"@type":"ListItem","position":3,"name":"DEFC 2022 + ODS"}]},{"@type":"WebSite","@id":"http:\/\/www.colefillesbalears.com\/web\/#website","url":"http:\/\/www.colefillesbalears.com\/web\/","name":"COLEF Illes Balears","description":"","publisher":{"@id":"http:\/\/www.colefillesbalears.com\/web\/#organization"},"potentialAction":[{"@type":"SearchAction","target":{"@type":"EntryPoint","urlTemplate":"http:\/\/www.colefillesbalears.com\/web\/?s={search_term_string}"},"query-input":"required name=search_term_string"}],"inLanguage":"es"},{"@type":"Organization","@id":"http:\/\/www.colefillesbalears.com\/web\/#organization","name":"Col\u00b7legi Oficial de Llicenciats en Ci\u00e8ncies de l'Activitat F\u00edsica i l'Esport de les Illes Balears","url":"http:\/\/www.colefillesbalears.com\/web\/","sameAs":["https:\/\/www.youtube.com\/channel\/UClDRzEzUh03bePGcdVFw1cQ\/featured","https:\/\/www.facebook.com\/colef.illesbalears\/?ref=bookmarks","https:\/\/twitter.com\/COLEFBalears"],"logo":{"@type":"ImageObject","inLanguage":"es","@id":"http:\/\/www.colefillesbalears.com\/web\/#\/schema\/logo\/image\/","url":"http:\/\/www.colefillesbalears.com\/web\/wp-content\/uploads\/2019\/05\/logo-colef-5.png","contentUrl":"http:\/\/www.colefillesbalears.com\/web\/wp-content\/uploads\/2019\/05\/logo-colef-5.png","width":414,"height":175,"caption":"Col\u00b7legi Oficial de Llicenciats en Ci\u00e8ncies de l'Activitat F\u00edsica i l'Esport de les Illes Balears"},"image":{"@id":"http:\/\/www.colefillesbalears.com\/web\/#\/schema\/logo\/image\/"}}]}},"_links":{"self":[{"href":"http:\/\/www.colefillesbalears.com\/web\/wp-json\/wp\/v2\/pages\/6461"}],"collection":[{"href":"http:\/\/www.colefillesbalears.com\/web\/wp-json\/wp\/v2\/pages"}],"about":[{"href":"http:\/\/www.colefillesbalears.com\/web\/wp-json\/wp\/v2\/types\/page"}],"author":[{"embeddable":true,"href":"http:\/\/www.colefillesbalears.com\/web\/wp-json\/wp\/v2\/users\/4"}],"replies":[{"embeddable":true,"href":"http:\/\/www.colefillesbalears.com\/web\/wp-json\/wp\/v2\/comments?post=6461"}],"version-history":[{"count":18,"href":"http:\/\/www.colefillesbalears.com\/web\/wp-json\/wp\/v2\/pages\/6461\/revisions"}],"predecessor-version":[{"id":6625,"href":"http:\/\/www.colefillesbalears.com\/web\/wp-json\/wp\/v2\/pages\/6461\/revisions\/6625"}],"up":[{"embeddable":true,"href":"http:\/\/www.colefillesbalears.com\/web\/wp-json\/wp\/v2\/pages\/312"}],"wp:attachment":[{"href":"http:\/\/www.colefillesbalears.com\/web\/wp-json\/wp\/v2\/media?parent=6461"}],"curies":[{"name":"wp","href":"https:\/\/api.w.org\/{rel}","templated":true}]}}