{"id":5658,"date":"2021-03-17T10:57:15","date_gmt":"2021-03-17T10:57:15","guid":{"rendered":"http:\/\/www.colefillesbalears.com\/web\/?page_id=5658"},"modified":"2021-04-29T07:55:26","modified_gmt":"2021-04-29T07:55:26","slug":"defc-2021-al-carrer_centre_casa","status":"publish","type":"page","link":"http:\/\/www.colefillesbalears.com\/web\/area-dusuaris-i-consumidors\/defc-2021-al-carrer_centre_casa\/","title":{"rendered":"DEFC 2021 al carrer_centre_casa"},"content":{"rendered":"\n<div class=\"wp-block-image\"><figure class=\"aligncenter size-full\"><img decoding=\"async\" loading=\"lazy\" width=\"801\" height=\"419\" src=\"http:\/\/www.colefillesbalears.com\/web\/wp-content\/uploads\/2021\/03\/DEFC-CAT-Card.png\" alt=\"\" class=\"wp-image-5662\" srcset=\"http:\/\/www.colefillesbalears.com\/web\/wp-content\/uploads\/2021\/03\/DEFC-CAT-Card.png 801w, http:\/\/www.colefillesbalears.com\/web\/wp-content\/uploads\/2021\/03\/DEFC-CAT-Card-768x401.png 768w\" sizes=\"(max-width: 801px) 100vw, 801px\" \/><\/figure><\/div>\n\n\n\n<h2 class=\"wp-block-heading\"><a href=\"https:\/\/www.consejo-colef.es\/defc-home\" target=\"_blank\" aria-label=\"undefined (abre en una nueva pesta\u00f1a)\" rel=\"noreferrer noopener\">Inscripcions<\/a><\/h2>\n\n\n\n<h2 class=\"wp-block-heading\"><a href=\"https:\/\/drive.google.com\/drive\/folders\/109-G0Zadj3wexh5ZJnO2J0xepZH081MN?usp=sharing\" target=\"_blank\" aria-label=\"undefined (abre en una nueva pesta\u00f1a)\" rel=\"noreferrer noopener\">Documentaci\u00f3_catal\u00e0<\/a><\/h2>\n\n\n\n<h2 class=\"wp-block-heading\"><a href=\"https:\/\/drive.google.com\/drive\/folders\/1qWVz1j6rqaUqBVbnnCKae87OKH4bU5hM?usp=sharing\" target=\"_blank\" aria-label=\"undefined (abre en una nueva pesta\u00f1a)\" rel=\"noreferrer noopener\">Documentaci\u00f3_castell\u00e0<\/a><\/h2>\n\n\n\n<h2 class=\"wp-block-heading\"><a href=\"https:\/\/drive.google.com\/drive\/folders\/1LF9hf_UD9vrDIdsNJfu2PwW1mtGkm2cs?usp=sharing\" target=\"_blank\" aria-label=\"undefined (abre en una nueva pesta\u00f1a)\" rel=\"noreferrer noopener\">DEFC2021: recull de fotos, v\u00eddeos i mitjans de comunicaci\u00f3<\/a><\/h2>\n","protected":false},"excerpt":{"rendered":"<p>Inscripcions Documentaci\u00f3_catal\u00e0 Documentaci\u00f3_castell\u00e0 DEFC2021: recull de fotos, v\u00eddeos i mitjans de comunicaci\u00f3<\/p>\n","protected":false},"author":4,"featured_media":0,"parent":312,"menu_order":2,"comment_status":"closed","ping_status":"closed","template":"","meta":[],"yoast_head":"<!-- This site is optimized with the Yoast SEO plugin v19.6.1 - https:\/\/yoast.com\/wordpress\/plugins\/seo\/ -->\n<title>DEFC 2021 al carrer_centre_casa - COLEF Illes Balears<\/title>\n<meta name=\"robots\" content=\"index, follow, max-snippet:-1, max-image-preview:large, max-video-preview:-1\" \/>\n<link rel=\"canonical\" href=\"https:\/\/www.colefillesbalears.com\/web\/area-dusuaris-i-consumidors\/defc-2021-al-carrer_centre_casa\/\" \/>\n<meta property=\"og:locale\" content=\"es_ES\" \/>\n<meta property=\"og:type\" content=\"article\" \/>\n<meta property=\"og:title\" content=\"DEFC 2021 al carrer_centre_casa - COLEF Illes Balears\" \/>\n<meta property=\"og:description\" content=\"Inscripcions Documentaci\u00f3_catal\u00e0 Documentaci\u00f3_castell\u00e0 DEFC2021: recull de fotos, v\u00eddeos i mitjans de comunicaci\u00f3\" \/>\n<meta property=\"og:url\" content=\"https:\/\/www.colefillesbalears.com\/web\/area-dusuaris-i-consumidors\/defc-2021-al-carrer_centre_casa\/\" \/>\n<meta property=\"og:site_name\" content=\"COLEF Illes Balears\" \/>\n<meta property=\"article:publisher\" content=\"https:\/\/www.facebook.com\/colef.illesbalears\/?ref=bookmarks\" \/>\n<meta property=\"article:modified_time\" content=\"2021-04-29T07:55:26+00:00\" \/>\n<meta property=\"og:image\" content=\"http:\/\/www.colefillesbalears.com\/web\/wp-content\/uploads\/2021\/03\/DEFC-CAT-Card.png\" \/>\n<meta name=\"twitter:card\" content=\"summary_large_image\" \/>\n<meta name=\"twitter:site\" content=\"@COLEFBalears\" \/>\n<script type=\"application\/ld+json\" class=\"yoast-schema-graph\">{\"@context\":\"https:\/\/schema.org\",\"@graph\":[{\"@type\":\"WebPage\",\"@id\":\"https:\/\/www.colefillesbalears.com\/web\/area-dusuaris-i-consumidors\/defc-2021-al-carrer_centre_casa\/\",\"url\":\"https:\/\/www.colefillesbalears.com\/web\/area-dusuaris-i-consumidors\/defc-2021-al-carrer_centre_casa\/\",\"name\":\"DEFC 2021 al carrer_centre_casa - COLEF Illes Balears\",\"isPartOf\":{\"@id\":\"http:\/\/www.colefillesbalears.com\/web\/#website\"},\"datePublished\":\"2021-03-17T10:57:15+00:00\",\"dateModified\":\"2021-04-29T07:55:26+00:00\",\"breadcrumb\":{\"@id\":\"https:\/\/www.colefillesbalears.com\/web\/area-dusuaris-i-consumidors\/defc-2021-al-carrer_centre_casa\/#breadcrumb\"},\"inLanguage\":\"es\",\"potentialAction\":[{\"@type\":\"ReadAction\",\"target\":[\"https:\/\/www.colefillesbalears.com\/web\/area-dusuaris-i-consumidors\/defc-2021-al-carrer_centre_casa\/\"]}]},{\"@type\":\"BreadcrumbList\",\"@id\":\"https:\/\/www.colefillesbalears.com\/web\/area-dusuaris-i-consumidors\/defc-2021-al-carrer_centre_casa\/#breadcrumb\",\"itemListElement\":[{\"@type\":\"ListItem\",\"position\":1,\"name\":\"Portada\",\"item\":\"http:\/\/www.colefillesbalears.com\/web\/\"},{\"@type\":\"ListItem\",\"position\":2,\"name\":\"\u00c0rea d&#8217;usuaris i consumidors\",\"item\":\"http:\/\/www.colefillesbalears.com\/web\/area-dusuaris-i-consumidors\/\"},{\"@type\":\"ListItem\",\"position\":3,\"name\":\"DEFC 2021 al carrer_centre_casa\"}]},{\"@type\":\"WebSite\",\"@id\":\"http:\/\/www.colefillesbalears.com\/web\/#website\",\"url\":\"http:\/\/www.colefillesbalears.com\/web\/\",\"name\":\"COLEF Illes Balears\",\"description\":\"\",\"publisher\":{\"@id\":\"http:\/\/www.colefillesbalears.com\/web\/#organization\"},\"potentialAction\":[{\"@type\":\"SearchAction\",\"target\":{\"@type\":\"EntryPoint\",\"urlTemplate\":\"http:\/\/www.colefillesbalears.com\/web\/?s={search_term_string}\"},\"query-input\":\"required name=search_term_string\"}],\"inLanguage\":\"es\"},{\"@type\":\"Organization\",\"@id\":\"http:\/\/www.colefillesbalears.com\/web\/#organization\",\"name\":\"Col\u00b7legi Oficial de Llicenciats en Ci\u00e8ncies de l'Activitat F\u00edsica i l'Esport de les Illes Balears\",\"url\":\"http:\/\/www.colefillesbalears.com\/web\/\",\"sameAs\":[\"https:\/\/www.youtube.com\/channel\/UClDRzEzUh03bePGcdVFw1cQ\/featured\",\"https:\/\/www.facebook.com\/colef.illesbalears\/?ref=bookmarks\",\"https:\/\/twitter.com\/COLEFBalears\"],\"logo\":{\"@type\":\"ImageObject\",\"inLanguage\":\"es\",\"@id\":\"http:\/\/www.colefillesbalears.com\/web\/#\/schema\/logo\/image\/\",\"url\":\"http:\/\/www.colefillesbalears.com\/web\/wp-content\/uploads\/2019\/05\/logo-colef-5.png\",\"contentUrl\":\"http:\/\/www.colefillesbalears.com\/web\/wp-content\/uploads\/2019\/05\/logo-colef-5.png\",\"width\":414,\"height\":175,\"caption\":\"Col\u00b7legi Oficial de Llicenciats en Ci\u00e8ncies de l'Activitat F\u00edsica i l'Esport de les Illes Balears\"},\"image\":{\"@id\":\"http:\/\/www.colefillesbalears.com\/web\/#\/schema\/logo\/image\/\"}}]}<\/script>\n<!-- \/ Yoast SEO plugin. -->","yoast_head_json":{"title":"DEFC 2021 al carrer_centre_casa - COLEF Illes Balears","robots":{"index":"index","follow":"follow","max-snippet":"max-snippet:-1","max-image-preview":"max-image-preview:large","max-video-preview":"max-video-preview:-1"},"canonical":"https:\/\/www.colefillesbalears.com\/web\/area-dusuaris-i-consumidors\/defc-2021-al-carrer_centre_casa\/","og_locale":"es_ES","og_type":"article","og_title":"DEFC 2021 al carrer_centre_casa - COLEF Illes Balears","og_description":"Inscripcions Documentaci\u00f3_catal\u00e0 Documentaci\u00f3_castell\u00e0 DEFC2021: recull de fotos, v\u00eddeos i mitjans de comunicaci\u00f3","og_url":"https:\/\/www.colefillesbalears.com\/web\/area-dusuaris-i-consumidors\/defc-2021-al-carrer_centre_casa\/","og_site_name":"COLEF Illes Balears","article_publisher":"https:\/\/www.facebook.com\/colef.illesbalears\/?ref=bookmarks","article_modified_time":"2021-04-29T07:55:26+00:00","og_image":[{"url":"http:\/\/www.colefillesbalears.com\/web\/wp-content\/uploads\/2021\/03\/DEFC-CAT-Card.png"}],"twitter_card":"summary_large_image","twitter_site":"@COLEFBalears","schema":{"@context":"https:\/\/schema.org","@graph":[{"@type":"WebPage","@id":"https:\/\/www.colefillesbalears.com\/web\/area-dusuaris-i-consumidors\/defc-2021-al-carrer_centre_casa\/","url":"https:\/\/www.colefillesbalears.com\/web\/area-dusuaris-i-consumidors\/defc-2021-al-carrer_centre_casa\/","name":"DEFC 2021 al carrer_centre_casa - COLEF Illes Balears","isPartOf":{"@id":"http:\/\/www.colefillesbalears.com\/web\/#website"},"datePublished":"2021-03-17T10:57:15+00:00","dateModified":"2021-04-29T07:55:26+00:00","breadcrumb":{"@id":"https:\/\/www.colefillesbalears.com\/web\/area-dusuaris-i-consumidors\/defc-2021-al-carrer_centre_casa\/#breadcrumb"},"inLanguage":"es","potentialAction":[{"@type":"ReadAction","target":["https:\/\/www.colefillesbalears.com\/web\/area-dusuaris-i-consumidors\/defc-2021-al-carrer_centre_casa\/"]}]},{"@type":"BreadcrumbList","@id":"https:\/\/www.colefillesbalears.com\/web\/area-dusuaris-i-consumidors\/defc-2021-al-carrer_centre_casa\/#breadcrumb","itemListElement":[{"@type":"ListItem","position":1,"name":"Portada","item":"http:\/\/www.colefillesbalears.com\/web\/"},{"@type":"ListItem","position":2,"name":"\u00c0rea d&#8217;usuaris i consumidors","item":"http:\/\/www.colefillesbalears.com\/web\/area-dusuaris-i-consumidors\/"},{"@type":"ListItem","position":3,"name":"DEFC 2021 al carrer_centre_casa"}]},{"@type":"WebSite","@id":"http:\/\/www.colefillesbalears.com\/web\/#website","url":"http:\/\/www.colefillesbalears.com\/web\/","name":"COLEF Illes Balears","description":"","publisher":{"@id":"http:\/\/www.colefillesbalears.com\/web\/#organization"},"potentialAction":[{"@type":"SearchAction","target":{"@type":"EntryPoint","urlTemplate":"http:\/\/www.colefillesbalears.com\/web\/?s={search_term_string}"},"query-input":"required name=search_term_string"}],"inLanguage":"es"},{"@type":"Organization","@id":"http:\/\/www.colefillesbalears.com\/web\/#organization","name":"Col\u00b7legi Oficial de Llicenciats en Ci\u00e8ncies de l'Activitat F\u00edsica i l'Esport de les Illes Balears","url":"http:\/\/www.colefillesbalears.com\/web\/","sameAs":["https:\/\/www.youtube.com\/channel\/UClDRzEzUh03bePGcdVFw1cQ\/featured","https:\/\/www.facebook.com\/colef.illesbalears\/?ref=bookmarks","https:\/\/twitter.com\/COLEFBalears"],"logo":{"@type":"ImageObject","inLanguage":"es","@id":"http:\/\/www.colefillesbalears.com\/web\/#\/schema\/logo\/image\/","url":"http:\/\/www.colefillesbalears.com\/web\/wp-content\/uploads\/2019\/05\/logo-colef-5.png","contentUrl":"http:\/\/www.colefillesbalears.com\/web\/wp-content\/uploads\/2019\/05\/logo-colef-5.png","width":414,"height":175,"caption":"Col\u00b7legi Oficial de Llicenciats en Ci\u00e8ncies de l'Activitat F\u00edsica i l'Esport de les Illes Balears"},"image":{"@id":"http:\/\/www.colefillesbalears.com\/web\/#\/schema\/logo\/image\/"}}]}},"_links":{"self":[{"href":"http:\/\/www.colefillesbalears.com\/web\/wp-json\/wp\/v2\/pages\/5658"}],"collection":[{"href":"http:\/\/www.colefillesbalears.com\/web\/wp-json\/wp\/v2\/pages"}],"about":[{"href":"http:\/\/www.colefillesbalears.com\/web\/wp-json\/wp\/v2\/types\/page"}],"author":[{"embeddable":true,"href":"http:\/\/www.colefillesbalears.com\/web\/wp-json\/wp\/v2\/users\/4"}],"replies":[{"embeddable":true,"href":"http:\/\/www.colefillesbalears.com\/web\/wp-json\/wp\/v2\/comments?post=5658"}],"version-history":[{"count":8,"href":"http:\/\/www.colefillesbalears.com\/web\/wp-json\/wp\/v2\/pages\/5658\/revisions"}],"predecessor-version":[{"id":5810,"href":"http:\/\/www.colefillesbalears.com\/web\/wp-json\/wp\/v2\/pages\/5658\/revisions\/5810"}],"up":[{"embeddable":true,"href":"http:\/\/www.colefillesbalears.com\/web\/wp-json\/wp\/v2\/pages\/312"}],"wp:attachment":[{"href":"http:\/\/www.colefillesbalears.com\/web\/wp-json\/wp\/v2\/media?parent=5658"}],"curies":[{"name":"wp","href":"https:\/\/api.w.org\/{rel}","templated":true}]}}