{"id":5318,"date":"2020-11-17T06:28:55","date_gmt":"2020-11-17T06:28:55","guid":{"rendered":"http:\/\/www.colefillesbalears.com\/web\/?page_id=5318"},"modified":"2020-11-17T07:08:00","modified_gmt":"2020-11-17T07:08:00","slug":"mens-sana-in-corpore-sano","status":"publish","type":"page","link":"http:\/\/www.colefillesbalears.com\/web\/mens-sana-in-corpore-sano\/","title":{"rendered":"Mens Sana in Corpore Sano"},"content":{"rendered":"\n<h3 class=\"has-text-align-center wp-block-heading\">COLEF I COPIB col\u00b7laboren per a promoure la pr\u00e0ctica esportiva regular i de qualitat entre la ciutadania<\/h3>\n\n\n\n<h4 class=\"has-text-align-center wp-block-heading\"><em><strong>Totes dues entitats impulsen una campanya que recull els beneficis f\u00edsics i psicol\u00f2gics que s&#8217;obtenen en exercitar-se en cada etapa de la vida.<\/strong><\/em><\/h4>\n\n\n\n<p>El Col\u00b7legi Oficial de Llicenciats en Educaci\u00f3 F\u00edsica i l&#8217;Esport de les Illes Balears (COLEF Illes Balears) i el Col\u00b7legi Oficial de Psicologia de les Illes Balears (<strong><a aria-label=\"undefined (abre en una nueva pesta\u00f1a)\" href=\"http:\/\/www.copib.es\/\" target=\"_blank\" rel=\"noreferrer noopener\">COPIB<\/a><\/strong>) han unit els seus esfor\u00e7os per a promoure la pr\u00e0ctica esportiva regular i de qualitat entre la ciutadania, com a actiu indispensable per a afavorir el seu benestar integral, basat en la bona salut f\u00edsica i mental. Amb aquesta finalitat, responsables de les dues institucions han participat en el disseny d&#8217;una campanya informativa que, sota el lema <strong>Mens sana in corpore sano<\/strong>, recull els beneficis f\u00edsics i ps\u00edquics que s&#8217;obtenen en exercitar-se en les diferents etapes de la vida: inf\u00e0ncia i<br>adolesc\u00e8ncia, edat adulta i envelliment actiu (<strong><a aria-label=\"undefined (abre en una nueva pesta\u00f1a)\" href=\"https:\/\/drive.google.com\/file\/d\/18vujZmVVogG5gX_JxfGPCwAGRoQeCbmx\/view?usp=sharing\" target=\"_blank\" rel=\"noreferrer noopener\">adjuntam pdf amb les 3 imatges<\/a><\/strong>). <\/p>\n\n\n\n<p>Si b\u00e9 la idea de la campanya es va gestar amb anterioritat a l&#8217;emerg\u00e8ncia sanit\u00e0ria pel SARS-CoV-2, els professionals de l&#8217;educaci\u00f3 f\u00edsica i de la psicologia de l&#8217;esport consideren que els seus fonaments i el contingut elaborat tenen ara m\u00e9s inter\u00e8s perqu\u00e8 la salut f\u00edsica i emocional de moltes persones s&#8217;ha vist alterada i\/o es veur\u00e0 alterada a conseq\u00fc\u00e8ncia de la pand\u00e8mia, i l&#8217;exercici f\u00edsic ben plantejat \u00e9s un actiu que pot ajudar-los a millorar. \u201cL&#8217;esport t\u00e9 efectes beneficiosos tant a nivell f\u00edsic com a nivell mental i les persones que ho practiquen regularment es perceben m\u00e9s saludables, amb menor estr\u00e8s i amb major benestar psicol\u00f2gic\u201d,<br>indiquen. \u201cNo nom\u00e9s s&#8217;ha demostrat cient\u00edficament, sin\u00f3 que ho hem pogut comprovar tamb\u00e9 durant el confinament que hem viscut. Les setmanes d&#8217;a\u00efllament han servit perqu\u00e8 la poblaci\u00f3 prengui consci\u00e8ncia de l&#8217;enorme import\u00e0ncia que t\u00e9 mantenir-se actiu i s\u00f3n moltes les persones que han cercat la manera de mantenir les seves rutines o d&#8217;incorporar algun tipus<br>d&#8217;activitat per a millorar el seu estat general\u201d.<\/p>\n\n\n\n<p>Els experts de tots dos col\u00b7lectius consideren que \u201ctant a nivell social com a nivell individual hem d&#8217;utilitzar totes les eines que estan al nostre abast i que poden afavorir el nostre benestar integral. L&#8217;activitat f\u00edsica i l&#8217;esport s\u00f3n actius que estan al nostre abast i que hem de valorar. No solucionar\u00e0 els problemes econ\u00f2mics ni socials que poden sobrevenir, per\u00f2 s\u00ed ajuda<br>individualment a altres nivells, refor\u00e7ant l&#8217;autoconcepte, l&#8217;autoconfian\u00e7a, la sensaci\u00f3 de control, l&#8217;estabilitat emocional i el funcionament intel\u00b7lectual; millorant el rendiment en diferents \u00e0mbits; i en un nivell m\u00e9s cl\u00ednic, millorant la qualitat del somni i incidint positivament en els nivells d&#8217;ansietat i depressi\u00f3, prevenint els trastorns mentals\u201d.<\/p>\n\n\n\n<p>La campanya, que s&#8217;ha donat a con\u00e8ixer al Govern, Consell i ajuntaments perqu\u00e8 col\u00b7laborin en la seva difusi\u00f3, pret\u00e9n, d&#8217;una banda, animar a totes les persones, tenguin l&#8217;edat que tenguin, a trobar aquest esport o activitat f\u00edsica que els ajudi a aconseguir aquest estat \u00f2ptim de salut f\u00edsica i mental. D&#8217;altra banda, \u201cafavorir que la poblaci\u00f3 que tenia o que ha adquirit un h\u00e0bit esportiu durant el confinament el mantingui i que s&#8217;informi amb professionals qualificats perqu\u00e8 realment pugui gaudir dels beneficis que li pot reportar exercitar-se de manera regular\u201d.<\/p>\n\n\n\n<hr class=\"wp-block-separator\"\/>\n\n\n\n<figure class=\"wp-block-embed-twitter aligncenter wp-block-embed is-type-rich is-provider-twitter\"><div class=\"wp-block-embed__wrapper\">\n<blockquote class=\"twitter-tweet\" data-width=\"500\" data-dnt=\"true\"><p lang=\"ca\" dir=\"ltr\">MEN SANA IN CORPORE SANO <a href=\"https:\/\/twitter.com\/COPIB?ref_src=twsrc%5Etfw\">@COPIB<\/a> i <a href=\"https:\/\/twitter.com\/COLEFBalears?ref_src=twsrc%5Etfw\">@COLEFBalears<\/a>  han unit els seus esfor\u00e7os per a promoure la pr\u00e0ctica esportiva regular i de qualitat entre la ciutadania, com a actiu indispensable per a afavorir el seu benestar integral, basat en la bona salut f\u00edsica i mental. <a href=\"https:\/\/t.co\/3bsRYFbNXb\">pic.twitter.com\/3bsRYFbNXb<\/a><\/p>&mdash; COLEF Illes Balears (@COLEFBalears) <a href=\"https:\/\/twitter.com\/COLEFBalears\/status\/1286605390533271553?ref_src=twsrc%5Etfw\">July 24, 2020<\/a><\/blockquote><script async src=\"https:\/\/platform.twitter.com\/widgets.js\" charset=\"utf-8\"><\/script>\n<\/div><\/figure>\n\n\n\n<p><a href=\"https:\/\/www.facebook.com\/colef.illesbalears\/posts\/2038323786297568\">https:\/\/www.facebook.com\/colef.illesbalears\/posts\/2038323786297568<\/a><\/p>\n","protected":false},"excerpt":{"rendered":"<p>COLEF I COPIB col\u00b7laboren per a promoure la pr\u00e0ctica esportiva regular i de qualitat entre la ciutadania Totes dues entitats impulsen una campanya que recull els beneficis f\u00edsics i psicol\u00f2gics que s&#8217;obtenen en exercitar-se en cada etapa de la vida. El Col\u00b7legi Oficial de Llicenciats en Educaci\u00f3 F\u00edsica i l&#8217;Esport de les Illes Balears (COLEF [&hellip;]<\/p>\n","protected":false},"author":4,"featured_media":5333,"parent":0,"menu_order":0,"comment_status":"closed","ping_status":"closed","template":"","meta":[],"yoast_head":"<!-- This site is optimized with the Yoast SEO plugin v19.6.1 - https:\/\/yoast.com\/wordpress\/plugins\/seo\/ -->\n<title>Mens Sana in Corpore Sano - COLEF Illes Balears<\/title>\n<meta name=\"robots\" content=\"index, follow, max-snippet:-1, max-image-preview:large, max-video-preview:-1\" \/>\n<link rel=\"canonical\" href=\"http:\/\/www.colefillesbalears.com\/web\/mens-sana-in-corpore-sano\/\" \/>\n<meta property=\"og:locale\" content=\"es_ES\" \/>\n<meta property=\"og:type\" content=\"article\" \/>\n<meta property=\"og:title\" content=\"Mens Sana in Corpore Sano - COLEF Illes Balears\" \/>\n<meta property=\"og:description\" content=\"COLEF I COPIB col\u00b7laboren per a promoure la pr\u00e0ctica esportiva regular i de qualitat entre la ciutadania Totes dues entitats impulsen una campanya que recull els beneficis f\u00edsics i psicol\u00f2gics que s&#8217;obtenen en exercitar-se en cada etapa de la vida. El Col\u00b7legi Oficial de Llicenciats en Educaci\u00f3 F\u00edsica i l&#8217;Esport de les Illes Balears (COLEF [&hellip;]\" \/>\n<meta property=\"og:url\" content=\"http:\/\/www.colefillesbalears.com\/web\/mens-sana-in-corpore-sano\/\" \/>\n<meta property=\"og:site_name\" content=\"COLEF Illes Balears\" \/>\n<meta property=\"article:publisher\" content=\"https:\/\/www.facebook.com\/colef.illesbalears\/?ref=bookmarks\" \/>\n<meta property=\"article:modified_time\" content=\"2020-11-17T07:08:00+00:00\" \/>\n<meta property=\"og:image\" content=\"http:\/\/www.colefillesbalears.com\/web\/wp-content\/uploads\/2020\/11\/edat-adulta.jpg\" \/>\n\t<meta property=\"og:image:width\" content=\"900\" \/>\n\t<meta property=\"og:image:height\" content=\"636\" \/>\n\t<meta property=\"og:image:type\" content=\"image\/jpeg\" \/>\n<meta name=\"twitter:card\" content=\"summary_large_image\" \/>\n<meta name=\"twitter:site\" content=\"@COLEFBalears\" \/>\n<meta name=\"twitter:label1\" content=\"Tiempo de lectura\" \/>\n\t<meta name=\"twitter:data1\" content=\"3 minutos\" \/>\n<script type=\"application\/ld+json\" class=\"yoast-schema-graph\">{\"@context\":\"https:\/\/schema.org\",\"@graph\":[{\"@type\":\"WebPage\",\"@id\":\"http:\/\/www.colefillesbalears.com\/web\/mens-sana-in-corpore-sano\/\",\"url\":\"http:\/\/www.colefillesbalears.com\/web\/mens-sana-in-corpore-sano\/\",\"name\":\"Mens Sana in Corpore Sano - COLEF Illes Balears\",\"isPartOf\":{\"@id\":\"http:\/\/www.colefillesbalears.com\/web\/#website\"},\"datePublished\":\"2020-11-17T06:28:55+00:00\",\"dateModified\":\"2020-11-17T07:08:00+00:00\",\"breadcrumb\":{\"@id\":\"http:\/\/www.colefillesbalears.com\/web\/mens-sana-in-corpore-sano\/#breadcrumb\"},\"inLanguage\":\"es\",\"potentialAction\":[{\"@type\":\"ReadAction\",\"target\":[\"http:\/\/www.colefillesbalears.com\/web\/mens-sana-in-corpore-sano\/\"]}]},{\"@type\":\"BreadcrumbList\",\"@id\":\"http:\/\/www.colefillesbalears.com\/web\/mens-sana-in-corpore-sano\/#breadcrumb\",\"itemListElement\":[{\"@type\":\"ListItem\",\"position\":1,\"name\":\"Portada\",\"item\":\"http:\/\/www.colefillesbalears.com\/web\/\"},{\"@type\":\"ListItem\",\"position\":2,\"name\":\"Mens Sana in Corpore Sano\"}]},{\"@type\":\"WebSite\",\"@id\":\"http:\/\/www.colefillesbalears.com\/web\/#website\",\"url\":\"http:\/\/www.colefillesbalears.com\/web\/\",\"name\":\"COLEF Illes Balears\",\"description\":\"\",\"publisher\":{\"@id\":\"http:\/\/www.colefillesbalears.com\/web\/#organization\"},\"potentialAction\":[{\"@type\":\"SearchAction\",\"target\":{\"@type\":\"EntryPoint\",\"urlTemplate\":\"http:\/\/www.colefillesbalears.com\/web\/?s={search_term_string}\"},\"query-input\":\"required name=search_term_string\"}],\"inLanguage\":\"es\"},{\"@type\":\"Organization\",\"@id\":\"http:\/\/www.colefillesbalears.com\/web\/#organization\",\"name\":\"Col\u00b7legi Oficial de Llicenciats en Ci\u00e8ncies de l'Activitat F\u00edsica i l'Esport de les Illes Balears\",\"url\":\"http:\/\/www.colefillesbalears.com\/web\/\",\"sameAs\":[\"https:\/\/www.youtube.com\/channel\/UClDRzEzUh03bePGcdVFw1cQ\/featured\",\"https:\/\/www.facebook.com\/colef.illesbalears\/?ref=bookmarks\",\"https:\/\/twitter.com\/COLEFBalears\"],\"logo\":{\"@type\":\"ImageObject\",\"inLanguage\":\"es\",\"@id\":\"http:\/\/www.colefillesbalears.com\/web\/#\/schema\/logo\/image\/\",\"url\":\"http:\/\/www.colefillesbalears.com\/web\/wp-content\/uploads\/2019\/05\/logo-colef-5.png\",\"contentUrl\":\"http:\/\/www.colefillesbalears.com\/web\/wp-content\/uploads\/2019\/05\/logo-colef-5.png\",\"width\":414,\"height\":175,\"caption\":\"Col\u00b7legi Oficial de Llicenciats en Ci\u00e8ncies de l'Activitat F\u00edsica i l'Esport de les Illes Balears\"},\"image\":{\"@id\":\"http:\/\/www.colefillesbalears.com\/web\/#\/schema\/logo\/image\/\"}}]}<\/script>\n<!-- \/ Yoast SEO plugin. -->","yoast_head_json":{"title":"Mens Sana in Corpore Sano - COLEF Illes Balears","robots":{"index":"index","follow":"follow","max-snippet":"max-snippet:-1","max-image-preview":"max-image-preview:large","max-video-preview":"max-video-preview:-1"},"canonical":"http:\/\/www.colefillesbalears.com\/web\/mens-sana-in-corpore-sano\/","og_locale":"es_ES","og_type":"article","og_title":"Mens Sana in Corpore Sano - COLEF Illes Balears","og_description":"COLEF I COPIB col\u00b7laboren per a promoure la pr\u00e0ctica esportiva regular i de qualitat entre la ciutadania Totes dues entitats impulsen una campanya que recull els beneficis f\u00edsics i psicol\u00f2gics que s&#8217;obtenen en exercitar-se en cada etapa de la vida. El Col\u00b7legi Oficial de Llicenciats en Educaci\u00f3 F\u00edsica i l&#8217;Esport de les Illes Balears (COLEF [&hellip;]","og_url":"http:\/\/www.colefillesbalears.com\/web\/mens-sana-in-corpore-sano\/","og_site_name":"COLEF Illes Balears","article_publisher":"https:\/\/www.facebook.com\/colef.illesbalears\/?ref=bookmarks","article_modified_time":"2020-11-17T07:08:00+00:00","og_image":[{"width":900,"height":636,"url":"http:\/\/www.colefillesbalears.com\/web\/wp-content\/uploads\/2020\/11\/edat-adulta.jpg","type":"image\/jpeg"}],"twitter_card":"summary_large_image","twitter_site":"@COLEFBalears","twitter_misc":{"Tiempo de lectura":"3 minutos"},"schema":{"@context":"https:\/\/schema.org","@graph":[{"@type":"WebPage","@id":"http:\/\/www.colefillesbalears.com\/web\/mens-sana-in-corpore-sano\/","url":"http:\/\/www.colefillesbalears.com\/web\/mens-sana-in-corpore-sano\/","name":"Mens Sana in Corpore Sano - COLEF Illes Balears","isPartOf":{"@id":"http:\/\/www.colefillesbalears.com\/web\/#website"},"datePublished":"2020-11-17T06:28:55+00:00","dateModified":"2020-11-17T07:08:00+00:00","breadcrumb":{"@id":"http:\/\/www.colefillesbalears.com\/web\/mens-sana-in-corpore-sano\/#breadcrumb"},"inLanguage":"es","potentialAction":[{"@type":"ReadAction","target":["http:\/\/www.colefillesbalears.com\/web\/mens-sana-in-corpore-sano\/"]}]},{"@type":"BreadcrumbList","@id":"http:\/\/www.colefillesbalears.com\/web\/mens-sana-in-corpore-sano\/#breadcrumb","itemListElement":[{"@type":"ListItem","position":1,"name":"Portada","item":"http:\/\/www.colefillesbalears.com\/web\/"},{"@type":"ListItem","position":2,"name":"Mens Sana in Corpore Sano"}]},{"@type":"WebSite","@id":"http:\/\/www.colefillesbalears.com\/web\/#website","url":"http:\/\/www.colefillesbalears.com\/web\/","name":"COLEF Illes Balears","description":"","publisher":{"@id":"http:\/\/www.colefillesbalears.com\/web\/#organization"},"potentialAction":[{"@type":"SearchAction","target":{"@type":"EntryPoint","urlTemplate":"http:\/\/www.colefillesbalears.com\/web\/?s={search_term_string}"},"query-input":"required name=search_term_string"}],"inLanguage":"es"},{"@type":"Organization","@id":"http:\/\/www.colefillesbalears.com\/web\/#organization","name":"Col\u00b7legi Oficial de Llicenciats en Ci\u00e8ncies de l'Activitat F\u00edsica i l'Esport de les Illes Balears","url":"http:\/\/www.colefillesbalears.com\/web\/","sameAs":["https:\/\/www.youtube.com\/channel\/UClDRzEzUh03bePGcdVFw1cQ\/featured","https:\/\/www.facebook.com\/colef.illesbalears\/?ref=bookmarks","https:\/\/twitter.com\/COLEFBalears"],"logo":{"@type":"ImageObject","inLanguage":"es","@id":"http:\/\/www.colefillesbalears.com\/web\/#\/schema\/logo\/image\/","url":"http:\/\/www.colefillesbalears.com\/web\/wp-content\/uploads\/2019\/05\/logo-colef-5.png","contentUrl":"http:\/\/www.colefillesbalears.com\/web\/wp-content\/uploads\/2019\/05\/logo-colef-5.png","width":414,"height":175,"caption":"Col\u00b7legi Oficial de Llicenciats en Ci\u00e8ncies de l'Activitat F\u00edsica i l'Esport de les Illes Balears"},"image":{"@id":"http:\/\/www.colefillesbalears.com\/web\/#\/schema\/logo\/image\/"}}]}},"_links":{"self":[{"href":"http:\/\/www.colefillesbalears.com\/web\/wp-json\/wp\/v2\/pages\/5318"}],"collection":[{"href":"http:\/\/www.colefillesbalears.com\/web\/wp-json\/wp\/v2\/pages"}],"about":[{"href":"http:\/\/www.colefillesbalears.com\/web\/wp-json\/wp\/v2\/types\/page"}],"author":[{"embeddable":true,"href":"http:\/\/www.colefillesbalears.com\/web\/wp-json\/wp\/v2\/users\/4"}],"replies":[{"embeddable":true,"href":"http:\/\/www.colefillesbalears.com\/web\/wp-json\/wp\/v2\/comments?post=5318"}],"version-history":[{"count":13,"href":"http:\/\/www.colefillesbalears.com\/web\/wp-json\/wp\/v2\/pages\/5318\/revisions"}],"predecessor-version":[{"id":5339,"href":"http:\/\/www.colefillesbalears.com\/web\/wp-json\/wp\/v2\/pages\/5318\/revisions\/5339"}],"wp:featuredmedia":[{"embeddable":true,"href":"http:\/\/www.colefillesbalears.com\/web\/wp-json\/wp\/v2\/media\/5333"}],"wp:attachment":[{"href":"http:\/\/www.colefillesbalears.com\/web\/wp-json\/wp\/v2\/media?parent=5318"}],"curies":[{"name":"wp","href":"https:\/\/api.w.org\/{rel}","templated":true}]}}