{"id":5204,"date":"2020-11-07T13:02:00","date_gmt":"2020-11-07T13:02:00","guid":{"rendered":"http:\/\/www.colefillesbalears.com\/web\/?page_id=5204"},"modified":"2020-11-07T06:02:09","modified_gmt":"2020-11-07T06:02:09","slug":"dona-suport-al-sector-esportiu","status":"publish","type":"page","link":"http:\/\/www.colefillesbalears.com\/web\/dona-suport-al-sector-esportiu\/","title":{"rendered":"D\u00f3na suport al sector esportiu"},"content":{"rendered":"\n<p class=\"has-text-color has-text-align-center has-large-font-size has-very-dark-gray-color\"><strong>Que la COVID19 no t\u2019aturi!<\/strong><\/p>\n\n\n\n<p><strong>Qu\u00e8 \u00e9s? En qu\u00e8 consisteix aquesta campanya?<br><\/strong>Des del Col\u00b7legi Oficial d\u2019Educaci\u00f3 F\u00edsica i de Llicenciats en Ci\u00e8ncies de l\u2019Activitat F\u00edsica i l\u2019esport de les Illes Balears (d\u2019ara endavant COLEFIB), ens veiem en l\u2019obligaci\u00f3 de donar suport a totes aquelles persones que s\u2019han vist, es veuen i es veuran afectades, directa i indirectament, per les mesures que han de prendre els governs per lluitar contra la pand\u00e8mia mundial que ens afecta, la COVID-19.<\/p>\n\n\n\n<p>Els objectius, per tant, s\u00f3n:<\/p>\n\n\n\n<ul><li>Informar al ciutad\u00e0 que, a causa de la pand\u00e8mia, han augmentat els nivells de sedentarisme, sobrep\u00e8s, obesitat, estr\u00e8s, ansietat, etc. Per tant, es fa necessari recuperar l\u2019adher\u00e8ncia a una activitat o exercici f\u00edsic de manera regular.<\/li><li>Conscienciar a la poblaci\u00f3, institucions i, sobretot a l\u2019administraci\u00f3 p\u00fablica que la practica d\u2019activitat f\u00edsica, exercici f\u00edsic i esportiva \u00e9s segura a les Illes Balears, seguint les mesures de protecci\u00f3, higiene i neteja.<\/li><li>Recolzar, empatitzar i mostrar el nostre reconeixement per la gran feina d\u2019adaptaci\u00f3 i constant reciclatge que estan fent els professionals de l\u2019esport a les Illes Balears.<\/li><li>Posar la feina de la nostra corporaci\u00f3 a disposici\u00f3 de tots aquests professionals en aquests temps de pand\u00e8mia tant complicats per tothom.<\/li><li>Fer del sector esportiu un sector essencial, i aix\u00ed no anular completament els serveis esportius de les Illes Balears en temps de \u2018nova normalitat\u2019.<\/li><li>Millorar les condicions d\u2019apertura dels centres esportius augmentant els percentatge d\u2019aforament.<\/li><li>Sol\u00b7licitar una baixada de l\u2019IVA (actualment 21%) als serveis esportius, at\u00e8s que afecta directament sobre la salut dels ciutadans.<\/li><\/ul>\n\n\n\n<p><strong>Per qu\u00e8 es posa en pr\u00e0ctica?<br><\/strong>Volem fer saber que la pr\u00e0ctica d\u2019activitat f\u00edsica, exercici f\u00edsic i esport seguint les mesures de protecci\u00f3, neteja i seguretat, \u00e9s una eina que s\u2019ha emprar contra la COVID-19.<br>El Centre de Coordinaci\u00f3 d\u2019Alertes i Emerg\u00e8ncies Sanit\u00e0ries del Ministeri de Sanitat, ha informat que les <strong><a href=\"https:\/\/www.plataformacolef.es\/es\/0\/1\/344\/El-ejercicio-fisico-como-una-herramienta-frente-a-la-COVID-19.html\" target=\"_blank\" aria-label=\"undefined (abre en una nueva pesta\u00f1a)\" rel=\"noreferrer noopener\">activitats esportives representen nom\u00e9s un 0,22% del total de casos de COVID-19 a Espanya<\/a><\/strong> .<br>En aquest context en el qual ja es coneix el baix risc de contagi en la pr\u00e0ctica fisicoesportiva, l&#8217;Administraci\u00f3 P\u00fablica hauria d&#8217;aprofitar els efectes immunomoduladors de l&#8217;exercici favorablement contra aquest virus.<\/p>\n\n\n\n<p><strong>Quan es dur\u00e0 a terme?<br><\/strong>Des de ja! A partir de dilluns 9 de novembre de 2020 a les 8h. que des del COLEF IB i els companys d\u2019AGEPIB i AEIEB, farem les nostres publicacions, a la nostra p\u00e0gina web i a les nostres xarxes socials (Facebook i Twitter).<\/p>\n\n\n\n<p><strong>Qui pot participar i com participar-hi?<br><\/strong>Tothom que vulgui i disposi d\u2019un perfil a qualsevol xarxa social compartint i fent arribar al major n\u00famero de persones possibles aquesta iniciativa, i sobretot, participant activament en la pr\u00e0ctica de l\u2019exercici f\u00edsic. Mou-te!<\/p>\n\n\n\n<p>Nom\u00e9s s\u2019ha de donar m\u2019agrada, comentar i compartir les nostres publicacions a les xarxes socials mencionades al punt anterior, o fer-ho directament des de la nostra p\u00e0gina web.<br>I si disposeu de web pr\u00f2pia a la vostra entitat, club, associaci\u00f3, etc. nom\u00e9s ens heu de demanar el text i les infografies i les compartirem amb vosaltres amb el grand\u00e0ria que necessiteu.<\/p>\n\n\n\n<p><strong>Amb el suport de:<\/strong><\/p>\n\n\n\n<div class=\"wp-block-image\"><figure class=\"aligncenter size-large\"><img decoding=\"async\" src=\"http:\/\/www.agepib.es\/images\/logo.png\" alt=\"\"\/><\/figure><\/div>\n\n\n\n<p class=\"has-text-align-center\">Il\u00b7lustraci\u00f3 1: Associaci\u00f3 de Gestors Esportius Professionals de les Illes Balears<\/p>\n\n\n\n<div class=\"wp-block-image\"><figure class=\"aligncenter size-large\"><img decoding=\"async\" src=\"https:\/\/static.wixstatic.com\/media\/c2c1a2_6a1a210c73884a9d8608acf991597801~mv2.png\/v1\/fill\/w_135,h_94,al_c,q_85,usm_0.66_1.00_0.01\/logo%20sin%20letras_Mesa%20de%20trabajo%201%20copia_.webp\" alt=\"\"\/><\/figure><\/div>\n\n\n\n<p class=\"has-text-align-center\">Il\u00b7lustraci\u00f3 2: Associaci\u00f3 d&#8217;Empresaris d&#8217;Instal\u00b7lacions Esportives de les Illes Balears<\/p>\n\n\n\n<p><strong>Base de dades col\u00b7legial:<br><\/strong>Aprofitem aquesta iniciativa per compartir amb tothom que ho necessiti, la nostra <strong><a href=\"http:\/\/www.colefillesbalears.com\/web\/2020\/07\/03\/http-www-colefillesbalears-com-web-2020-04-17-https-bit-ly-2xgvxs2\/\" target=\"_blank\" aria-label=\"undefined (abre en una nueva pesta\u00f1a)\" rel=\"noreferrer noopener\">bases de dades d\u2019Educadors F\u00edsics Esportius especialistes en salut i entrenament<\/a><\/strong>.<br>Us recordem, que tots ells i elles s\u00f3n titulats en Educaci\u00f3 F\u00edsica o, Llicenciats o Graduats en Ci\u00e8ncies de l\u2019Activitat F\u00edsica i l\u2019Esport; \u00e9s a dir, la m\u00e0xima titulaci\u00f3 acad\u00e8mica a nivell esportiu.<\/p>\n\n\n\n<p><strong>Vols contactar amb nosaltres?<br><\/strong>Col\u00b7legi Oficial d\u2019Educaci\u00f3 F\u00edsica i de Llicenciats en Ci\u00e8ncies de l\u2019Activitat F\u00edsica i l\u2019Esport de les Illes Balears<\/p>\n\n\n\n<p>Correus electr\u00f2nics:<\/p>\n\n\n\n<ul><li>Administraci\u00f3: info@colefillesbalears.com<\/li><li>Ger\u00e8ncia: gerencia@colefillesbalears.com<\/li><li>Presid\u00e8ncia: presidencia@colefillesbalears.com<\/li><\/ul>\n\n\n\n<p>Altres contactes:<\/p>\n\n\n\n<ul><li>Tel\u00e8fon m\u00f2bil: 650 07 46 22 (sms, \u00e0udios i missatges via whatsapp).<\/li><\/ul>\n\n\n\n<p>Perfils xarxes socials:<\/p>\n\n\n\n<ul><li>Facebook: @colef.illesbalears<\/li><li>Twitter: @COLEFBalears<\/li><\/ul>\n\n\n\n<p class=\"has-text-color has-text-align-center has-large-font-size has-very-dark-gray-color\"><strong>El teu benestar \u00e9s la nostra prioritat!<\/strong><\/p>\n\n\n\n<hr class=\"wp-block-separator\"\/>\n\n\n\n<p><a aria-label=\"undefined (abre en una nueva pesta\u00f1a)\" href=\"https:\/\/drive.google.com\/file\/d\/1m7IMG08h6Pfn5SJU2iQOT0RUPiEkvr3p\/view?usp=sharing\" target=\"_blank\" rel=\"noreferrer noopener\"> <strong>INFOGRAFIA<\/strong><\/a><\/p>\n\n\n\n<p><strong><a href=\"https:\/\/drive.google.com\/file\/d\/1V6aZ66encO9aGjI5lQZpIwzs03WtjSZV\/view?usp=sharing\" target=\"_blank\" aria-label=\"undefined (abre en una nueva pesta\u00f1a)\" rel=\"noreferrer noopener\">CARTELL XARXES SOCIALS<\/a><\/strong><\/p>\n","protected":false},"excerpt":{"rendered":"<p>Que la COVID19 no t\u2019aturi! Qu\u00e8 \u00e9s? En qu\u00e8 consisteix aquesta campanya?Des del Col\u00b7legi Oficial d\u2019Educaci\u00f3 F\u00edsica i de Llicenciats en Ci\u00e8ncies de l\u2019Activitat F\u00edsica i l\u2019esport de les Illes Balears (d\u2019ara endavant COLEFIB), ens veiem en l\u2019obligaci\u00f3 de donar suport a totes aquelles persones que s\u2019han vist, es veuen i es veuran afectades, directa [&hellip;]<\/p>\n","protected":false},"author":4,"featured_media":5216,"parent":0,"menu_order":0,"comment_status":"closed","ping_status":"closed","template":"","meta":[],"yoast_head":"<!-- This site is optimized with the Yoast SEO plugin v19.6.1 - https:\/\/yoast.com\/wordpress\/plugins\/seo\/ -->\n<title>D\u00f3na suport al sector esportiu - COLEF Illes Balears<\/title>\n<meta name=\"robots\" content=\"index, follow, max-snippet:-1, max-image-preview:large, max-video-preview:-1\" \/>\n<link rel=\"canonical\" href=\"http:\/\/www.colefillesbalears.com\/web\/dona-suport-al-sector-esportiu\/\" \/>\n<meta property=\"og:locale\" content=\"es_ES\" \/>\n<meta property=\"og:type\" content=\"article\" \/>\n<meta property=\"og:title\" content=\"D\u00f3na suport al sector esportiu - COLEF Illes Balears\" \/>\n<meta property=\"og:description\" content=\"Que la COVID19 no t\u2019aturi! Qu\u00e8 \u00e9s? En qu\u00e8 consisteix aquesta campanya?Des del Col\u00b7legi Oficial d\u2019Educaci\u00f3 F\u00edsica i de Llicenciats en Ci\u00e8ncies de l\u2019Activitat F\u00edsica i l\u2019esport de les Illes Balears (d\u2019ara endavant COLEFIB), ens veiem en l\u2019obligaci\u00f3 de donar suport a totes aquelles persones que s\u2019han vist, es veuen i es veuran afectades, directa [&hellip;]\" \/>\n<meta property=\"og:url\" content=\"http:\/\/www.colefillesbalears.com\/web\/dona-suport-al-sector-esportiu\/\" \/>\n<meta property=\"og:site_name\" content=\"COLEF Illes Balears\" \/>\n<meta property=\"article:publisher\" content=\"https:\/\/www.facebook.com\/colef.illesbalears\/?ref=bookmarks\" \/>\n<meta property=\"article:modified_time\" content=\"2020-11-07T06:02:09+00:00\" \/>\n<meta property=\"og:image\" content=\"http:\/\/www.colefillesbalears.com\/web\/wp-content\/uploads\/2020\/11\/dona-suport-info-2-1.png\" \/>\n\t<meta property=\"og:image:width\" content=\"942\" \/>\n\t<meta property=\"og:image:height\" content=\"2000\" \/>\n\t<meta property=\"og:image:type\" content=\"image\/png\" \/>\n<meta name=\"twitter:card\" content=\"summary_large_image\" \/>\n<meta name=\"twitter:site\" content=\"@COLEFBalears\" \/>\n<meta name=\"twitter:label1\" content=\"Tiempo de lectura\" \/>\n\t<meta name=\"twitter:data1\" content=\"4 minutos\" \/>\n<script type=\"application\/ld+json\" class=\"yoast-schema-graph\">{\"@context\":\"https:\/\/schema.org\",\"@graph\":[{\"@type\":\"WebPage\",\"@id\":\"http:\/\/www.colefillesbalears.com\/web\/dona-suport-al-sector-esportiu\/\",\"url\":\"http:\/\/www.colefillesbalears.com\/web\/dona-suport-al-sector-esportiu\/\",\"name\":\"D\u00f3na suport al sector esportiu - COLEF Illes Balears\",\"isPartOf\":{\"@id\":\"http:\/\/www.colefillesbalears.com\/web\/#website\"},\"datePublished\":\"2020-11-07T13:02:00+00:00\",\"dateModified\":\"2020-11-07T06:02:09+00:00\",\"breadcrumb\":{\"@id\":\"http:\/\/www.colefillesbalears.com\/web\/dona-suport-al-sector-esportiu\/#breadcrumb\"},\"inLanguage\":\"es\",\"potentialAction\":[{\"@type\":\"ReadAction\",\"target\":[\"http:\/\/www.colefillesbalears.com\/web\/dona-suport-al-sector-esportiu\/\"]}]},{\"@type\":\"BreadcrumbList\",\"@id\":\"http:\/\/www.colefillesbalears.com\/web\/dona-suport-al-sector-esportiu\/#breadcrumb\",\"itemListElement\":[{\"@type\":\"ListItem\",\"position\":1,\"name\":\"Portada\",\"item\":\"http:\/\/www.colefillesbalears.com\/web\/\"},{\"@type\":\"ListItem\",\"position\":2,\"name\":\"D\u00f3na suport al sector esportiu\"}]},{\"@type\":\"WebSite\",\"@id\":\"http:\/\/www.colefillesbalears.com\/web\/#website\",\"url\":\"http:\/\/www.colefillesbalears.com\/web\/\",\"name\":\"COLEF Illes Balears\",\"description\":\"\",\"publisher\":{\"@id\":\"http:\/\/www.colefillesbalears.com\/web\/#organization\"},\"potentialAction\":[{\"@type\":\"SearchAction\",\"target\":{\"@type\":\"EntryPoint\",\"urlTemplate\":\"http:\/\/www.colefillesbalears.com\/web\/?s={search_term_string}\"},\"query-input\":\"required name=search_term_string\"}],\"inLanguage\":\"es\"},{\"@type\":\"Organization\",\"@id\":\"http:\/\/www.colefillesbalears.com\/web\/#organization\",\"name\":\"Col\u00b7legi Oficial de Llicenciats en Ci\u00e8ncies de l'Activitat F\u00edsica i l'Esport de les Illes Balears\",\"url\":\"http:\/\/www.colefillesbalears.com\/web\/\",\"sameAs\":[\"https:\/\/www.youtube.com\/channel\/UClDRzEzUh03bePGcdVFw1cQ\/featured\",\"https:\/\/www.facebook.com\/colef.illesbalears\/?ref=bookmarks\",\"https:\/\/twitter.com\/COLEFBalears\"],\"logo\":{\"@type\":\"ImageObject\",\"inLanguage\":\"es\",\"@id\":\"http:\/\/www.colefillesbalears.com\/web\/#\/schema\/logo\/image\/\",\"url\":\"http:\/\/www.colefillesbalears.com\/web\/wp-content\/uploads\/2019\/05\/logo-colef-5.png\",\"contentUrl\":\"http:\/\/www.colefillesbalears.com\/web\/wp-content\/uploads\/2019\/05\/logo-colef-5.png\",\"width\":414,\"height\":175,\"caption\":\"Col\u00b7legi Oficial de Llicenciats en Ci\u00e8ncies de l'Activitat F\u00edsica i l'Esport de les Illes Balears\"},\"image\":{\"@id\":\"http:\/\/www.colefillesbalears.com\/web\/#\/schema\/logo\/image\/\"}}]}<\/script>\n<!-- \/ Yoast SEO plugin. -->","yoast_head_json":{"title":"D\u00f3na suport al sector esportiu - COLEF Illes Balears","robots":{"index":"index","follow":"follow","max-snippet":"max-snippet:-1","max-image-preview":"max-image-preview:large","max-video-preview":"max-video-preview:-1"},"canonical":"http:\/\/www.colefillesbalears.com\/web\/dona-suport-al-sector-esportiu\/","og_locale":"es_ES","og_type":"article","og_title":"D\u00f3na suport al sector esportiu - COLEF Illes Balears","og_description":"Que la COVID19 no t\u2019aturi! Qu\u00e8 \u00e9s? En qu\u00e8 consisteix aquesta campanya?Des del Col\u00b7legi Oficial d\u2019Educaci\u00f3 F\u00edsica i de Llicenciats en Ci\u00e8ncies de l\u2019Activitat F\u00edsica i l\u2019esport de les Illes Balears (d\u2019ara endavant COLEFIB), ens veiem en l\u2019obligaci\u00f3 de donar suport a totes aquelles persones que s\u2019han vist, es veuen i es veuran afectades, directa [&hellip;]","og_url":"http:\/\/www.colefillesbalears.com\/web\/dona-suport-al-sector-esportiu\/","og_site_name":"COLEF Illes Balears","article_publisher":"https:\/\/www.facebook.com\/colef.illesbalears\/?ref=bookmarks","article_modified_time":"2020-11-07T06:02:09+00:00","og_image":[{"width":942,"height":2000,"url":"http:\/\/www.colefillesbalears.com\/web\/wp-content\/uploads\/2020\/11\/dona-suport-info-2-1.png","type":"image\/png"}],"twitter_card":"summary_large_image","twitter_site":"@COLEFBalears","twitter_misc":{"Tiempo de lectura":"4 minutos"},"schema":{"@context":"https:\/\/schema.org","@graph":[{"@type":"WebPage","@id":"http:\/\/www.colefillesbalears.com\/web\/dona-suport-al-sector-esportiu\/","url":"http:\/\/www.colefillesbalears.com\/web\/dona-suport-al-sector-esportiu\/","name":"D\u00f3na suport al sector esportiu - COLEF Illes Balears","isPartOf":{"@id":"http:\/\/www.colefillesbalears.com\/web\/#website"},"datePublished":"2020-11-07T13:02:00+00:00","dateModified":"2020-11-07T06:02:09+00:00","breadcrumb":{"@id":"http:\/\/www.colefillesbalears.com\/web\/dona-suport-al-sector-esportiu\/#breadcrumb"},"inLanguage":"es","potentialAction":[{"@type":"ReadAction","target":["http:\/\/www.colefillesbalears.com\/web\/dona-suport-al-sector-esportiu\/"]}]},{"@type":"BreadcrumbList","@id":"http:\/\/www.colefillesbalears.com\/web\/dona-suport-al-sector-esportiu\/#breadcrumb","itemListElement":[{"@type":"ListItem","position":1,"name":"Portada","item":"http:\/\/www.colefillesbalears.com\/web\/"},{"@type":"ListItem","position":2,"name":"D\u00f3na suport al sector esportiu"}]},{"@type":"WebSite","@id":"http:\/\/www.colefillesbalears.com\/web\/#website","url":"http:\/\/www.colefillesbalears.com\/web\/","name":"COLEF Illes Balears","description":"","publisher":{"@id":"http:\/\/www.colefillesbalears.com\/web\/#organization"},"potentialAction":[{"@type":"SearchAction","target":{"@type":"EntryPoint","urlTemplate":"http:\/\/www.colefillesbalears.com\/web\/?s={search_term_string}"},"query-input":"required name=search_term_string"}],"inLanguage":"es"},{"@type":"Organization","@id":"http:\/\/www.colefillesbalears.com\/web\/#organization","name":"Col\u00b7legi Oficial de Llicenciats en Ci\u00e8ncies de l'Activitat F\u00edsica i l'Esport de les Illes Balears","url":"http:\/\/www.colefillesbalears.com\/web\/","sameAs":["https:\/\/www.youtube.com\/channel\/UClDRzEzUh03bePGcdVFw1cQ\/featured","https:\/\/www.facebook.com\/colef.illesbalears\/?ref=bookmarks","https:\/\/twitter.com\/COLEFBalears"],"logo":{"@type":"ImageObject","inLanguage":"es","@id":"http:\/\/www.colefillesbalears.com\/web\/#\/schema\/logo\/image\/","url":"http:\/\/www.colefillesbalears.com\/web\/wp-content\/uploads\/2019\/05\/logo-colef-5.png","contentUrl":"http:\/\/www.colefillesbalears.com\/web\/wp-content\/uploads\/2019\/05\/logo-colef-5.png","width":414,"height":175,"caption":"Col\u00b7legi Oficial de Llicenciats en Ci\u00e8ncies de l'Activitat F\u00edsica i l'Esport de les Illes Balears"},"image":{"@id":"http:\/\/www.colefillesbalears.com\/web\/#\/schema\/logo\/image\/"}}]}},"_links":{"self":[{"href":"http:\/\/www.colefillesbalears.com\/web\/wp-json\/wp\/v2\/pages\/5204"}],"collection":[{"href":"http:\/\/www.colefillesbalears.com\/web\/wp-json\/wp\/v2\/pages"}],"about":[{"href":"http:\/\/www.colefillesbalears.com\/web\/wp-json\/wp\/v2\/types\/page"}],"author":[{"embeddable":true,"href":"http:\/\/www.colefillesbalears.com\/web\/wp-json\/wp\/v2\/users\/4"}],"replies":[{"embeddable":true,"href":"http:\/\/www.colefillesbalears.com\/web\/wp-json\/wp\/v2\/comments?post=5204"}],"version-history":[{"count":10,"href":"http:\/\/www.colefillesbalears.com\/web\/wp-json\/wp\/v2\/pages\/5204\/revisions"}],"predecessor-version":[{"id":5219,"href":"http:\/\/www.colefillesbalears.com\/web\/wp-json\/wp\/v2\/pages\/5204\/revisions\/5219"}],"wp:featuredmedia":[{"embeddable":true,"href":"http:\/\/www.colefillesbalears.com\/web\/wp-json\/wp\/v2\/media\/5216"}],"wp:attachment":[{"href":"http:\/\/www.colefillesbalears.com\/web\/wp-json\/wp\/v2\/media?parent=5204"}],"curies":[{"name":"wp","href":"https:\/\/api.w.org\/{rel}","templated":true}]}}