{"id":5104,"date":"2020-09-28T08:27:50","date_gmt":"2020-09-28T08:27:50","guid":{"rendered":"http:\/\/www.colefillesbalears.com\/web\/?page_id=5104"},"modified":"2025-03-20T08:01:03","modified_gmt":"2025-03-20T08:01:03","slug":"altres-assegurances","status":"publish","type":"page","link":"http:\/\/www.colefillesbalears.com\/web\/altres-assegurances\/","title":{"rendered":"Altres assegurances"},"content":{"rendered":"\n<h2 class=\"wp-block-heading\">Com sabr\u00e0s, com a col\u00b7legiat o col\u00b7legiada del COLEF Illes Balears, a dins de la teva quota anual tens inclosa una asseguran\u00e7a de responsabilitat civil per a la teva activitat professional.<\/h2>\n\n\n\n<h2 class=\"wp-block-heading\">No obstant aix\u00f2, en molts casos tamb\u00e9 s\u2019aconsella disposar d\u2019un altre tipus d\u2019asseguran\u00e7a (accidents, etc.) per dur a terme els vostres serveis de la manera m\u00e9s segura. Per aquest motiu, el COLEF Illes Balears posa a la vostra disposici\u00f3 aquest formulari. <\/h2>\n\n\n\n<p><strong><a href=\"https:\/\/www.youtube.com\/live\/L93edMf8Bnc\">Webinar informatiu nou producte col\u00b7legial: Asseguran\u00e7a d&#8217;accidents\u00a018\/03<\/a>.<\/strong><\/p>\n\n\n\n<h2 class=\"wp-block-heading\">Una vegada ens l\u2019envieu, ens posarem en contacte amb la correiduria conveniada per oferir-vos el millor servei.<\/h2>\n\n\n\n<figure class=\"wp-block-table\"><table><tbody><tr><td>[wpforms id=\u00bb5099&#8243;]<\/td><\/tr><\/tbody><\/table><\/figure>\n\n\n\n<p>Gr\u00e0cies per confiar en nosaltres!<\/p>\n","protected":false},"excerpt":{"rendered":"<p>Com sabr\u00e0s, com a col\u00b7legiat o col\u00b7legiada del COLEF Illes Balears, a dins de la teva quota anual tens inclosa una asseguran\u00e7a de responsabilitat civil per a la teva activitat professional. No obstant aix\u00f2, en molts casos tamb\u00e9 s\u2019aconsella disposar d\u2019un altre tipus d\u2019asseguran\u00e7a (accidents, etc.) per dur a terme els vostres serveis de la [&hellip;]<\/p>\n","protected":false},"author":4,"featured_media":0,"parent":0,"menu_order":0,"comment_status":"closed","ping_status":"closed","template":"","meta":[],"yoast_head":"<!-- This site is optimized with the Yoast SEO plugin v19.6.1 - https:\/\/yoast.com\/wordpress\/plugins\/seo\/ -->\n<title>Altres assegurances - COLEF Illes Balears<\/title>\n<meta name=\"robots\" content=\"index, follow, max-snippet:-1, max-image-preview:large, max-video-preview:-1\" \/>\n<link rel=\"canonical\" href=\"https:\/\/www.colefillesbalears.com\/web\/altres-assegurances\/\" \/>\n<meta property=\"og:locale\" content=\"es_ES\" \/>\n<meta property=\"og:type\" content=\"article\" \/>\n<meta property=\"og:title\" content=\"Altres assegurances - COLEF Illes Balears\" \/>\n<meta property=\"og:description\" content=\"Com sabr\u00e0s, com a col\u00b7legiat o col\u00b7legiada del COLEF Illes Balears, a dins de la teva quota anual tens inclosa una asseguran\u00e7a de responsabilitat civil per a la teva activitat professional. No obstant aix\u00f2, en molts casos tamb\u00e9 s\u2019aconsella disposar d\u2019un altre tipus d\u2019asseguran\u00e7a (accidents, etc.) per dur a terme els vostres serveis de la [&hellip;]\" \/>\n<meta property=\"og:url\" content=\"https:\/\/www.colefillesbalears.com\/web\/altres-assegurances\/\" \/>\n<meta property=\"og:site_name\" content=\"COLEF Illes Balears\" \/>\n<meta property=\"article:publisher\" content=\"https:\/\/www.facebook.com\/colef.illesbalears\/?ref=bookmarks\" \/>\n<meta property=\"article:modified_time\" content=\"2025-03-20T08:01:03+00:00\" \/>\n<meta name=\"twitter:card\" content=\"summary_large_image\" \/>\n<meta name=\"twitter:site\" content=\"@COLEFBalears\" \/>\n<meta name=\"twitter:label1\" content=\"Tiempo de lectura\" \/>\n\t<meta name=\"twitter:data1\" content=\"1 minuto\" \/>\n<script type=\"application\/ld+json\" class=\"yoast-schema-graph\">{\"@context\":\"https:\/\/schema.org\",\"@graph\":[{\"@type\":\"WebPage\",\"@id\":\"https:\/\/www.colefillesbalears.com\/web\/altres-assegurances\/\",\"url\":\"https:\/\/www.colefillesbalears.com\/web\/altres-assegurances\/\",\"name\":\"Altres assegurances - COLEF Illes Balears\",\"isPartOf\":{\"@id\":\"http:\/\/www.colefillesbalears.com\/web\/#website\"},\"datePublished\":\"2020-09-28T08:27:50+00:00\",\"dateModified\":\"2025-03-20T08:01:03+00:00\",\"breadcrumb\":{\"@id\":\"https:\/\/www.colefillesbalears.com\/web\/altres-assegurances\/#breadcrumb\"},\"inLanguage\":\"es\",\"potentialAction\":[{\"@type\":\"ReadAction\",\"target\":[\"https:\/\/www.colefillesbalears.com\/web\/altres-assegurances\/\"]}]},{\"@type\":\"BreadcrumbList\",\"@id\":\"https:\/\/www.colefillesbalears.com\/web\/altres-assegurances\/#breadcrumb\",\"itemListElement\":[{\"@type\":\"ListItem\",\"position\":1,\"name\":\"Portada\",\"item\":\"http:\/\/www.colefillesbalears.com\/web\/\"},{\"@type\":\"ListItem\",\"position\":2,\"name\":\"Altres assegurances\"}]},{\"@type\":\"WebSite\",\"@id\":\"http:\/\/www.colefillesbalears.com\/web\/#website\",\"url\":\"http:\/\/www.colefillesbalears.com\/web\/\",\"name\":\"COLEF Illes Balears\",\"description\":\"\",\"publisher\":{\"@id\":\"http:\/\/www.colefillesbalears.com\/web\/#organization\"},\"potentialAction\":[{\"@type\":\"SearchAction\",\"target\":{\"@type\":\"EntryPoint\",\"urlTemplate\":\"http:\/\/www.colefillesbalears.com\/web\/?s={search_term_string}\"},\"query-input\":\"required name=search_term_string\"}],\"inLanguage\":\"es\"},{\"@type\":\"Organization\",\"@id\":\"http:\/\/www.colefillesbalears.com\/web\/#organization\",\"name\":\"Col\u00b7legi Oficial de Llicenciats en Ci\u00e8ncies de l'Activitat F\u00edsica i l'Esport de les Illes Balears\",\"url\":\"http:\/\/www.colefillesbalears.com\/web\/\",\"sameAs\":[\"https:\/\/www.youtube.com\/channel\/UClDRzEzUh03bePGcdVFw1cQ\/featured\",\"https:\/\/www.facebook.com\/colef.illesbalears\/?ref=bookmarks\",\"https:\/\/twitter.com\/COLEFBalears\"],\"logo\":{\"@type\":\"ImageObject\",\"inLanguage\":\"es\",\"@id\":\"http:\/\/www.colefillesbalears.com\/web\/#\/schema\/logo\/image\/\",\"url\":\"http:\/\/www.colefillesbalears.com\/web\/wp-content\/uploads\/2019\/05\/logo-colef-5.png\",\"contentUrl\":\"http:\/\/www.colefillesbalears.com\/web\/wp-content\/uploads\/2019\/05\/logo-colef-5.png\",\"width\":414,\"height\":175,\"caption\":\"Col\u00b7legi Oficial de Llicenciats en Ci\u00e8ncies de l'Activitat F\u00edsica i l'Esport de les Illes Balears\"},\"image\":{\"@id\":\"http:\/\/www.colefillesbalears.com\/web\/#\/schema\/logo\/image\/\"}}]}<\/script>\n<!-- \/ Yoast SEO plugin. -->","yoast_head_json":{"title":"Altres assegurances - COLEF Illes Balears","robots":{"index":"index","follow":"follow","max-snippet":"max-snippet:-1","max-image-preview":"max-image-preview:large","max-video-preview":"max-video-preview:-1"},"canonical":"https:\/\/www.colefillesbalears.com\/web\/altres-assegurances\/","og_locale":"es_ES","og_type":"article","og_title":"Altres assegurances - COLEF Illes Balears","og_description":"Com sabr\u00e0s, com a col\u00b7legiat o col\u00b7legiada del COLEF Illes Balears, a dins de la teva quota anual tens inclosa una asseguran\u00e7a de responsabilitat civil per a la teva activitat professional. No obstant aix\u00f2, en molts casos tamb\u00e9 s\u2019aconsella disposar d\u2019un altre tipus d\u2019asseguran\u00e7a (accidents, etc.) per dur a terme els vostres serveis de la [&hellip;]","og_url":"https:\/\/www.colefillesbalears.com\/web\/altres-assegurances\/","og_site_name":"COLEF Illes Balears","article_publisher":"https:\/\/www.facebook.com\/colef.illesbalears\/?ref=bookmarks","article_modified_time":"2025-03-20T08:01:03+00:00","twitter_card":"summary_large_image","twitter_site":"@COLEFBalears","twitter_misc":{"Tiempo de lectura":"1 minuto"},"schema":{"@context":"https:\/\/schema.org","@graph":[{"@type":"WebPage","@id":"https:\/\/www.colefillesbalears.com\/web\/altres-assegurances\/","url":"https:\/\/www.colefillesbalears.com\/web\/altres-assegurances\/","name":"Altres assegurances - COLEF Illes Balears","isPartOf":{"@id":"http:\/\/www.colefillesbalears.com\/web\/#website"},"datePublished":"2020-09-28T08:27:50+00:00","dateModified":"2025-03-20T08:01:03+00:00","breadcrumb":{"@id":"https:\/\/www.colefillesbalears.com\/web\/altres-assegurances\/#breadcrumb"},"inLanguage":"es","potentialAction":[{"@type":"ReadAction","target":["https:\/\/www.colefillesbalears.com\/web\/altres-assegurances\/"]}]},{"@type":"BreadcrumbList","@id":"https:\/\/www.colefillesbalears.com\/web\/altres-assegurances\/#breadcrumb","itemListElement":[{"@type":"ListItem","position":1,"name":"Portada","item":"http:\/\/www.colefillesbalears.com\/web\/"},{"@type":"ListItem","position":2,"name":"Altres assegurances"}]},{"@type":"WebSite","@id":"http:\/\/www.colefillesbalears.com\/web\/#website","url":"http:\/\/www.colefillesbalears.com\/web\/","name":"COLEF Illes Balears","description":"","publisher":{"@id":"http:\/\/www.colefillesbalears.com\/web\/#organization"},"potentialAction":[{"@type":"SearchAction","target":{"@type":"EntryPoint","urlTemplate":"http:\/\/www.colefillesbalears.com\/web\/?s={search_term_string}"},"query-input":"required name=search_term_string"}],"inLanguage":"es"},{"@type":"Organization","@id":"http:\/\/www.colefillesbalears.com\/web\/#organization","name":"Col\u00b7legi Oficial de Llicenciats en Ci\u00e8ncies de l'Activitat F\u00edsica i l'Esport de les Illes Balears","url":"http:\/\/www.colefillesbalears.com\/web\/","sameAs":["https:\/\/www.youtube.com\/channel\/UClDRzEzUh03bePGcdVFw1cQ\/featured","https:\/\/www.facebook.com\/colef.illesbalears\/?ref=bookmarks","https:\/\/twitter.com\/COLEFBalears"],"logo":{"@type":"ImageObject","inLanguage":"es","@id":"http:\/\/www.colefillesbalears.com\/web\/#\/schema\/logo\/image\/","url":"http:\/\/www.colefillesbalears.com\/web\/wp-content\/uploads\/2019\/05\/logo-colef-5.png","contentUrl":"http:\/\/www.colefillesbalears.com\/web\/wp-content\/uploads\/2019\/05\/logo-colef-5.png","width":414,"height":175,"caption":"Col\u00b7legi Oficial de Llicenciats en Ci\u00e8ncies de l'Activitat F\u00edsica i l'Esport de les Illes Balears"},"image":{"@id":"http:\/\/www.colefillesbalears.com\/web\/#\/schema\/logo\/image\/"}}]}},"_links":{"self":[{"href":"http:\/\/www.colefillesbalears.com\/web\/wp-json\/wp\/v2\/pages\/5104"}],"collection":[{"href":"http:\/\/www.colefillesbalears.com\/web\/wp-json\/wp\/v2\/pages"}],"about":[{"href":"http:\/\/www.colefillesbalears.com\/web\/wp-json\/wp\/v2\/types\/page"}],"author":[{"embeddable":true,"href":"http:\/\/www.colefillesbalears.com\/web\/wp-json\/wp\/v2\/users\/4"}],"replies":[{"embeddable":true,"href":"http:\/\/www.colefillesbalears.com\/web\/wp-json\/wp\/v2\/comments?post=5104"}],"version-history":[{"count":8,"href":"http:\/\/www.colefillesbalears.com\/web\/wp-json\/wp\/v2\/pages\/5104\/revisions"}],"predecessor-version":[{"id":8198,"href":"http:\/\/www.colefillesbalears.com\/web\/wp-json\/wp\/v2\/pages\/5104\/revisions\/8198"}],"wp:attachment":[{"href":"http:\/\/www.colefillesbalears.com\/web\/wp-json\/wp\/v2\/media?parent=5104"}],"curies":[{"name":"wp","href":"https:\/\/api.w.org\/{rel}","templated":true}]}}