{"id":478,"date":"2015-07-25T13:17:46","date_gmt":"2015-07-25T13:17:46","guid":{"rendered":"http:\/\/www.colefillesbalears.com\/web\/?page_id=478"},"modified":"2020-11-16T08:14:07","modified_gmt":"2020-11-16T08:14:07","slug":"ofertes-de-treball","status":"publish","type":"page","link":"http:\/\/www.colefillesbalears.com\/web\/area-dusuaris-i-consumidors\/ofertes-de-treball\/","title":{"rendered":"Ofertes de treball"},"content":{"rendered":"<p>Si ets una empresa o aut\u00f2nom\/a i vols publicar una nova oferta d&#8217;ocupaci\u00f3 o consultar l&#8217;estat de les teves ofertes ja publicades, accedeix <a href=\"https:\/\/www.plataformacolef.es\/es\/0\/23\/Bolsa-de-empleo.html\" target=\"_blank\" rel=\"noopener noreferrer\"><strong>aqu\u00ed<\/strong><\/a>.\u00a0<\/p>\n<p>Una vegada rebuda l&#8217;oferta, el COLEF Illes Balears la validar\u00e0 i quedar\u00e0 publicada a la relaci\u00f3 d&#8217;ofertes del <strong><a href=\"https:\/\/www.plataformacolef.es\/es\/0\/23\/Bolsa-de-empleo.html\" target=\"_blank\" rel=\"noopener noreferrer\">Bors\u00ed de feina de la nostra plataforma<\/a>.\u00a0<\/strong><\/p>\n<p>Si tens qualsevol dubte o problema, envia&#8217;ns la teva consulta a trav\u00e9s del <a href=\"http:\/\/www.colefillesbalears.com\/web\/consulta-assesorament\/\" target=\"_blank\" rel=\"noopener noreferrer\"><strong>formulari<\/strong><\/a> habilitat.<\/p>\n\n\n<p><\/p>\n","protected":false},"excerpt":{"rendered":"<p>Si ets una empresa o aut\u00f2nom\/a i vols publicar una nova oferta d&#8217;ocupaci\u00f3 o consultar l&#8217;estat de les teves ofertes ja publicades, accedeix aqu\u00ed.\u00a0 Una vegada rebuda l&#8217;oferta, el COLEF Illes Balears la validar\u00e0 i quedar\u00e0 publicada a la relaci\u00f3 d&#8217;ofertes del Bors\u00ed de feina de la nostra plataforma.\u00a0 Si tens qualsevol dubte o problema, [&hellip;]<\/p>\n","protected":false},"author":1,"featured_media":0,"parent":312,"menu_order":0,"comment_status":"closed","ping_status":"closed","template":"","meta":[],"yoast_head":"<!-- This site is optimized with the Yoast SEO plugin v19.6.1 - https:\/\/yoast.com\/wordpress\/plugins\/seo\/ -->\n<title>Ofertes de treball - COLEF Illes Balears<\/title>\n<meta name=\"robots\" content=\"index, follow, max-snippet:-1, max-image-preview:large, max-video-preview:-1\" \/>\n<link rel=\"canonical\" href=\"http:\/\/www.colefillesbalears.com\/web\/area-dusuaris-i-consumidors\/ofertes-de-treball\/\" \/>\n<meta property=\"og:locale\" content=\"es_ES\" \/>\n<meta property=\"og:type\" content=\"article\" \/>\n<meta property=\"og:title\" content=\"Ofertes de treball - COLEF Illes Balears\" \/>\n<meta property=\"og:description\" content=\"Si ets una empresa o aut\u00f2nom\/a i vols publicar una nova oferta d&#8217;ocupaci\u00f3 o consultar l&#8217;estat de les teves ofertes ja publicades, accedeix aqu\u00ed.\u00a0 Una vegada rebuda l&#8217;oferta, el COLEF Illes Balears la validar\u00e0 i quedar\u00e0 publicada a la relaci\u00f3 d&#8217;ofertes del Bors\u00ed de feina de la nostra plataforma.\u00a0 Si tens qualsevol dubte o problema, [&hellip;]\" \/>\n<meta property=\"og:url\" content=\"http:\/\/www.colefillesbalears.com\/web\/area-dusuaris-i-consumidors\/ofertes-de-treball\/\" \/>\n<meta property=\"og:site_name\" content=\"COLEF Illes Balears\" \/>\n<meta property=\"article:publisher\" content=\"https:\/\/www.facebook.com\/colef.illesbalears\/?ref=bookmarks\" \/>\n<meta property=\"article:modified_time\" content=\"2020-11-16T08:14:07+00:00\" \/>\n<meta name=\"twitter:card\" content=\"summary_large_image\" \/>\n<meta name=\"twitter:site\" content=\"@COLEFBalears\" \/>\n<script type=\"application\/ld+json\" class=\"yoast-schema-graph\">{\"@context\":\"https:\/\/schema.org\",\"@graph\":[{\"@type\":\"WebPage\",\"@id\":\"http:\/\/www.colefillesbalears.com\/web\/area-dusuaris-i-consumidors\/ofertes-de-treball\/\",\"url\":\"http:\/\/www.colefillesbalears.com\/web\/area-dusuaris-i-consumidors\/ofertes-de-treball\/\",\"name\":\"Ofertes de treball - COLEF Illes Balears\",\"isPartOf\":{\"@id\":\"http:\/\/www.colefillesbalears.com\/web\/#website\"},\"datePublished\":\"2015-07-25T13:17:46+00:00\",\"dateModified\":\"2020-11-16T08:14:07+00:00\",\"breadcrumb\":{\"@id\":\"http:\/\/www.colefillesbalears.com\/web\/area-dusuaris-i-consumidors\/ofertes-de-treball\/#breadcrumb\"},\"inLanguage\":\"es\",\"potentialAction\":[{\"@type\":\"ReadAction\",\"target\":[\"http:\/\/www.colefillesbalears.com\/web\/area-dusuaris-i-consumidors\/ofertes-de-treball\/\"]}]},{\"@type\":\"BreadcrumbList\",\"@id\":\"http:\/\/www.colefillesbalears.com\/web\/area-dusuaris-i-consumidors\/ofertes-de-treball\/#breadcrumb\",\"itemListElement\":[{\"@type\":\"ListItem\",\"position\":1,\"name\":\"Portada\",\"item\":\"http:\/\/www.colefillesbalears.com\/web\/\"},{\"@type\":\"ListItem\",\"position\":2,\"name\":\"\u00c0rea d&#8217;usuaris i consumidors\",\"item\":\"http:\/\/www.colefillesbalears.com\/web\/area-dusuaris-i-consumidors\/\"},{\"@type\":\"ListItem\",\"position\":3,\"name\":\"Ofertes de treball\"}]},{\"@type\":\"WebSite\",\"@id\":\"http:\/\/www.colefillesbalears.com\/web\/#website\",\"url\":\"http:\/\/www.colefillesbalears.com\/web\/\",\"name\":\"COLEF Illes Balears\",\"description\":\"\",\"publisher\":{\"@id\":\"http:\/\/www.colefillesbalears.com\/web\/#organization\"},\"potentialAction\":[{\"@type\":\"SearchAction\",\"target\":{\"@type\":\"EntryPoint\",\"urlTemplate\":\"http:\/\/www.colefillesbalears.com\/web\/?s={search_term_string}\"},\"query-input\":\"required name=search_term_string\"}],\"inLanguage\":\"es\"},{\"@type\":\"Organization\",\"@id\":\"http:\/\/www.colefillesbalears.com\/web\/#organization\",\"name\":\"Col\u00b7legi Oficial de Llicenciats en Ci\u00e8ncies de l'Activitat F\u00edsica i l'Esport de les Illes Balears\",\"url\":\"http:\/\/www.colefillesbalears.com\/web\/\",\"sameAs\":[\"https:\/\/www.youtube.com\/channel\/UClDRzEzUh03bePGcdVFw1cQ\/featured\",\"https:\/\/www.facebook.com\/colef.illesbalears\/?ref=bookmarks\",\"https:\/\/twitter.com\/COLEFBalears\"],\"logo\":{\"@type\":\"ImageObject\",\"inLanguage\":\"es\",\"@id\":\"http:\/\/www.colefillesbalears.com\/web\/#\/schema\/logo\/image\/\",\"url\":\"http:\/\/www.colefillesbalears.com\/web\/wp-content\/uploads\/2019\/05\/logo-colef-5.png\",\"contentUrl\":\"http:\/\/www.colefillesbalears.com\/web\/wp-content\/uploads\/2019\/05\/logo-colef-5.png\",\"width\":414,\"height\":175,\"caption\":\"Col\u00b7legi Oficial de Llicenciats en Ci\u00e8ncies de l'Activitat F\u00edsica i l'Esport de les Illes Balears\"},\"image\":{\"@id\":\"http:\/\/www.colefillesbalears.com\/web\/#\/schema\/logo\/image\/\"}}]}<\/script>\n<!-- \/ Yoast SEO plugin. -->","yoast_head_json":{"title":"Ofertes de treball - COLEF Illes Balears","robots":{"index":"index","follow":"follow","max-snippet":"max-snippet:-1","max-image-preview":"max-image-preview:large","max-video-preview":"max-video-preview:-1"},"canonical":"http:\/\/www.colefillesbalears.com\/web\/area-dusuaris-i-consumidors\/ofertes-de-treball\/","og_locale":"es_ES","og_type":"article","og_title":"Ofertes de treball - COLEF Illes Balears","og_description":"Si ets una empresa o aut\u00f2nom\/a i vols publicar una nova oferta d&#8217;ocupaci\u00f3 o consultar l&#8217;estat de les teves ofertes ja publicades, accedeix aqu\u00ed.\u00a0 Una vegada rebuda l&#8217;oferta, el COLEF Illes Balears la validar\u00e0 i quedar\u00e0 publicada a la relaci\u00f3 d&#8217;ofertes del Bors\u00ed de feina de la nostra plataforma.\u00a0 Si tens qualsevol dubte o problema, [&hellip;]","og_url":"http:\/\/www.colefillesbalears.com\/web\/area-dusuaris-i-consumidors\/ofertes-de-treball\/","og_site_name":"COLEF Illes Balears","article_publisher":"https:\/\/www.facebook.com\/colef.illesbalears\/?ref=bookmarks","article_modified_time":"2020-11-16T08:14:07+00:00","twitter_card":"summary_large_image","twitter_site":"@COLEFBalears","schema":{"@context":"https:\/\/schema.org","@graph":[{"@type":"WebPage","@id":"http:\/\/www.colefillesbalears.com\/web\/area-dusuaris-i-consumidors\/ofertes-de-treball\/","url":"http:\/\/www.colefillesbalears.com\/web\/area-dusuaris-i-consumidors\/ofertes-de-treball\/","name":"Ofertes de treball - COLEF Illes Balears","isPartOf":{"@id":"http:\/\/www.colefillesbalears.com\/web\/#website"},"datePublished":"2015-07-25T13:17:46+00:00","dateModified":"2020-11-16T08:14:07+00:00","breadcrumb":{"@id":"http:\/\/www.colefillesbalears.com\/web\/area-dusuaris-i-consumidors\/ofertes-de-treball\/#breadcrumb"},"inLanguage":"es","potentialAction":[{"@type":"ReadAction","target":["http:\/\/www.colefillesbalears.com\/web\/area-dusuaris-i-consumidors\/ofertes-de-treball\/"]}]},{"@type":"BreadcrumbList","@id":"http:\/\/www.colefillesbalears.com\/web\/area-dusuaris-i-consumidors\/ofertes-de-treball\/#breadcrumb","itemListElement":[{"@type":"ListItem","position":1,"name":"Portada","item":"http:\/\/www.colefillesbalears.com\/web\/"},{"@type":"ListItem","position":2,"name":"\u00c0rea d&#8217;usuaris i consumidors","item":"http:\/\/www.colefillesbalears.com\/web\/area-dusuaris-i-consumidors\/"},{"@type":"ListItem","position":3,"name":"Ofertes de treball"}]},{"@type":"WebSite","@id":"http:\/\/www.colefillesbalears.com\/web\/#website","url":"http:\/\/www.colefillesbalears.com\/web\/","name":"COLEF Illes Balears","description":"","publisher":{"@id":"http:\/\/www.colefillesbalears.com\/web\/#organization"},"potentialAction":[{"@type":"SearchAction","target":{"@type":"EntryPoint","urlTemplate":"http:\/\/www.colefillesbalears.com\/web\/?s={search_term_string}"},"query-input":"required name=search_term_string"}],"inLanguage":"es"},{"@type":"Organization","@id":"http:\/\/www.colefillesbalears.com\/web\/#organization","name":"Col\u00b7legi Oficial de Llicenciats en Ci\u00e8ncies de l'Activitat F\u00edsica i l'Esport de les Illes Balears","url":"http:\/\/www.colefillesbalears.com\/web\/","sameAs":["https:\/\/www.youtube.com\/channel\/UClDRzEzUh03bePGcdVFw1cQ\/featured","https:\/\/www.facebook.com\/colef.illesbalears\/?ref=bookmarks","https:\/\/twitter.com\/COLEFBalears"],"logo":{"@type":"ImageObject","inLanguage":"es","@id":"http:\/\/www.colefillesbalears.com\/web\/#\/schema\/logo\/image\/","url":"http:\/\/www.colefillesbalears.com\/web\/wp-content\/uploads\/2019\/05\/logo-colef-5.png","contentUrl":"http:\/\/www.colefillesbalears.com\/web\/wp-content\/uploads\/2019\/05\/logo-colef-5.png","width":414,"height":175,"caption":"Col\u00b7legi Oficial de Llicenciats en Ci\u00e8ncies de l'Activitat F\u00edsica i l'Esport de les Illes Balears"},"image":{"@id":"http:\/\/www.colefillesbalears.com\/web\/#\/schema\/logo\/image\/"}}]}},"_links":{"self":[{"href":"http:\/\/www.colefillesbalears.com\/web\/wp-json\/wp\/v2\/pages\/478"}],"collection":[{"href":"http:\/\/www.colefillesbalears.com\/web\/wp-json\/wp\/v2\/pages"}],"about":[{"href":"http:\/\/www.colefillesbalears.com\/web\/wp-json\/wp\/v2\/types\/page"}],"author":[{"embeddable":true,"href":"http:\/\/www.colefillesbalears.com\/web\/wp-json\/wp\/v2\/users\/1"}],"replies":[{"embeddable":true,"href":"http:\/\/www.colefillesbalears.com\/web\/wp-json\/wp\/v2\/comments?post=478"}],"version-history":[{"count":9,"href":"http:\/\/www.colefillesbalears.com\/web\/wp-json\/wp\/v2\/pages\/478\/revisions"}],"predecessor-version":[{"id":5316,"href":"http:\/\/www.colefillesbalears.com\/web\/wp-json\/wp\/v2\/pages\/478\/revisions\/5316"}],"up":[{"embeddable":true,"href":"http:\/\/www.colefillesbalears.com\/web\/wp-json\/wp\/v2\/pages\/312"}],"wp:attachment":[{"href":"http:\/\/www.colefillesbalears.com\/web\/wp-json\/wp\/v2\/media?parent=478"}],"curies":[{"name":"wp","href":"https:\/\/api.w.org\/{rel}","templated":true}]}}