{"id":287,"date":"2015-07-21T08:27:00","date_gmt":"2015-07-21T08:27:00","guid":{"rendered":"http:\/\/www.colefillesbalears.com\/web\/?page_id=287"},"modified":"2025-05-14T09:42:47","modified_gmt":"2025-05-14T09:42:47","slug":"asseguranca-responsabilitat-civil","status":"publish","type":"page","link":"http:\/\/www.colefillesbalears.com\/web\/area-professional\/asseguranca-responsabilitat-civil\/","title":{"rendered":"Asseguran\u00e7a Responsabilitat Civil"},"content":{"rendered":"<p>En el seg\u00fcent enlla\u00e7 podeu consultar la <a href=\"https:\/\/drive.google.com\/file\/d\/1OvLMGxmmepQ_-EOwfK5Ir_I1coVTKz4U\/view?usp=drive_link\" target=\"_blank\" rel=\"noopener\"><strong>P\u00f2lissa de Responsabilitat Civil 2025-2026<\/strong><\/a>, de la qual gaudeixen tots els nostres col\u00b7legiats i les nostres col\u00b7legiades i el <strong><a href=\"https:\/\/drive.google.com\/file\/d\/1w2e7dQVJQP5KCdJwtTC9AIRp_EC2wM4Z\/view?usp=drive_link\" target=\"_blank\" rel=\"noopener\">Certificat de Contractaci\u00f3 2025-2026<\/a>.<\/strong><\/p>\n<p>De la mateixa manera, podeu consultar la\u00a0<a href=\"https:\/\/drive.google.com\/file\/d\/14_1iPs4WfWUZ884jSnx8YWSAXN5raC1A\/view\" target=\"_blank\" rel=\"noopener\"><strong>Declaraci\u00f3 de sinistre<\/strong><\/a>\u00a0i el <strong><a href=\"https:\/\/docs.google.com\/forms\/d\/e\/1FAIpQLScJhgPTz2ynt6BUuPF_WqYwfYc4tHRuiU52KPzbZMedO_pfpA\/viewform\" target=\"_blank\" rel=\"noopener noreferrer\">part del sinistre<\/a><\/strong>.<\/p>\n\n\n<p><a href=\"https:\/\/www.consejo-colef.es\/src\" target=\"_blank\" rel=\"noreferrer noopener\">M\u00e9s informaci\u00f3 de l&#8217;Asseguran\u00e7a Resp. Civil <\/a><\/p>\n\n\n\n<ol>\n<li><strong>\u00c1MBITO TERRITORIAL:&nbsp;<\/strong>antes solo cubr\u00eda en la Uni\u00f3n Europea, ahora es mundial (con la excepci\u00f3n de EE.UU. y Canad\u00e1).<\/li>\n\n\n\n<li><strong>DA\u00d1OS PATRIMONIALES PUROS\/PRIMARIOS:&nbsp;<\/strong>se incluye en el l\u00edmite general de 2.000.000 \u20ac.<\/li>\n\n\n\n<li><strong>PROTECCI\u00d3N DE DATOS\/DEBER DE CONFIDENCIALIDAD:&nbsp;<\/strong>se incluye en el l\u00edmite general de 2.000.000 \u20ac.<\/li>\n\n\n\n<li><strong>GASTOS DE ASISTENCIA PSICOL\u00d3GICA:&nbsp;<\/strong>se especifica la cobertura de los gastos de asistencia psicol\u00f3gica contra\u00eddos por una persona asegurada, su c\u00f3nyuge y\/o hijos\/as por un trauma como resultado de una reclamaci\u00f3n cubierta e interpuesta contra una persona asegurada. Esta extensi\u00f3n est\u00e1 sublimitada a 80.000 \u20ac y el pago est\u00e1 sujeto al previo consentimiento por escrito de la aseguradora.<\/li>\n\n\n\n<li><strong>COMPENSACI\u00d3N POR ASISTENCIA A JUICIO:&nbsp;<\/strong>se especifica la compensaci\u00f3n de la asistencia a juicio en calidad de testigos en un pleito relacionado con una reclamaci\u00f3n notificada y cubierta bajo la p\u00f3liza. Esto ser\u00eda para cualquier gerente, socio\/a o administrador\/a que sea asegurado\/a (500 \u20ac) y para cualquier empleado\/a (250 \u20ac).<\/li>\n<\/ol>\n\n\n\n<h2 class=\"wp-block-heading has-text-align-center\"><strong>P\u00d3LIZA DE RESPONSABILIDAD CIVIL 2024-2025<\/strong><\/h2>\n\n\n\n<ul>\n<li>N\u00famero de p\u00f3liza HD IP6 2012530.<\/li>\n\n\n\n<li>B Tomador CONS. GEN. DE COLEGIOS OFICIALES DE LICENCIADOS EN EDUCACI\u00d3N F\u00cdSICA Y EN CIENCIAS DE LA ACTI<\/li>\n\n\n\n<li>C Direcci\u00f3n de contacto del Tomador Aviador Zurita, 55 local MADRID MADRID 28020<\/li>\n\n\n\n<li>D NIF\/CIF Q2878048D<\/li>\n\n\n\n<li>E Actividad Profesional Actividades profesionales que contemplan los estatutos de los Colegios Oficiales, los acuerdos plenarios previos a la firma de esta p\u00f3liza, as\u00ed como la legislaci\u00f3n vigente (entre la que se encuentra la que regula el ejercicio profesional en el deporte con denominaciones diversas seg\u00fan la comunidad aut\u00f3noma de la que provenga la norma (profesor\/a de educaci\u00f3n f\u00edsica, monitor\/a, entrenador\/a, preparador\/a f\u00edsico\/a, director\/a deportivo\/a, entrenamiento f\u00edsico con cardi\u00f3patas, entre otros).<\/li>\n\n\n\n<li>F Asegurador Hiscox, S.A., Sucursal en Espa\u00f1a <\/li>\n\n\n\n<li>Mediador de seguros del Tomador<\/li>\n\n\n\n<li>G Howden Iberia (Madrid)<\/li>\n\n\n\n<li>H Forma de pago: Cobro Mediador Semestral<\/li>\n<\/ul>\n\n\n\n<p><\/p>\n","protected":false},"excerpt":{"rendered":"<p>En el seg\u00fcent enlla\u00e7 podeu consultar la P\u00f2lissa de Responsabilitat Civil 2025-2026, de la qual gaudeixen tots els nostres col\u00b7legiats i les nostres col\u00b7legiades i el Certificat de Contractaci\u00f3 2025-2026. De la mateixa manera, podeu consultar la\u00a0Declaraci\u00f3 de sinistre\u00a0i el part del sinistre. M\u00e9s informaci\u00f3 de l&#8217;Asseguran\u00e7a Resp. Civil P\u00d3LIZA DE RESPONSABILIDAD CIVIL 2024-2025<\/p>\n","protected":false},"author":1,"featured_media":0,"parent":273,"menu_order":0,"comment_status":"open","ping_status":"open","template":"","meta":[],"yoast_head":"<!-- This site is optimized with the Yoast SEO plugin v19.6.1 - https:\/\/yoast.com\/wordpress\/plugins\/seo\/ -->\n<title>Asseguran\u00e7a Responsabilitat Civil - COLEF Illes Balears<\/title>\n<meta name=\"robots\" content=\"index, follow, max-snippet:-1, max-image-preview:large, max-video-preview:-1\" \/>\n<link rel=\"canonical\" href=\"https:\/\/www.colefillesbalears.com\/web\/area-professional\/asseguranca-responsabilitat-civil\/\" \/>\n<meta property=\"og:locale\" content=\"es_ES\" \/>\n<meta property=\"og:type\" content=\"article\" \/>\n<meta property=\"og:title\" content=\"Asseguran\u00e7a Responsabilitat Civil - COLEF Illes Balears\" \/>\n<meta property=\"og:description\" content=\"En el seg\u00fcent enlla\u00e7 podeu consultar la P\u00f2lissa de Responsabilitat Civil 2025-2026, de la qual gaudeixen tots els nostres col\u00b7legiats i les nostres col\u00b7legiades i el Certificat de Contractaci\u00f3 2025-2026. De la mateixa manera, podeu consultar la\u00a0Declaraci\u00f3 de sinistre\u00a0i el part del sinistre. M\u00e9s informaci\u00f3 de l&#8217;Asseguran\u00e7a Resp. Civil P\u00d3LIZA DE RESPONSABILIDAD CIVIL 2024-2025\" \/>\n<meta property=\"og:url\" content=\"https:\/\/www.colefillesbalears.com\/web\/area-professional\/asseguranca-responsabilitat-civil\/\" \/>\n<meta property=\"og:site_name\" content=\"COLEF Illes Balears\" \/>\n<meta property=\"article:publisher\" content=\"https:\/\/www.facebook.com\/colef.illesbalears\/?ref=bookmarks\" \/>\n<meta property=\"article:modified_time\" content=\"2025-05-14T09:42:47+00:00\" \/>\n<meta name=\"twitter:card\" content=\"summary_large_image\" \/>\n<meta name=\"twitter:site\" content=\"@COLEFBalears\" \/>\n<meta name=\"twitter:label1\" content=\"Tiempo de lectura\" \/>\n\t<meta name=\"twitter:data1\" content=\"2 minutos\" \/>\n<script type=\"application\/ld+json\" class=\"yoast-schema-graph\">{\"@context\":\"https:\/\/schema.org\",\"@graph\":[{\"@type\":\"WebPage\",\"@id\":\"https:\/\/www.colefillesbalears.com\/web\/area-professional\/asseguranca-responsabilitat-civil\/\",\"url\":\"https:\/\/www.colefillesbalears.com\/web\/area-professional\/asseguranca-responsabilitat-civil\/\",\"name\":\"Asseguran\u00e7a Responsabilitat Civil - COLEF Illes Balears\",\"isPartOf\":{\"@id\":\"https:\/\/www.colefillesbalears.com\/web\/#website\"},\"datePublished\":\"2015-07-21T08:27:00+00:00\",\"dateModified\":\"2025-05-14T09:42:47+00:00\",\"breadcrumb\":{\"@id\":\"https:\/\/www.colefillesbalears.com\/web\/area-professional\/asseguranca-responsabilitat-civil\/#breadcrumb\"},\"inLanguage\":\"es\",\"potentialAction\":[{\"@type\":\"ReadAction\",\"target\":[\"https:\/\/www.colefillesbalears.com\/web\/area-professional\/asseguranca-responsabilitat-civil\/\"]}]},{\"@type\":\"BreadcrumbList\",\"@id\":\"https:\/\/www.colefillesbalears.com\/web\/area-professional\/asseguranca-responsabilitat-civil\/#breadcrumb\",\"itemListElement\":[{\"@type\":\"ListItem\",\"position\":1,\"name\":\"Portada\",\"item\":\"https:\/\/www.colefillesbalears.com\/web\/\"},{\"@type\":\"ListItem\",\"position\":2,\"name\":\"\u00c0rea Professional\",\"item\":\"https:\/\/www.colefillesbalears.com\/web\/area-professional\/\"},{\"@type\":\"ListItem\",\"position\":3,\"name\":\"Asseguran\u00e7a Responsabilitat Civil\"}]},{\"@type\":\"WebSite\",\"@id\":\"https:\/\/www.colefillesbalears.com\/web\/#website\",\"url\":\"https:\/\/www.colefillesbalears.com\/web\/\",\"name\":\"COLEF Illes Balears\",\"description\":\"\",\"publisher\":{\"@id\":\"https:\/\/www.colefillesbalears.com\/web\/#organization\"},\"potentialAction\":[{\"@type\":\"SearchAction\",\"target\":{\"@type\":\"EntryPoint\",\"urlTemplate\":\"https:\/\/www.colefillesbalears.com\/web\/?s={search_term_string}\"},\"query-input\":\"required name=search_term_string\"}],\"inLanguage\":\"es\"},{\"@type\":\"Organization\",\"@id\":\"https:\/\/www.colefillesbalears.com\/web\/#organization\",\"name\":\"Col\u00b7legi Oficial de Llicenciats en Ci\u00e8ncies de l'Activitat F\u00edsica i l'Esport de les Illes Balears\",\"url\":\"https:\/\/www.colefillesbalears.com\/web\/\",\"sameAs\":[\"https:\/\/www.youtube.com\/channel\/UClDRzEzUh03bePGcdVFw1cQ\/featured\",\"https:\/\/www.facebook.com\/colef.illesbalears\/?ref=bookmarks\",\"https:\/\/twitter.com\/COLEFBalears\"],\"logo\":{\"@type\":\"ImageObject\",\"inLanguage\":\"es\",\"@id\":\"https:\/\/www.colefillesbalears.com\/web\/#\/schema\/logo\/image\/\",\"url\":\"http:\/\/www.colefillesbalears.com\/web\/wp-content\/uploads\/2019\/05\/logo-colef-5.png\",\"contentUrl\":\"http:\/\/www.colefillesbalears.com\/web\/wp-content\/uploads\/2019\/05\/logo-colef-5.png\",\"width\":414,\"height\":175,\"caption\":\"Col\u00b7legi Oficial de Llicenciats en Ci\u00e8ncies de l'Activitat F\u00edsica i l'Esport de les Illes Balears\"},\"image\":{\"@id\":\"https:\/\/www.colefillesbalears.com\/web\/#\/schema\/logo\/image\/\"}}]}<\/script>\n<!-- \/ Yoast SEO plugin. -->","yoast_head_json":{"title":"Asseguran\u00e7a Responsabilitat Civil - COLEF Illes Balears","robots":{"index":"index","follow":"follow","max-snippet":"max-snippet:-1","max-image-preview":"max-image-preview:large","max-video-preview":"max-video-preview:-1"},"canonical":"https:\/\/www.colefillesbalears.com\/web\/area-professional\/asseguranca-responsabilitat-civil\/","og_locale":"es_ES","og_type":"article","og_title":"Asseguran\u00e7a Responsabilitat Civil - COLEF Illes Balears","og_description":"En el seg\u00fcent enlla\u00e7 podeu consultar la P\u00f2lissa de Responsabilitat Civil 2025-2026, de la qual gaudeixen tots els nostres col\u00b7legiats i les nostres col\u00b7legiades i el Certificat de Contractaci\u00f3 2025-2026. De la mateixa manera, podeu consultar la\u00a0Declaraci\u00f3 de sinistre\u00a0i el part del sinistre. M\u00e9s informaci\u00f3 de l&#8217;Asseguran\u00e7a Resp. Civil P\u00d3LIZA DE RESPONSABILIDAD CIVIL 2024-2025","og_url":"https:\/\/www.colefillesbalears.com\/web\/area-professional\/asseguranca-responsabilitat-civil\/","og_site_name":"COLEF Illes Balears","article_publisher":"https:\/\/www.facebook.com\/colef.illesbalears\/?ref=bookmarks","article_modified_time":"2025-05-14T09:42:47+00:00","twitter_card":"summary_large_image","twitter_site":"@COLEFBalears","twitter_misc":{"Tiempo de lectura":"2 minutos"},"schema":{"@context":"https:\/\/schema.org","@graph":[{"@type":"WebPage","@id":"https:\/\/www.colefillesbalears.com\/web\/area-professional\/asseguranca-responsabilitat-civil\/","url":"https:\/\/www.colefillesbalears.com\/web\/area-professional\/asseguranca-responsabilitat-civil\/","name":"Asseguran\u00e7a Responsabilitat Civil - COLEF Illes Balears","isPartOf":{"@id":"https:\/\/www.colefillesbalears.com\/web\/#website"},"datePublished":"2015-07-21T08:27:00+00:00","dateModified":"2025-05-14T09:42:47+00:00","breadcrumb":{"@id":"https:\/\/www.colefillesbalears.com\/web\/area-professional\/asseguranca-responsabilitat-civil\/#breadcrumb"},"inLanguage":"es","potentialAction":[{"@type":"ReadAction","target":["https:\/\/www.colefillesbalears.com\/web\/area-professional\/asseguranca-responsabilitat-civil\/"]}]},{"@type":"BreadcrumbList","@id":"https:\/\/www.colefillesbalears.com\/web\/area-professional\/asseguranca-responsabilitat-civil\/#breadcrumb","itemListElement":[{"@type":"ListItem","position":1,"name":"Portada","item":"https:\/\/www.colefillesbalears.com\/web\/"},{"@type":"ListItem","position":2,"name":"\u00c0rea Professional","item":"https:\/\/www.colefillesbalears.com\/web\/area-professional\/"},{"@type":"ListItem","position":3,"name":"Asseguran\u00e7a Responsabilitat Civil"}]},{"@type":"WebSite","@id":"https:\/\/www.colefillesbalears.com\/web\/#website","url":"https:\/\/www.colefillesbalears.com\/web\/","name":"COLEF Illes Balears","description":"","publisher":{"@id":"https:\/\/www.colefillesbalears.com\/web\/#organization"},"potentialAction":[{"@type":"SearchAction","target":{"@type":"EntryPoint","urlTemplate":"https:\/\/www.colefillesbalears.com\/web\/?s={search_term_string}"},"query-input":"required name=search_term_string"}],"inLanguage":"es"},{"@type":"Organization","@id":"https:\/\/www.colefillesbalears.com\/web\/#organization","name":"Col\u00b7legi Oficial de Llicenciats en Ci\u00e8ncies de l'Activitat F\u00edsica i l'Esport de les Illes Balears","url":"https:\/\/www.colefillesbalears.com\/web\/","sameAs":["https:\/\/www.youtube.com\/channel\/UClDRzEzUh03bePGcdVFw1cQ\/featured","https:\/\/www.facebook.com\/colef.illesbalears\/?ref=bookmarks","https:\/\/twitter.com\/COLEFBalears"],"logo":{"@type":"ImageObject","inLanguage":"es","@id":"https:\/\/www.colefillesbalears.com\/web\/#\/schema\/logo\/image\/","url":"http:\/\/www.colefillesbalears.com\/web\/wp-content\/uploads\/2019\/05\/logo-colef-5.png","contentUrl":"http:\/\/www.colefillesbalears.com\/web\/wp-content\/uploads\/2019\/05\/logo-colef-5.png","width":414,"height":175,"caption":"Col\u00b7legi Oficial de Llicenciats en Ci\u00e8ncies de l'Activitat F\u00edsica i l'Esport de les Illes Balears"},"image":{"@id":"https:\/\/www.colefillesbalears.com\/web\/#\/schema\/logo\/image\/"}}]}},"_links":{"self":[{"href":"http:\/\/www.colefillesbalears.com\/web\/wp-json\/wp\/v2\/pages\/287"}],"collection":[{"href":"http:\/\/www.colefillesbalears.com\/web\/wp-json\/wp\/v2\/pages"}],"about":[{"href":"http:\/\/www.colefillesbalears.com\/web\/wp-json\/wp\/v2\/types\/page"}],"author":[{"embeddable":true,"href":"http:\/\/www.colefillesbalears.com\/web\/wp-json\/wp\/v2\/users\/1"}],"replies":[{"embeddable":true,"href":"http:\/\/www.colefillesbalears.com\/web\/wp-json\/wp\/v2\/comments?post=287"}],"version-history":[{"count":44,"href":"http:\/\/www.colefillesbalears.com\/web\/wp-json\/wp\/v2\/pages\/287\/revisions"}],"predecessor-version":[{"id":8244,"href":"http:\/\/www.colefillesbalears.com\/web\/wp-json\/wp\/v2\/pages\/287\/revisions\/8244"}],"up":[{"embeddable":true,"href":"http:\/\/www.colefillesbalears.com\/web\/wp-json\/wp\/v2\/pages\/273"}],"wp:attachment":[{"href":"http:\/\/www.colefillesbalears.com\/web\/wp-json\/wp\/v2\/media?parent=287"}],"curies":[{"name":"wp","href":"https:\/\/api.w.org\/{rel}","templated":true}]}}