{"id":240,"date":"2015-07-19T18:33:19","date_gmt":"2015-07-19T18:33:19","guid":{"rendered":"http:\/\/www.colefillesbalears.com\/web\/?page_id=240"},"modified":"2025-03-16T16:39:16","modified_gmt":"2025-03-16T16:39:16","slug":"historia","status":"publish","type":"page","link":"http:\/\/www.colefillesbalears.com\/web\/colef\/historia\/","title":{"rendered":"Hist\u00f2ria"},"content":{"rendered":"<p>[vc_row parallax=\u00bb\u00bb parallax_image=\u00bb\u00bb fullwidth=\u00bbno\u00bb][vc_column width=\u00bb1\/1&#8243; wap_class=\u00bb\u00bb][vc_column_text]El Col\u00b7legi Oficial de Llicenciats d\u2019Educaci\u00f3 F\u00edsica va n\u00e9ixer l\u2019any 1992 de la segregaci\u00f3 del \u201cColegio Central de Profesores y Licenciados en Educaci\u00f3n F\u00edsica (RD 478\/1992)\u201d.<\/p>\n<p>Al BOIB n\u00fam. 128 de 23 de setembre de 2014 es varen publicar uns nous estatuts com a \u00abCol\u00b7legi Oficial de Llicenciats en Educaci\u00f3 F\u00edsica i Ci\u00e8ncies de l&#8217;Activitat F\u00edsica i l&#8217;Esport de Balears\u00bb, aix\u00ed com l&#8217;obertura del full registral corresponent en el Registre de Col\u00b7legis Professionals de les Illes Balears i inscriure-hi els Estatuts qualificats positivament<\/p>\n<p>Des de la seva creaci\u00f3 el COLEF Illes Balears ha representat i ha lluitat&nbsp; pels interessos, davant les institucions p\u00fabliques i privades, del col\u00b7lectiu de:<\/p>\n<ul>\n<li>Llicenciats\/des en Educaci\u00f3 F\u00edsica.<\/li>\n<li>Llicenciats\/des en Ci\u00e8ncies de l\u2019Activitat F\u00edsica i de l\u2019Esport.<\/li>\n<li>Graduats\/des en Ci\u00e8ncies de l\u2019Activitat F\u00edsica i de l\u2019Esport.<\/li>\n<\/ul>\n<p>L\u2019equip actual de la Junta de govern vol fer un agra\u00efment p\u00fablic a tots aquells&nbsp;&nbsp; professionals del m\u00f3n de l\u2019esport que a dia d\u2019avui formen part d\u2019aquest Col.legi Oficial i, de manera molt i molt especial, als companys que, en algun moment de la hist\u00f2ria, han format part de la Junta de Govern. Moltes gr\u00e0cies.<\/p>\n<p style=\"text-align: center;\"><strong>JUNTES DE GOVERN COLEF ILLES BALEARS<\/strong><\/p>\n<p>.[\/vc_column_text][\/vc_column][\/vc_row][vc_row parallax=\u00bb\u00bb parallax_image=\u00bb\u00bb fullwidth=\u00bbno\u00bb][vc_column width=\u00bb1\/1&#8243; wap_class=\u00bb\u00bb][vc_column_text]<\/p>\n<table width=\"0\">\n<tbody>\n<tr>\n<td width=\"104\"><strong>C\u00e0rrec<\/strong><\/td>\n<td width=\"134\"><strong>1992-1994<\/strong><\/td>\n<td width=\"151\"><strong>1994-1995<\/strong><\/td>\n<td width=\"134\"><strong>1995<\/strong><\/td>\n<\/tr>\n<tr>\n<td width=\"104\">President\/a<\/td>\n<td width=\"134\">Jos\u00e9 Lu\u00eds Berbel<\/td>\n<td width=\"151\">Montserrat Genestra<\/td>\n<td width=\"134\">Gemma Capdevila<\/td>\n<\/tr>\n<tr>\n<td width=\"104\">Vicepresident\/a<\/td>\n<td width=\"134\">Miguel A. Milla<\/td>\n<td width=\"151\">Gemma Capdevila<\/td>\n<td width=\"134\"><\/td>\n<\/tr>\n<tr>\n<td width=\"104\">Secretari\/a<\/td>\n<td width=\"134\">Camern Mulero<\/td>\n<td width=\"151\">Antoni Bauz\u00e1<\/td>\n<td width=\"134\">Carmen Coll<\/td>\n<\/tr>\n<tr>\n<td width=\"104\">Tresorer\/a<\/td>\n<td width=\"134\">Carmen Riera<\/td>\n<td width=\"151\">Mateo Dom\u00ednguez<\/td>\n<td width=\"134\"><\/td>\n<\/tr>\n<tr>\n<td width=\"104\">Vocal<\/td>\n<td width=\"134\">M. Concepci\u00f3n P\u00e9rez<\/td>\n<td width=\"151\">Carmen Coll<\/td>\n<td width=\"134\">Ricardo G\u00f3mez<\/td>\n<\/tr>\n<tr>\n<td width=\"104\">Vocal<\/td>\n<td width=\"134\">Ricardo G\u00f3mez<\/td>\n<td width=\"151\">Ricardo G\u00f3mez<\/td>\n<td width=\"134\">Montserrat Genestra<\/td>\n<\/tr>\n<tr>\n<td width=\"104\">Vocal<\/td>\n<td width=\"134\">Rafael M\u00e1rquez<\/td>\n<td width=\"151\">Jos\u00e9 Lu\u00eds Sanagustin<\/td>\n<td width=\"134\">Carmen Mulero<\/td>\n<\/tr>\n<tr>\n<td width=\"104\">Vocal<\/td>\n<td width=\"134\">Mateo Dom\u00ednguez<\/td>\n<td width=\"151\">Carmen Mulero<\/td>\n<td width=\"134\"><\/td>\n<\/tr>\n<tr>\n<td width=\"104\">Vocal<\/td>\n<td width=\"134\">Carmen Coll<\/td>\n<td width=\"151\">Miguel Escoda<\/td>\n<td width=\"134\"><\/td>\n<\/tr>\n<tr>\n<td width=\"104\"><\/td>\n<td width=\"134\"><\/td>\n<td width=\"151\"><\/td>\n<td width=\"134\"><\/td>\n<\/tr>\n<tr>\n<td width=\"104\"><strong>C\u00e0rrec<\/strong><\/td>\n<td width=\"134\"><strong>1995-1999<\/strong><\/td>\n<td width=\"151\"><strong>1995-2005<\/strong><\/td>\n<td width=\"134\"><strong>2005-2009<\/strong><\/td>\n<\/tr>\n<tr>\n<td width=\"104\">President\/a<\/td>\n<td width=\"134\">Sebasti\u00e0 J. Moll<\/td>\n<td width=\"151\">Jaime Cald\u00e9s<\/td>\n<td width=\"134\">Ra\u00fal Llopart<\/td>\n<\/tr>\n<tr>\n<td width=\"104\">Vicepresident\/a<\/td>\n<td width=\"134\"><\/td>\n<td width=\"151\">Salvador Soberats<\/td>\n<td width=\"134\">Ant\u00f2nia M. Francia<\/td>\n<\/tr>\n<tr>\n<td width=\"104\">Secretari\/a<\/td>\n<td width=\"134\">Pedro Caldentey<\/td>\n<td width=\"151\">Jaume Segura<\/td>\n<td width=\"134\"><\/td>\n<\/tr>\n<tr>\n<td width=\"104\">Tresorer\/a<\/td>\n<td width=\"134\">Franciso Amengual<\/td>\n<td width=\"151\">Maria Montserrat<\/td>\n<td width=\"134\">Dami\u00e0 Parpal<\/td>\n<\/tr>\n<tr>\n<td width=\"104\">Vocal<\/td>\n<td width=\"134\">Antonia Gil<\/td>\n<td width=\"151\">Pere Genestar<\/td>\n<td width=\"134\">Carmina Vera<\/td>\n<\/tr>\n<tr>\n<td width=\"104\">Vocal<\/td>\n<td width=\"134\">Manuel Timoner<\/td>\n<td width=\"151\">Maria Teresa Zamorano<\/td>\n<td width=\"134\">Miquel Roca<\/td>\n<\/tr>\n<tr>\n<td width=\"104\">Vocal<\/td>\n<td width=\"134\">Gabriel Villalonga<\/td>\n<td width=\"151\">Emilio Fco. Ib\u00e1\u00f1ez<\/td>\n<td width=\"134\">Carmen Coll<\/td>\n<\/tr>\n<tr>\n<td width=\"104\">Vocal<\/td>\n<td width=\"134\"><\/td>\n<td width=\"151\">Itziar P\u00e9rez<\/td>\n<td width=\"134\">Nico Vidal<\/td>\n<\/tr>\n<tr>\n<td width=\"104\">Vocal<\/td>\n<td width=\"134\"><\/td>\n<td width=\"151\">Pep Barcel\u00f3<\/td>\n<td width=\"134\"><\/td>\n<\/tr>\n<\/tbody>\n<\/table>\n<table style=\"height: 508px;\" width=\"573\">\n<tbody>\n<tr>\n<td width=\"104\"><\/td>\n<td width=\"134\"><\/td>\n<td width=\"151\"><\/td>\n<td width=\"134\"><\/td>\n<\/tr>\n<tr>\n<td width=\"104\"><strong>C\u00e0rrec<\/strong><\/td>\n<td width=\"134\"><strong>2009-2013<\/strong><\/td>\n<td width=\"151\"><strong>2013-2017<\/strong><\/td>\n<td width=\"134\"><strong>2017-2020<\/strong><\/td>\n<\/tr>\n<tr>\n<td width=\"104\">President\/a<\/td>\n<td width=\"134\">Miquel Roca<\/td>\n<td width=\"151\">Ant\u00f2nia Bosch<\/td>\n<td width=\"134\">Antonio Jos\u00e9 Mu\u00f1oz Socias,<\/td>\n<\/tr>\n<tr>\n<td width=\"104\">Vicepresident\/a<\/td>\n<td width=\"134\">Ant\u00f2na M. Francia<\/td>\n<td width=\"151\">Ant\u00f2nia M. Francia<\/td>\n<td width=\"134\">Carmen Isabel Vera Gaspar<\/td>\n<\/tr>\n<tr>\n<td width=\"104\">Secretari\/a<\/td>\n<td width=\"134\">Ant\u00f2nia Bosch<\/td>\n<td width=\"151\">Antoni J. Mu\u00f1oz<\/td>\n<td width=\"134\">Joan Mart\u00ed Munar,<\/td>\n<\/tr>\n<tr>\n<td width=\"104\">Tresorer\/a<\/td>\n<td width=\"134\">Dami\u00e0 Parpal<\/td>\n<td width=\"151\">Dami\u00e0 Parpal<\/td>\n<td width=\"134\">Dami\u00e0 Parpal Ramis<\/td>\n<\/tr>\n<tr>\n<td width=\"104\">Vocal<\/td>\n<td width=\"134\">Antoni Matas<\/td>\n<td width=\"151\">N\u00faria Borr\u00e1s<\/td>\n<td width=\"134\">N\u00faria Borr\u00e0s Aguil\u00f3<\/td>\n<\/tr>\n<tr>\n<td width=\"104\">Vocal<\/td>\n<td width=\"134\">Carmina Vera<\/td>\n<td width=\"151\">Carmina Vera<\/td>\n<td width=\"134\">Maria Marta Figueras Masig<\/td>\n<\/tr>\n<tr>\n<td width=\"104\">Vocal<\/td>\n<td width=\"134\">Nico Vidal<\/td>\n<td width=\"151\">Joan Mart\u00ed<\/td>\n<td width=\"134\">Jordi Bonet Dom\u00ednguez<\/td>\n<\/tr>\n<tr>\n<td width=\"104\">Vocal<\/td>\n<td width=\"134\"><\/td>\n<td width=\"151\">Miquel Roca<\/td>\n<td width=\"134\">S\u00f3nsoles Hern\u00e1ndez&nbsp; S\u00e1nchez<\/td>\n<\/tr>\n<tr>\n<td width=\"104\">Vocal<\/td>\n<td width=\"134\"><\/td>\n<td width=\"151\"><\/td>\n<td width=\"134\">Juli Fern\u00e1ndez<\/td>\n<\/tr>\n<\/tbody>\n<\/table>\n<table style=\"background-color: #ffffff; width: 920px; height: 508px;\" width=\"573\">\n<tbody>\n<tr>\n<td width=\"134\"><\/td>\n<td width=\"151\"><\/td>\n<td width=\"134\"><\/td>\n<\/tr>\n<tr>\n<td width=\"104\"><strong>C\u00e0rrec<\/strong><\/td>\n<td width=\"134\"><strong>2021-2025<\/strong><\/td>\n<td width=\"151\"><b>2025-2029<\/b><\/td>\n<td width=\"134\"><\/td>\n<\/tr>\n<tr>\n<td width=\"104\">President\/a<\/td>\n<td width=\"134\">Carmen I. Vera Gaspar<\/td>\n<td width=\"151\">Carmen I. Vera Gaspar<\/td>\n<td width=\"134\"><\/td>\n<\/tr>\n<tr>\n<td width=\"104\">Vicepresident\/a<\/td>\n<td width=\"134\">Juli Fern\u00e1ndez Ginard<\/td>\n<td width=\"151\">Silvia Gonz\u00e1lez Morcillo<\/td>\n<td width=\"134\"><\/td>\n<\/tr>\n<tr>\n<td width=\"104\">Secretari\/a<\/td>\n<td width=\"134\">Joan Mart\u00ed Munar<\/td>\n<td width=\"151\">Olalla Garc\u00eda Taibo<\/td>\n<td width=\"134\"><\/td>\n<\/tr>\n<tr>\n<td width=\"104\">Tresorer\/a<\/td>\n<td width=\"134\">Dami\u00e0 Parpal Ramis<\/td>\n<td width=\"151\">Pere Calafat Ponseti<\/td>\n<td width=\"134\"><\/td>\n<\/tr>\n<tr>\n<td width=\"104\">Vocal<\/td>\n<td width=\"134\">N\u00faria Borr\u00e0s Aguil\u00f3<\/td>\n<td width=\"151\">Ruben Pina P\u00e9rez<\/td>\n<td width=\"134\"><\/td>\n<\/tr>\n<tr>\n<td width=\"104\">Vocal<\/td>\n<td width=\"134\">Pere Calafat Ponseti<\/td>\n<td width=\"151\">Zoe Soler Fortu\u00f1o<\/td>\n<td width=\"134\"><\/td>\n<\/tr>\n<tr>\n<td width=\"104\">Vocal<\/td>\n<td width=\"134\">Virginia Dorado Sintes<\/td>\n<td width=\"151\">Joan Llobera Morro<\/td>\n<td width=\"134\"><\/td>\n<\/tr>\n<tr>\n<td width=\"104\">Vocal<\/td>\n<td width=\"134\">Ruben Pina P\u00e9rez<\/td>\n<td width=\"151\">Adriana Bertocchi Nadal<\/td>\n<td width=\"134\"><\/td>\n<td width=\"104\"><\/td>\n<\/tr>\n<tr>\n<td width=\"104\">Vocal<\/td>\n<td width=\"134\">Silvia Gonz\u00e1lez Morcillo<\/td>\n<td width=\"151\">Isabel Margarita Calero Garau<\/td>\n<td width=\"134\"><\/td>\n<\/tr>\n<tr>\n<td width=\"104\">Assessor\/a Presid\u00e8ncia<\/td>\n<td width=\"134\"><\/td>\n<td width=\"151\">Jaume Faba Sancho&nbsp;<\/td>\n<td width=\"134\"><\/td>\n<\/tr>\n<tr>\n<td width=\"104\">Assessor\/a Presid\u00e8ncia<\/td>\n<td width=\"134\"><\/td>\n<td width=\"151\">Pedrona Serra Payeras<\/td>\n<td width=\"134\"><\/td>\n<\/tr>\n<\/tbody>\n<\/table>\n<p>[\/vc_column_text][\/vc_column][\/vc_row]<\/p>\n","protected":false},"excerpt":{"rendered":"<p>[vc_row parallax=\u00bb\u00bb parallax_image=\u00bb\u00bb fullwidth=\u00bbno\u00bb][vc_column width=\u00bb1\/1&#8243; wap_class=\u00bb\u00bb][vc_column_text]El Col\u00b7legi Oficial de Llicenciats d\u2019Educaci\u00f3 F\u00edsica va n\u00e9ixer l\u2019any 1992 de la segregaci\u00f3 del \u201cColegio Central de Profesores y Licenciados en Educaci\u00f3n F\u00edsica (RD 478\/1992)\u201d. Al BOIB n\u00fam. 128 de 23 de setembre de 2014 es varen publicar uns nous estatuts com a \u00abCol\u00b7legi Oficial de Llicenciats en Educaci\u00f3 [&hellip;]<\/p>\n","protected":false},"author":1,"featured_media":0,"parent":188,"menu_order":0,"comment_status":"open","ping_status":"open","template":"","meta":[],"yoast_head":"<!-- This site is optimized with the Yoast SEO plugin v19.6.1 - https:\/\/yoast.com\/wordpress\/plugins\/seo\/ -->\n<title>Hist\u00f2ria - COLEF Illes Balears<\/title>\n<meta name=\"robots\" content=\"index, follow, max-snippet:-1, max-image-preview:large, max-video-preview:-1\" \/>\n<link rel=\"canonical\" href=\"http:\/\/www.colefillesbalears.com\/web\/colef\/historia\/\" \/>\n<meta property=\"og:locale\" content=\"es_ES\" \/>\n<meta property=\"og:type\" content=\"article\" \/>\n<meta property=\"og:title\" content=\"Hist\u00f2ria - COLEF Illes Balears\" \/>\n<meta property=\"og:description\" content=\"[vc_row parallax=\u00bb\u00bb parallax_image=\u00bb\u00bb fullwidth=\u00bbno\u00bb][vc_column width=\u00bb1\/1&#8243; wap_class=\u00bb\u00bb][vc_column_text]El Col\u00b7legi Oficial de Llicenciats d\u2019Educaci\u00f3 F\u00edsica va n\u00e9ixer l\u2019any 1992 de la segregaci\u00f3 del \u201cColegio Central de Profesores y Licenciados en Educaci\u00f3n F\u00edsica (RD 478\/1992)\u201d. Al BOIB n\u00fam. 128 de 23 de setembre de 2014 es varen publicar uns nous estatuts com a \u00abCol\u00b7legi Oficial de Llicenciats en Educaci\u00f3 [&hellip;]\" \/>\n<meta property=\"og:url\" content=\"http:\/\/www.colefillesbalears.com\/web\/colef\/historia\/\" \/>\n<meta property=\"og:site_name\" content=\"COLEF Illes Balears\" \/>\n<meta property=\"article:publisher\" content=\"https:\/\/www.facebook.com\/colef.illesbalears\/?ref=bookmarks\" \/>\n<meta property=\"article:modified_time\" content=\"2025-03-16T16:39:16+00:00\" \/>\n<meta name=\"twitter:card\" content=\"summary_large_image\" \/>\n<meta name=\"twitter:site\" content=\"@COLEFBalears\" \/>\n<meta name=\"twitter:label1\" content=\"Tiempo de lectura\" \/>\n\t<meta name=\"twitter:data1\" content=\"3 minutos\" \/>\n<script type=\"application\/ld+json\" class=\"yoast-schema-graph\">{\"@context\":\"https:\/\/schema.org\",\"@graph\":[{\"@type\":\"WebPage\",\"@id\":\"http:\/\/www.colefillesbalears.com\/web\/colef\/historia\/\",\"url\":\"http:\/\/www.colefillesbalears.com\/web\/colef\/historia\/\",\"name\":\"Hist\u00f2ria - COLEF Illes Balears\",\"isPartOf\":{\"@id\":\"http:\/\/www.colefillesbalears.com\/web\/#website\"},\"datePublished\":\"2015-07-19T18:33:19+00:00\",\"dateModified\":\"2025-03-16T16:39:16+00:00\",\"breadcrumb\":{\"@id\":\"http:\/\/www.colefillesbalears.com\/web\/colef\/historia\/#breadcrumb\"},\"inLanguage\":\"es\",\"potentialAction\":[{\"@type\":\"ReadAction\",\"target\":[\"http:\/\/www.colefillesbalears.com\/web\/colef\/historia\/\"]}]},{\"@type\":\"BreadcrumbList\",\"@id\":\"http:\/\/www.colefillesbalears.com\/web\/colef\/historia\/#breadcrumb\",\"itemListElement\":[{\"@type\":\"ListItem\",\"position\":1,\"name\":\"Portada\",\"item\":\"http:\/\/www.colefillesbalears.com\/web\/\"},{\"@type\":\"ListItem\",\"position\":2,\"name\":\"El COLEF\",\"item\":\"http:\/\/www.colefillesbalears.com\/web\/colef\/\"},{\"@type\":\"ListItem\",\"position\":3,\"name\":\"Hist\u00f2ria\"}]},{\"@type\":\"WebSite\",\"@id\":\"http:\/\/www.colefillesbalears.com\/web\/#website\",\"url\":\"http:\/\/www.colefillesbalears.com\/web\/\",\"name\":\"COLEF Illes Balears\",\"description\":\"\",\"publisher\":{\"@id\":\"http:\/\/www.colefillesbalears.com\/web\/#organization\"},\"potentialAction\":[{\"@type\":\"SearchAction\",\"target\":{\"@type\":\"EntryPoint\",\"urlTemplate\":\"http:\/\/www.colefillesbalears.com\/web\/?s={search_term_string}\"},\"query-input\":\"required name=search_term_string\"}],\"inLanguage\":\"es\"},{\"@type\":\"Organization\",\"@id\":\"http:\/\/www.colefillesbalears.com\/web\/#organization\",\"name\":\"Col\u00b7legi Oficial de Llicenciats en Ci\u00e8ncies de l'Activitat F\u00edsica i l'Esport de les Illes Balears\",\"url\":\"http:\/\/www.colefillesbalears.com\/web\/\",\"sameAs\":[\"https:\/\/www.youtube.com\/channel\/UClDRzEzUh03bePGcdVFw1cQ\/featured\",\"https:\/\/www.facebook.com\/colef.illesbalears\/?ref=bookmarks\",\"https:\/\/twitter.com\/COLEFBalears\"],\"logo\":{\"@type\":\"ImageObject\",\"inLanguage\":\"es\",\"@id\":\"http:\/\/www.colefillesbalears.com\/web\/#\/schema\/logo\/image\/\",\"url\":\"http:\/\/www.colefillesbalears.com\/web\/wp-content\/uploads\/2019\/05\/logo-colef-5.png\",\"contentUrl\":\"http:\/\/www.colefillesbalears.com\/web\/wp-content\/uploads\/2019\/05\/logo-colef-5.png\",\"width\":414,\"height\":175,\"caption\":\"Col\u00b7legi Oficial de Llicenciats en Ci\u00e8ncies de l'Activitat F\u00edsica i l'Esport de les Illes Balears\"},\"image\":{\"@id\":\"http:\/\/www.colefillesbalears.com\/web\/#\/schema\/logo\/image\/\"}}]}<\/script>\n<!-- \/ Yoast SEO plugin. -->","yoast_head_json":{"title":"Hist\u00f2ria - COLEF Illes Balears","robots":{"index":"index","follow":"follow","max-snippet":"max-snippet:-1","max-image-preview":"max-image-preview:large","max-video-preview":"max-video-preview:-1"},"canonical":"http:\/\/www.colefillesbalears.com\/web\/colef\/historia\/","og_locale":"es_ES","og_type":"article","og_title":"Hist\u00f2ria - COLEF Illes Balears","og_description":"[vc_row parallax=\u00bb\u00bb parallax_image=\u00bb\u00bb fullwidth=\u00bbno\u00bb][vc_column width=\u00bb1\/1&#8243; wap_class=\u00bb\u00bb][vc_column_text]El Col\u00b7legi Oficial de Llicenciats d\u2019Educaci\u00f3 F\u00edsica va n\u00e9ixer l\u2019any 1992 de la segregaci\u00f3 del \u201cColegio Central de Profesores y Licenciados en Educaci\u00f3n F\u00edsica (RD 478\/1992)\u201d. Al BOIB n\u00fam. 128 de 23 de setembre de 2014 es varen publicar uns nous estatuts com a \u00abCol\u00b7legi Oficial de Llicenciats en Educaci\u00f3 [&hellip;]","og_url":"http:\/\/www.colefillesbalears.com\/web\/colef\/historia\/","og_site_name":"COLEF Illes Balears","article_publisher":"https:\/\/www.facebook.com\/colef.illesbalears\/?ref=bookmarks","article_modified_time":"2025-03-16T16:39:16+00:00","twitter_card":"summary_large_image","twitter_site":"@COLEFBalears","twitter_misc":{"Tiempo de lectura":"3 minutos"},"schema":{"@context":"https:\/\/schema.org","@graph":[{"@type":"WebPage","@id":"http:\/\/www.colefillesbalears.com\/web\/colef\/historia\/","url":"http:\/\/www.colefillesbalears.com\/web\/colef\/historia\/","name":"Hist\u00f2ria - COLEF Illes Balears","isPartOf":{"@id":"http:\/\/www.colefillesbalears.com\/web\/#website"},"datePublished":"2015-07-19T18:33:19+00:00","dateModified":"2025-03-16T16:39:16+00:00","breadcrumb":{"@id":"http:\/\/www.colefillesbalears.com\/web\/colef\/historia\/#breadcrumb"},"inLanguage":"es","potentialAction":[{"@type":"ReadAction","target":["http:\/\/www.colefillesbalears.com\/web\/colef\/historia\/"]}]},{"@type":"BreadcrumbList","@id":"http:\/\/www.colefillesbalears.com\/web\/colef\/historia\/#breadcrumb","itemListElement":[{"@type":"ListItem","position":1,"name":"Portada","item":"http:\/\/www.colefillesbalears.com\/web\/"},{"@type":"ListItem","position":2,"name":"El COLEF","item":"http:\/\/www.colefillesbalears.com\/web\/colef\/"},{"@type":"ListItem","position":3,"name":"Hist\u00f2ria"}]},{"@type":"WebSite","@id":"http:\/\/www.colefillesbalears.com\/web\/#website","url":"http:\/\/www.colefillesbalears.com\/web\/","name":"COLEF Illes Balears","description":"","publisher":{"@id":"http:\/\/www.colefillesbalears.com\/web\/#organization"},"potentialAction":[{"@type":"SearchAction","target":{"@type":"EntryPoint","urlTemplate":"http:\/\/www.colefillesbalears.com\/web\/?s={search_term_string}"},"query-input":"required name=search_term_string"}],"inLanguage":"es"},{"@type":"Organization","@id":"http:\/\/www.colefillesbalears.com\/web\/#organization","name":"Col\u00b7legi Oficial de Llicenciats en Ci\u00e8ncies de l'Activitat F\u00edsica i l'Esport de les Illes Balears","url":"http:\/\/www.colefillesbalears.com\/web\/","sameAs":["https:\/\/www.youtube.com\/channel\/UClDRzEzUh03bePGcdVFw1cQ\/featured","https:\/\/www.facebook.com\/colef.illesbalears\/?ref=bookmarks","https:\/\/twitter.com\/COLEFBalears"],"logo":{"@type":"ImageObject","inLanguage":"es","@id":"http:\/\/www.colefillesbalears.com\/web\/#\/schema\/logo\/image\/","url":"http:\/\/www.colefillesbalears.com\/web\/wp-content\/uploads\/2019\/05\/logo-colef-5.png","contentUrl":"http:\/\/www.colefillesbalears.com\/web\/wp-content\/uploads\/2019\/05\/logo-colef-5.png","width":414,"height":175,"caption":"Col\u00b7legi Oficial de Llicenciats en Ci\u00e8ncies de l'Activitat F\u00edsica i l'Esport de les Illes Balears"},"image":{"@id":"http:\/\/www.colefillesbalears.com\/web\/#\/schema\/logo\/image\/"}}]}},"_links":{"self":[{"href":"http:\/\/www.colefillesbalears.com\/web\/wp-json\/wp\/v2\/pages\/240"}],"collection":[{"href":"http:\/\/www.colefillesbalears.com\/web\/wp-json\/wp\/v2\/pages"}],"about":[{"href":"http:\/\/www.colefillesbalears.com\/web\/wp-json\/wp\/v2\/types\/page"}],"author":[{"embeddable":true,"href":"http:\/\/www.colefillesbalears.com\/web\/wp-json\/wp\/v2\/users\/1"}],"replies":[{"embeddable":true,"href":"http:\/\/www.colefillesbalears.com\/web\/wp-json\/wp\/v2\/comments?post=240"}],"version-history":[{"count":23,"href":"http:\/\/www.colefillesbalears.com\/web\/wp-json\/wp\/v2\/pages\/240\/revisions"}],"predecessor-version":[{"id":8192,"href":"http:\/\/www.colefillesbalears.com\/web\/wp-json\/wp\/v2\/pages\/240\/revisions\/8192"}],"up":[{"embeddable":true,"href":"http:\/\/www.colefillesbalears.com\/web\/wp-json\/wp\/v2\/pages\/188"}],"wp:attachment":[{"href":"http:\/\/www.colefillesbalears.com\/web\/wp-json\/wp\/v2\/media?parent=240"}],"curies":[{"name":"wp","href":"https:\/\/api.w.org\/{rel}","templated":true}]}}