{"id":205,"date":"2015-07-15T19:57:29","date_gmt":"2015-07-15T19:57:29","guid":{"rendered":"http:\/\/www.colefillesbalears.com\/web\/?page_id=205"},"modified":"2015-07-15T19:57:50","modified_gmt":"2015-07-15T19:57:50","slug":"qui-som","status":"publish","type":"page","link":"http:\/\/www.colefillesbalears.com\/web\/colef\/qui-som\/","title":{"rendered":"Qui som?"},"content":{"rendered":"<p>El Col\u00b7legi Oficial de Llicenciats en Educaci\u00f3 F\u00edsica i Ci\u00e8ncies de l\u2019Activitat F\u00edsica i de l\u2019Esport de les Illes Balears \u00e9s l\u2019entitat que agrupa a:<\/p>\n<ul>\n<li>Llicenciats\/des en Educaci\u00f3 F\u00edsica.<\/li>\n<li>Llicenciats\/des en Ci\u00e8ncies de l\u2019Activitat F\u00edsica i de l\u2019Esport.<\/li>\n<li>Graduats\/des en Ci\u00e8ncies de l\u2019Activitat F\u00edsica i de l\u2019Esport.<\/li>\n<\/ul>\n<p>\u00c9s una corporaci\u00f3 de dret p\u00fablic, emparada per la Llei i reconeguda per l\u2019Estat i per la Comunitat Aut\u00f2noma de les Illes Balears, integrada en el <em>Consejo General de Colegios de Licenciados en Educaci\u00f3n F\u00edsica y en Ciencias de la Actividad F\u00edsica y del Deporte de Espa\u00f1a<\/em>.<\/p>\n<p>S\u00f3n fins essencials del Col\u00b7legi:<\/p>\n<ol>\n<li>Ordenar la professi\u00f3 i garantir la qualitat de l\u2019activitat dels seus col\u00b7legiats i les seves col\u00b7legiades.<\/li>\n<li>Defensar els interessos professionals dels col\u00b7legiats i de les col\u00b7legiades i representar l\u2019exercici de la professi\u00f3.<\/li>\n<li>Col\u00b7laborar amb les administracions p\u00fabliques de les Illes Balears.<\/li>\n<li>Protegir els interessos dels consumidors i usuaris respecte als serveis dels seus col\u00b7legiats i de les seves col\u00b7legiades.<\/li>\n<\/ol>\n","protected":false},"excerpt":{"rendered":"<p>El Col\u00b7legi Oficial de Llicenciats en Educaci\u00f3 F\u00edsica i Ci\u00e8ncies de l\u2019Activitat F\u00edsica i de l\u2019Esport de les Illes Balears \u00e9s l\u2019entitat que agrupa a: Llicenciats\/des en Educaci\u00f3 F\u00edsica. Llicenciats\/des en Ci\u00e8ncies de l\u2019Activitat F\u00edsica i de l\u2019Esport. Graduats\/des en Ci\u00e8ncies de l\u2019Activitat F\u00edsica i de l\u2019Esport. \u00c9s una corporaci\u00f3 de dret p\u00fablic, emparada per [&hellip;]<\/p>\n","protected":false},"author":1,"featured_media":0,"parent":188,"menu_order":0,"comment_status":"open","ping_status":"open","template":"","meta":[],"yoast_head":"<!-- This site is optimized with the Yoast SEO plugin v19.6.1 - https:\/\/yoast.com\/wordpress\/plugins\/seo\/ -->\n<title>Qui som? - COLEF Illes Balears<\/title>\n<meta name=\"robots\" content=\"index, follow, max-snippet:-1, max-image-preview:large, max-video-preview:-1\" \/>\n<link rel=\"canonical\" href=\"https:\/\/www.colefillesbalears.com\/web\/colef\/qui-som\/\" \/>\n<meta property=\"og:locale\" content=\"es_ES\" \/>\n<meta property=\"og:type\" content=\"article\" \/>\n<meta property=\"og:title\" content=\"Qui som? - COLEF Illes Balears\" \/>\n<meta property=\"og:description\" content=\"El Col\u00b7legi Oficial de Llicenciats en Educaci\u00f3 F\u00edsica i Ci\u00e8ncies de l\u2019Activitat F\u00edsica i de l\u2019Esport de les Illes Balears \u00e9s l\u2019entitat que agrupa a: Llicenciats\/des en Educaci\u00f3 F\u00edsica. Llicenciats\/des en Ci\u00e8ncies de l\u2019Activitat F\u00edsica i de l\u2019Esport. Graduats\/des en Ci\u00e8ncies de l\u2019Activitat F\u00edsica i de l\u2019Esport. \u00c9s una corporaci\u00f3 de dret p\u00fablic, emparada per [&hellip;]\" \/>\n<meta property=\"og:url\" content=\"https:\/\/www.colefillesbalears.com\/web\/colef\/qui-som\/\" \/>\n<meta property=\"og:site_name\" content=\"COLEF Illes Balears\" \/>\n<meta property=\"article:publisher\" content=\"https:\/\/www.facebook.com\/colef.illesbalears\/?ref=bookmarks\" \/>\n<meta property=\"article:modified_time\" content=\"2015-07-15T19:57:50+00:00\" \/>\n<meta name=\"twitter:card\" content=\"summary_large_image\" \/>\n<meta name=\"twitter:site\" content=\"@COLEFBalears\" \/>\n<meta name=\"twitter:label1\" content=\"Tiempo de lectura\" \/>\n\t<meta name=\"twitter:data1\" content=\"1 minuto\" \/>\n<script type=\"application\/ld+json\" class=\"yoast-schema-graph\">{\"@context\":\"https:\/\/schema.org\",\"@graph\":[{\"@type\":\"WebPage\",\"@id\":\"https:\/\/www.colefillesbalears.com\/web\/colef\/qui-som\/\",\"url\":\"https:\/\/www.colefillesbalears.com\/web\/colef\/qui-som\/\",\"name\":\"Qui som? - COLEF Illes Balears\",\"isPartOf\":{\"@id\":\"http:\/\/www.colefillesbalears.com\/web\/#website\"},\"datePublished\":\"2015-07-15T19:57:29+00:00\",\"dateModified\":\"2015-07-15T19:57:50+00:00\",\"breadcrumb\":{\"@id\":\"https:\/\/www.colefillesbalears.com\/web\/colef\/qui-som\/#breadcrumb\"},\"inLanguage\":\"es\",\"potentialAction\":[{\"@type\":\"ReadAction\",\"target\":[\"https:\/\/www.colefillesbalears.com\/web\/colef\/qui-som\/\"]}]},{\"@type\":\"BreadcrumbList\",\"@id\":\"https:\/\/www.colefillesbalears.com\/web\/colef\/qui-som\/#breadcrumb\",\"itemListElement\":[{\"@type\":\"ListItem\",\"position\":1,\"name\":\"Portada\",\"item\":\"http:\/\/www.colefillesbalears.com\/web\/\"},{\"@type\":\"ListItem\",\"position\":2,\"name\":\"El COLEF\",\"item\":\"http:\/\/www.colefillesbalears.com\/web\/colef\/\"},{\"@type\":\"ListItem\",\"position\":3,\"name\":\"Qui som?\"}]},{\"@type\":\"WebSite\",\"@id\":\"http:\/\/www.colefillesbalears.com\/web\/#website\",\"url\":\"http:\/\/www.colefillesbalears.com\/web\/\",\"name\":\"COLEF Illes Balears\",\"description\":\"\",\"publisher\":{\"@id\":\"http:\/\/www.colefillesbalears.com\/web\/#organization\"},\"potentialAction\":[{\"@type\":\"SearchAction\",\"target\":{\"@type\":\"EntryPoint\",\"urlTemplate\":\"http:\/\/www.colefillesbalears.com\/web\/?s={search_term_string}\"},\"query-input\":\"required name=search_term_string\"}],\"inLanguage\":\"es\"},{\"@type\":\"Organization\",\"@id\":\"http:\/\/www.colefillesbalears.com\/web\/#organization\",\"name\":\"Col\u00b7legi Oficial de Llicenciats en Ci\u00e8ncies de l'Activitat F\u00edsica i l'Esport de les Illes Balears\",\"url\":\"http:\/\/www.colefillesbalears.com\/web\/\",\"sameAs\":[\"https:\/\/www.youtube.com\/channel\/UClDRzEzUh03bePGcdVFw1cQ\/featured\",\"https:\/\/www.facebook.com\/colef.illesbalears\/?ref=bookmarks\",\"https:\/\/twitter.com\/COLEFBalears\"],\"logo\":{\"@type\":\"ImageObject\",\"inLanguage\":\"es\",\"@id\":\"http:\/\/www.colefillesbalears.com\/web\/#\/schema\/logo\/image\/\",\"url\":\"http:\/\/www.colefillesbalears.com\/web\/wp-content\/uploads\/2019\/05\/logo-colef-5.png\",\"contentUrl\":\"http:\/\/www.colefillesbalears.com\/web\/wp-content\/uploads\/2019\/05\/logo-colef-5.png\",\"width\":414,\"height\":175,\"caption\":\"Col\u00b7legi Oficial de Llicenciats en Ci\u00e8ncies de l'Activitat F\u00edsica i l'Esport de les Illes Balears\"},\"image\":{\"@id\":\"http:\/\/www.colefillesbalears.com\/web\/#\/schema\/logo\/image\/\"}}]}<\/script>\n<!-- \/ Yoast SEO plugin. -->","yoast_head_json":{"title":"Qui som? - COLEF Illes Balears","robots":{"index":"index","follow":"follow","max-snippet":"max-snippet:-1","max-image-preview":"max-image-preview:large","max-video-preview":"max-video-preview:-1"},"canonical":"https:\/\/www.colefillesbalears.com\/web\/colef\/qui-som\/","og_locale":"es_ES","og_type":"article","og_title":"Qui som? - COLEF Illes Balears","og_description":"El Col\u00b7legi Oficial de Llicenciats en Educaci\u00f3 F\u00edsica i Ci\u00e8ncies de l\u2019Activitat F\u00edsica i de l\u2019Esport de les Illes Balears \u00e9s l\u2019entitat que agrupa a: Llicenciats\/des en Educaci\u00f3 F\u00edsica. Llicenciats\/des en Ci\u00e8ncies de l\u2019Activitat F\u00edsica i de l\u2019Esport. Graduats\/des en Ci\u00e8ncies de l\u2019Activitat F\u00edsica i de l\u2019Esport. \u00c9s una corporaci\u00f3 de dret p\u00fablic, emparada per [&hellip;]","og_url":"https:\/\/www.colefillesbalears.com\/web\/colef\/qui-som\/","og_site_name":"COLEF Illes Balears","article_publisher":"https:\/\/www.facebook.com\/colef.illesbalears\/?ref=bookmarks","article_modified_time":"2015-07-15T19:57:50+00:00","twitter_card":"summary_large_image","twitter_site":"@COLEFBalears","twitter_misc":{"Tiempo de lectura":"1 minuto"},"schema":{"@context":"https:\/\/schema.org","@graph":[{"@type":"WebPage","@id":"https:\/\/www.colefillesbalears.com\/web\/colef\/qui-som\/","url":"https:\/\/www.colefillesbalears.com\/web\/colef\/qui-som\/","name":"Qui som? - COLEF Illes Balears","isPartOf":{"@id":"http:\/\/www.colefillesbalears.com\/web\/#website"},"datePublished":"2015-07-15T19:57:29+00:00","dateModified":"2015-07-15T19:57:50+00:00","breadcrumb":{"@id":"https:\/\/www.colefillesbalears.com\/web\/colef\/qui-som\/#breadcrumb"},"inLanguage":"es","potentialAction":[{"@type":"ReadAction","target":["https:\/\/www.colefillesbalears.com\/web\/colef\/qui-som\/"]}]},{"@type":"BreadcrumbList","@id":"https:\/\/www.colefillesbalears.com\/web\/colef\/qui-som\/#breadcrumb","itemListElement":[{"@type":"ListItem","position":1,"name":"Portada","item":"http:\/\/www.colefillesbalears.com\/web\/"},{"@type":"ListItem","position":2,"name":"El COLEF","item":"http:\/\/www.colefillesbalears.com\/web\/colef\/"},{"@type":"ListItem","position":3,"name":"Qui som?"}]},{"@type":"WebSite","@id":"http:\/\/www.colefillesbalears.com\/web\/#website","url":"http:\/\/www.colefillesbalears.com\/web\/","name":"COLEF Illes Balears","description":"","publisher":{"@id":"http:\/\/www.colefillesbalears.com\/web\/#organization"},"potentialAction":[{"@type":"SearchAction","target":{"@type":"EntryPoint","urlTemplate":"http:\/\/www.colefillesbalears.com\/web\/?s={search_term_string}"},"query-input":"required name=search_term_string"}],"inLanguage":"es"},{"@type":"Organization","@id":"http:\/\/www.colefillesbalears.com\/web\/#organization","name":"Col\u00b7legi Oficial de Llicenciats en Ci\u00e8ncies de l'Activitat F\u00edsica i l'Esport de les Illes Balears","url":"http:\/\/www.colefillesbalears.com\/web\/","sameAs":["https:\/\/www.youtube.com\/channel\/UClDRzEzUh03bePGcdVFw1cQ\/featured","https:\/\/www.facebook.com\/colef.illesbalears\/?ref=bookmarks","https:\/\/twitter.com\/COLEFBalears"],"logo":{"@type":"ImageObject","inLanguage":"es","@id":"http:\/\/www.colefillesbalears.com\/web\/#\/schema\/logo\/image\/","url":"http:\/\/www.colefillesbalears.com\/web\/wp-content\/uploads\/2019\/05\/logo-colef-5.png","contentUrl":"http:\/\/www.colefillesbalears.com\/web\/wp-content\/uploads\/2019\/05\/logo-colef-5.png","width":414,"height":175,"caption":"Col\u00b7legi Oficial de Llicenciats en Ci\u00e8ncies de l'Activitat F\u00edsica i l'Esport de les Illes Balears"},"image":{"@id":"http:\/\/www.colefillesbalears.com\/web\/#\/schema\/logo\/image\/"}}]}},"_links":{"self":[{"href":"http:\/\/www.colefillesbalears.com\/web\/wp-json\/wp\/v2\/pages\/205"}],"collection":[{"href":"http:\/\/www.colefillesbalears.com\/web\/wp-json\/wp\/v2\/pages"}],"about":[{"href":"http:\/\/www.colefillesbalears.com\/web\/wp-json\/wp\/v2\/types\/page"}],"author":[{"embeddable":true,"href":"http:\/\/www.colefillesbalears.com\/web\/wp-json\/wp\/v2\/users\/1"}],"replies":[{"embeddable":true,"href":"http:\/\/www.colefillesbalears.com\/web\/wp-json\/wp\/v2\/comments?post=205"}],"version-history":[{"count":1,"href":"http:\/\/www.colefillesbalears.com\/web\/wp-json\/wp\/v2\/pages\/205\/revisions"}],"predecessor-version":[{"id":206,"href":"http:\/\/www.colefillesbalears.com\/web\/wp-json\/wp\/v2\/pages\/205\/revisions\/206"}],"up":[{"embeddable":true,"href":"http:\/\/www.colefillesbalears.com\/web\/wp-json\/wp\/v2\/pages\/188"}],"wp:attachment":[{"href":"http:\/\/www.colefillesbalears.com\/web\/wp-json\/wp\/v2\/media?parent=205"}],"curies":[{"name":"wp","href":"https:\/\/api.w.org\/{rel}","templated":true}]}}