{"id":1626,"date":"2016-06-22T07:42:06","date_gmt":"2016-06-22T07:42:06","guid":{"rendered":"http:\/\/www.colefillesbalears.com\/web\/?page_id=1626"},"modified":"2025-09-28T16:40:19","modified_gmt":"2025-09-28T16:40:19","slug":"ajudes-a-la-formacio","status":"publish","type":"page","link":"http:\/\/www.colefillesbalears.com\/web\/ajudes-a-la-formacio\/","title":{"rendered":"Ajudes a la formaci\u00f3"},"content":{"rendered":"\n<figure class=\"wp-block-table\"><table><tbody><tr><td class=\"has-text-align-center\" data-align=\"center\"><strong>Ajudes a la formaci\u00f3 2016 <\/strong><\/td><td class=\"has-text-align-center\" data-align=\"center\"><a rel=\"noreferrer noopener\" href=\"http:\/\/www.colefillesbalears.com\/web\/wp-content\/uploads\/2016\/12\/AJUDES-FORMACI\u00d3-2016.pdf\" target=\"_blank\">Convocat\u00f2ria<\/a> <\/td><td class=\"has-text-align-center\" data-align=\"center\">Declaraci\u00f3 Responsable&nbsp; <\/td><td class=\"has-text-align-center\" data-align=\"center\"><a rel=\"noreferrer noopener\" href=\"http:\/\/www.colefillesbalears.com\/web\/wp-content\/uploads\/2016\/06\/llista-prov-ajudes-formacio-2016.pdf\" target=\"_blank\">Llista provisional<\/a> <\/td><td class=\"has-text-align-center\" data-align=\"center\"><a rel=\"noreferrer noopener\" href=\"http:\/\/www.colefillesbalears.com\/web\/wp-content\/uploads\/2016\/06\/llista-definitiva-ajudes-formacio-2016.pdf\" target=\"_blank\">Llista definitiva<\/a> <\/td><\/tr><tr><td class=\"has-text-align-center\" data-align=\"center\"><strong>Ajudes a la formaci\u00f3 2017&nbsp; <\/strong><\/td><td class=\"has-text-align-center\" data-align=\"center\"><a rel=\"noreferrer noopener\" href=\"http:\/\/www.colefillesbalears.com\/web\/wp-content\/uploads\/2017\/12\/AJUDES-a-la-FORMACI\u00d3-2017.pdf\" target=\"_blank\">Convocat\u00f2ria<\/a> <\/td><td class=\"has-text-align-center\" data-align=\"center\">Declaraci\u00f3 Responsable&nbsp; <\/td><td class=\"has-text-align-center\" data-align=\"center\"><a rel=\"noreferrer noopener\" href=\"http:\/\/www.colefillesbalears.com\/web\/wp-content\/uploads\/2018\/05\/llista-prov.-ajudes-formaci\u00f3-2017.pdf\" target=\"_blank\">Llista provisional<\/a> <\/td><td class=\"has-text-align-center\" data-align=\"center\"><a rel=\"noreferrer noopener\" href=\"http:\/\/www.colefillesbalears.com\/web\/wp-content\/uploads\/2018\/12\/Ajudes-a-la-Formacio-2017-1.pdf\" target=\"_blank\">Llista definitiva<\/a> <\/td><\/tr><tr><td class=\"has-text-align-center\" data-align=\"center\"><strong>Ajudes a la formaci\u00f3 2018 <\/strong><\/td><td class=\"has-text-align-center\" data-align=\"center\"><a href=\"http:\/\/www.colefillesbalears.com\/web\/wp-content\/uploads\/2019\/04\/Ajudes-a-la-Formaci\u00f3-2018-def..pdf\" target=\"_blank\" aria-label=\"undefined (abre en una nueva pesta\u00f1a)\" rel=\"noreferrer noopener\">Convocat\u00f2ria<\/a> <\/td><td class=\"has-text-align-center\" data-align=\"center\"> <a href=\"http:\/\/www.colefillesbalears.com\/web\/wp-content\/uploads\/2019\/04\/Declaraci\u00f3-responsable-Ajudes-a-la-Formaci\u00f3-2018.pdf\" target=\"_blank\" aria-label=\"undefined (abre en una nueva pesta\u00f1a)\" rel=\"noreferrer noopener\">Declaraci\u00f3 responsable<\/a> <\/td><td class=\"has-text-align-center\" data-align=\"center\"><a href=\"http:\/\/www.colefillesbalears.com\/web\/wp-content\/uploads\/2019\/09\/llista-prov.-ajudes-formaci\u00f3-2018-1.pdf\" target=\"_blank\" rel=\"noreferrer noopener\" aria-label=\"Llista provisional  (abre en una nueva pesta\u00f1a)\">Llista provisional <\/a><\/td><td class=\"has-text-align-center\" data-align=\"center\"><a href=\"http:\/\/www.colefillesbalears.com\/web\/wp-content\/uploads\/2019\/10\/Llista-definitiva-Ajudes-a-la-Formaci\u00f3-2018.pdf\" target=\"_blank\" aria-label=\"undefined (abre en una nueva pesta\u00f1a)\" rel=\"noreferrer noopener\">Llista definitiva <\/a><\/td><\/tr><tr><td class=\"has-text-align-center\" data-align=\"center\"><strong>Ajudes a la formaci\u00f3 2019<\/strong><\/td><td class=\"has-text-align-center\" data-align=\"center\"><a href=\"https:\/\/drive.google.com\/file\/d\/1nByvWsC8aZt8QgWt4WTCKmdOeKphTlBr\/view?usp=sharing\" target=\"_blank\" aria-label=\"undefined (abre en una nueva pesta\u00f1a)\" rel=\"noreferrer noopener\">Convocat\u00f2ria<\/a><\/td><td class=\"has-text-align-center\" data-align=\"center\"><a href=\"https:\/\/drive.google.com\/open?id=1SVE0lnRpefXM9ghk6X6tMd_rn1R8bcBD\" target=\"_blank\" rel=\"noreferrer noopener\">Declaraci\u00f3 responsable<\/a><\/td><td class=\"has-text-align-center\" data-align=\"center\"><a href=\"http:\/\/www.colefillesbalears.com\/web\/wp-content\/uploads\/2020\/10\/llista-prov.-ajudes-formaci\u00f3-2019.pdf\" target=\"_blank\" aria-label=\"undefined (abre en una nueva pesta\u00f1a)\" rel=\"noreferrer noopener\">Llistat provisional<\/a><\/td><td class=\"has-text-align-center\" data-align=\"center\"><a href=\"http:\/\/www.colefillesbalears.com\/web\/wp-content\/uploads\/2020\/11\/certificat-llista-definitiva-Ajudes-a-la-Formaci\u00f3-2019_30112020_signat.pdf\" target=\"_blank\" aria-label=\"undefined (abre en una nueva pesta\u00f1a)\" rel=\"noreferrer noopener\">Llista definitiva<\/a><\/td><\/tr><tr><td class=\"has-text-align-center\" data-align=\"center\"><strong>Ajudes a la formaci\u00f3 2020<\/strong><\/td><td class=\"has-text-align-center\" data-align=\"center\"><a href=\"http:\/\/www.colefillesbalears.com\/web\/wp-content\/uploads\/2020\/12\/Bases-Ajudes-a-la-formaci\u00f3-2020.pdf\" target=\"_blank\" aria-label=\"undefined (abre en una nueva pesta\u00f1a)\" rel=\"noreferrer noopener\">Convocat\u00f2ria<\/a><\/td><td class=\"has-text-align-center\" data-align=\"center\"><a href=\"http:\/\/www.colefillesbalears.com\/web\/wp-content\/uploads\/2020\/12\/Declaracio-resp.-2020.pdf\" target=\"_blank\" aria-label=\"undefined (abre en una nueva pesta\u00f1a)\" rel=\"noreferrer noopener\">Declaraci\u00f3 responsable<\/a><\/td><td class=\"has-text-align-center\" data-align=\"center\"><a href=\"https:\/\/drive.google.com\/file\/d\/1bNZmg3AaBQssikJksYiwW6cU5v9pwfgC\/view?usp=sharing\" target=\"_blank\" aria-label=\"undefined (abre en una nueva pesta\u00f1a)\" rel=\"noreferrer noopener\">Llistat provisional<\/a><\/td><td class=\"has-text-align-center\" data-align=\"center\"><a aria-label=\"undefined (abre en una nueva pesta\u00f1a)\" href=\"https:\/\/drive.google.com\/file\/d\/1DZz0t-Ok0QosKnJKgsvSirkzk2pijTjl\/view?usp=sharing\" target=\"_blank\" rel=\"noreferrer noopener\">Llista definitiva<\/a><\/td><\/tr><tr><td class=\"has-text-align-center\" data-align=\"center\"><strong>Ajudes a la formaci\u00f3 202<\/strong>1<\/td><td class=\"has-text-align-center\" data-align=\"center\"><a href=\"https:\/\/drive.google.com\/file\/d\/1PVEXM6K_1L-ljtfXl_nTzqU-oeFiMdsM\/view?usp=sharing\" target=\"_blank\" aria-label=\"undefined (abre en una nueva pesta\u00f1a)\" rel=\"noreferrer noopener\">Convocat\u00f2ria<\/a><\/td><td class=\"has-text-align-center\" data-align=\"center\"><a href=\"https:\/\/drive.google.com\/file\/d\/1nsSPe3Il3wwBmKM1RaZJAcfZ938Y3lZJ\/view?usp=sharing\" target=\"_blank\" aria-label=\"undefined (abre en una nueva pesta\u00f1a)\" rel=\"noreferrer noopener\">Declaraci\u00f3 responsable<\/a><\/td><td class=\"has-text-align-center\" data-align=\"center\"><a href=\"https:\/\/drive.google.com\/file\/d\/1JVip-WzZoxQGDxIC8sIeXLaRytUIdOwv\/view?usp=sharing\">Llistat provisional<\/a><\/td><td class=\"has-text-align-center\" data-align=\"center\"><a href=\"https:\/\/drive.google.com\/file\/d\/1WVfwG1F7pu3TUcYl9M3w6BAj14r3E9nt\/view?usp=share_link\" target=\"_blank\" rel=\"noreferrer noopener\">Llista definitiva<\/a><\/td><\/tr><tr><td class=\"has-text-align-center\" data-align=\"center\"><strong>Ajudes a la formaci\u00f3 2022<\/strong><\/td><td class=\"has-text-align-center\" data-align=\"center\"><a href=\"https:\/\/drive.google.com\/file\/d\/1rkM9JrgJboFCMpzdX1FthwNZ9BHUIBl1\/view?usp=drive_link\">Convocat\u00f2ria<\/a><\/td><td class=\"has-text-align-center\" data-align=\"center\"><a href=\"https:\/\/drive.google.com\/file\/d\/1jzlVydf64BMbmE8Trne2hbYhCY5mTfUX\/view?usp=drive_link\" target=\"_blank\" rel=\"noreferrer noopener\">Declaraci\u00f3 responsable<\/a><\/td><td class=\"has-text-align-center\" data-align=\"center\"><a href=\"https:\/\/drive.google.com\/file\/d\/1D5EcjPrGBPMUaft6G5ODNaNfMpGMlaCt\/view?usp=drive_link\" target=\"_blank\" rel=\"noreferrer noopener\">Llistat provisional<\/a><\/td><td class=\"has-text-align-center\" data-align=\"center\"><a href=\"https:\/\/drive.google.com\/file\/d\/1mnHdNVrznlHCI80dvaBOHepc-_YUYtpI\/view?usp=drive_link\" target=\"_blank\" rel=\"noreferrer noopener\">Llista definitiva<\/a><\/td><\/tr><tr><td class=\"has-text-align-center\" data-align=\"center\"><strong>Ajudes a la formaci\u00f3 2023<\/strong><\/td><td class=\"has-text-align-center\" data-align=\"center\"><a href=\"https:\/\/drive.google.com\/file\/d\/1X102Re8wD0hjtZ94zEJ6S9M12Ah1-YHH\/view?usp=drive_link\" target=\"_blank\" rel=\"noreferrer noopener\">Convocat\u00f2ria<\/a><br>Sol\u00b7licitud <a href=\"https:\/\/drive.google.com\/file\/d\/1Ia06dyBo_3y4kr-wwol0QREEFd7Tww6e\/view?usp=drive_link\" target=\"_blank\" rel=\"noreferrer noopener\">PDF<\/a>\/<a href=\"https:\/\/docs.google.com\/document\/d\/1OxkL2A3NPoi7X-r0Zt9lA-fQJEheaZpd\/edit?usp=drive_link&amp;ouid=106858959497840439775&amp;rtpof=true&amp;sd=true\" target=\"_blank\" rel=\"noreferrer noopener\">EDITABLE<\/a><\/td><td class=\"has-text-align-center\" data-align=\"center\">Declaraci\u00f3 responsable <a href=\"https:\/\/drive.google.com\/file\/d\/1gTuYhLh3uZ1HgrwLdI_cEXXFHbWwKP76\/view?usp=drive_link\" target=\"_blank\" rel=\"noreferrer noopener\">PDF<\/a>\/<a href=\"https:\/\/docs.google.com\/document\/d\/1WZC3IjKeAyGSuK5O5Iiz1ByHfo_yaUrd\/edit?usp=drive_link&amp;ouid=106858959497840439775&amp;rtpof=true&amp;sd=true\" target=\"_blank\" rel=\"noreferrer noopener\">EDITABLE<\/a><\/td><td class=\"has-text-align-center\" data-align=\"center\"><a href=\"https:\/\/drive.google.com\/file\/d\/1JddQf2OYd-JCt584hH2odEqlVuGmkq2P\/view?usp=drive_link\" target=\"_blank\" rel=\"noreferrer noopener\">Llistat provisional<\/a><\/td><td class=\"has-text-align-center\" data-align=\"center\"><a href=\"https:\/\/drive.google.com\/file\/d\/1hYdbXmrhSvjFCCJyBErAP90I21iadcyG\/view?usp=drive_link\" target=\"_blank\" rel=\"noreferrer noopener\">Llista definitiva<\/a><\/td><\/tr><tr><td class=\"has-text-align-center\" data-align=\"center\"><strong>Ajudes a la   formaci\u00f3 2024<\/strong><\/td><td class=\"has-text-align-center\" data-align=\"center\"><a href=\"https:\/\/drive.google.com\/file\/d\/10DOZtywIO1Q-mlfq7MHYsP3ZIz7GiWgY\/view?usp=drive_link\" target=\"_blank\" rel=\"noreferrer noopener\">Convocat\u00f2ria<\/a><br>Sol\u00b7licitud<br><a href=\"https:\/\/drive.google.com\/file\/d\/1yUhcHjX0QrYVvP-Whl0tW46Ze7XAZa8_\/view?usp=drive_link\" target=\"_blank\" rel=\"noreferrer noopener\">PDF<\/a>\/<a href=\"https:\/\/docs.google.com\/document\/d\/16XRoHGQlaFTBYXknVshGpDWjchlvYGFN\/edit?usp=drive_link&amp;ouid=106858959497840439775&amp;rtpof=true&amp;sd=true\" target=\"_blank\" rel=\"noreferrer noopener\">EDITABLE<\/a><\/td><td class=\"has-text-align-center\" data-align=\"center\">Declaraci\u00f3 responsable<br><a href=\"https:\/\/drive.google.com\/file\/d\/1aYelS0RBRvEhImrLgpViCb-jHrCLn502\/view?usp=drive_link\" target=\"_blank\" rel=\"noreferrer noopener\">PDF<\/a>\/<a href=\"https:\/\/docs.google.com\/document\/d\/1RV_trLOV1CBqDGYJ6-BVijSFIOBvAkHm\/edit?usp=drive_link&amp;ouid=106858959497840439775&amp;rtpof=true&amp;sd=true\" target=\"_blank\" rel=\"noreferrer noopener\">EDITABLE<\/a><\/td><td class=\"has-text-align-center\" data-align=\"center\"><a href=\"https:\/\/drive.google.com\/file\/d\/1rkItSgNAqyHOoh3yT2eVxWWic7lkzQ3f\/view?usp=drive_link\" target=\"_blank\" rel=\"noreferrer noopener\">Llistat provisional<\/a><\/td><td class=\"has-text-align-center\" data-align=\"center\"><a href=\"https:\/\/drive.google.com\/file\/d\/1T_SvCgMO8uYIic-ZZrw54LBva0RTW59B\/view?usp=drive_link\" target=\"_blank\" rel=\"noreferrer noopener\">Llista definitiva<\/a><\/td><\/tr><\/tbody><\/table><\/figure>\n","protected":false},"excerpt":{"rendered":"<p>Ajudes a la formaci\u00f3 2016 Convocat\u00f2ria Declaraci\u00f3 Responsable&nbsp; Llista provisional Llista definitiva Ajudes a la formaci\u00f3 2017&nbsp; Convocat\u00f2ria Declaraci\u00f3 Responsable&nbsp; Llista provisional Llista definitiva Ajudes a la formaci\u00f3 2018 Convocat\u00f2ria Declaraci\u00f3 responsable Llista provisional Llista definitiva Ajudes a la formaci\u00f3 2019 Convocat\u00f2ria Declaraci\u00f3 responsable Llistat provisional Llista definitiva Ajudes a la formaci\u00f3 2020 Convocat\u00f2ria Declaraci\u00f3 [&hellip;]<\/p>\n","protected":false},"author":1,"featured_media":7846,"parent":0,"menu_order":0,"comment_status":"closed","ping_status":"closed","template":"","meta":[],"yoast_head":"<!-- This site is optimized with the Yoast SEO plugin v19.6.1 - https:\/\/yoast.com\/wordpress\/plugins\/seo\/ -->\n<title>Ajudes a la formaci\u00f3 - COLEF Illes Balears<\/title>\n<meta name=\"robots\" content=\"index, follow, max-snippet:-1, max-image-preview:large, max-video-preview:-1\" \/>\n<link rel=\"canonical\" href=\"http:\/\/www.colefillesbalears.com\/web\/ajudes-a-la-formacio\/\" \/>\n<meta property=\"og:locale\" content=\"es_ES\" \/>\n<meta property=\"og:type\" content=\"article\" \/>\n<meta property=\"og:title\" content=\"Ajudes a la formaci\u00f3 - COLEF Illes Balears\" \/>\n<meta property=\"og:description\" content=\"Ajudes a la formaci\u00f3 2016 Convocat\u00f2ria Declaraci\u00f3 Responsable&nbsp; Llista provisional Llista definitiva Ajudes a la formaci\u00f3 2017&nbsp; Convocat\u00f2ria Declaraci\u00f3 Responsable&nbsp; Llista provisional Llista definitiva Ajudes a la formaci\u00f3 2018 Convocat\u00f2ria Declaraci\u00f3 responsable Llista provisional Llista definitiva Ajudes a la formaci\u00f3 2019 Convocat\u00f2ria Declaraci\u00f3 responsable Llistat provisional Llista definitiva Ajudes a la formaci\u00f3 2020 Convocat\u00f2ria Declaraci\u00f3 [&hellip;]\" \/>\n<meta property=\"og:url\" content=\"http:\/\/www.colefillesbalears.com\/web\/ajudes-a-la-formacio\/\" \/>\n<meta property=\"og:site_name\" content=\"COLEF Illes Balears\" \/>\n<meta property=\"article:publisher\" content=\"https:\/\/www.facebook.com\/colef.illesbalears\/?ref=bookmarks\" \/>\n<meta property=\"article:modified_time\" content=\"2025-09-28T16:40:19+00:00\" \/>\n<meta property=\"og:image\" content=\"http:\/\/www.colefillesbalears.com\/web\/wp-content\/uploads\/2024\/02\/image-2.png\" \/>\n\t<meta property=\"og:image:width\" content=\"712\" \/>\n\t<meta property=\"og:image:height\" content=\"712\" \/>\n\t<meta property=\"og:image:type\" content=\"image\/png\" \/>\n<meta name=\"twitter:card\" content=\"summary_large_image\" \/>\n<meta name=\"twitter:site\" content=\"@COLEFBalears\" \/>\n<meta name=\"twitter:label1\" content=\"Tiempo de lectura\" \/>\n\t<meta name=\"twitter:data1\" content=\"1 minuto\" \/>\n<script type=\"application\/ld+json\" class=\"yoast-schema-graph\">{\"@context\":\"https:\/\/schema.org\",\"@graph\":[{\"@type\":\"WebPage\",\"@id\":\"http:\/\/www.colefillesbalears.com\/web\/ajudes-a-la-formacio\/\",\"url\":\"http:\/\/www.colefillesbalears.com\/web\/ajudes-a-la-formacio\/\",\"name\":\"Ajudes a la formaci\u00f3 - COLEF Illes Balears\",\"isPartOf\":{\"@id\":\"https:\/\/www.colefillesbalears.com\/web\/#website\"},\"datePublished\":\"2016-06-22T07:42:06+00:00\",\"dateModified\":\"2025-09-28T16:40:19+00:00\",\"breadcrumb\":{\"@id\":\"http:\/\/www.colefillesbalears.com\/web\/ajudes-a-la-formacio\/#breadcrumb\"},\"inLanguage\":\"es\",\"potentialAction\":[{\"@type\":\"ReadAction\",\"target\":[\"http:\/\/www.colefillesbalears.com\/web\/ajudes-a-la-formacio\/\"]}]},{\"@type\":\"BreadcrumbList\",\"@id\":\"http:\/\/www.colefillesbalears.com\/web\/ajudes-a-la-formacio\/#breadcrumb\",\"itemListElement\":[{\"@type\":\"ListItem\",\"position\":1,\"name\":\"Portada\",\"item\":\"https:\/\/www.colefillesbalears.com\/web\/\"},{\"@type\":\"ListItem\",\"position\":2,\"name\":\"Ajudes a la formaci\u00f3\"}]},{\"@type\":\"WebSite\",\"@id\":\"https:\/\/www.colefillesbalears.com\/web\/#website\",\"url\":\"https:\/\/www.colefillesbalears.com\/web\/\",\"name\":\"COLEF Illes Balears\",\"description\":\"\",\"publisher\":{\"@id\":\"https:\/\/www.colefillesbalears.com\/web\/#organization\"},\"potentialAction\":[{\"@type\":\"SearchAction\",\"target\":{\"@type\":\"EntryPoint\",\"urlTemplate\":\"https:\/\/www.colefillesbalears.com\/web\/?s={search_term_string}\"},\"query-input\":\"required name=search_term_string\"}],\"inLanguage\":\"es\"},{\"@type\":\"Organization\",\"@id\":\"https:\/\/www.colefillesbalears.com\/web\/#organization\",\"name\":\"Col\u00b7legi Oficial de Llicenciats en Ci\u00e8ncies de l'Activitat F\u00edsica i l'Esport de les Illes Balears\",\"url\":\"https:\/\/www.colefillesbalears.com\/web\/\",\"sameAs\":[\"https:\/\/www.youtube.com\/channel\/UClDRzEzUh03bePGcdVFw1cQ\/featured\",\"https:\/\/www.facebook.com\/colef.illesbalears\/?ref=bookmarks\",\"https:\/\/twitter.com\/COLEFBalears\"],\"logo\":{\"@type\":\"ImageObject\",\"inLanguage\":\"es\",\"@id\":\"https:\/\/www.colefillesbalears.com\/web\/#\/schema\/logo\/image\/\",\"url\":\"http:\/\/www.colefillesbalears.com\/web\/wp-content\/uploads\/2019\/05\/logo-colef-5.png\",\"contentUrl\":\"http:\/\/www.colefillesbalears.com\/web\/wp-content\/uploads\/2019\/05\/logo-colef-5.png\",\"width\":414,\"height\":175,\"caption\":\"Col\u00b7legi Oficial de Llicenciats en Ci\u00e8ncies de l'Activitat F\u00edsica i l'Esport de les Illes Balears\"},\"image\":{\"@id\":\"https:\/\/www.colefillesbalears.com\/web\/#\/schema\/logo\/image\/\"}}]}<\/script>\n<!-- \/ Yoast SEO plugin. -->","yoast_head_json":{"title":"Ajudes a la formaci\u00f3 - COLEF Illes Balears","robots":{"index":"index","follow":"follow","max-snippet":"max-snippet:-1","max-image-preview":"max-image-preview:large","max-video-preview":"max-video-preview:-1"},"canonical":"http:\/\/www.colefillesbalears.com\/web\/ajudes-a-la-formacio\/","og_locale":"es_ES","og_type":"article","og_title":"Ajudes a la formaci\u00f3 - COLEF Illes Balears","og_description":"Ajudes a la formaci\u00f3 2016 Convocat\u00f2ria Declaraci\u00f3 Responsable&nbsp; Llista provisional Llista definitiva Ajudes a la formaci\u00f3 2017&nbsp; Convocat\u00f2ria Declaraci\u00f3 Responsable&nbsp; Llista provisional Llista definitiva Ajudes a la formaci\u00f3 2018 Convocat\u00f2ria Declaraci\u00f3 responsable Llista provisional Llista definitiva Ajudes a la formaci\u00f3 2019 Convocat\u00f2ria Declaraci\u00f3 responsable Llistat provisional Llista definitiva Ajudes a la formaci\u00f3 2020 Convocat\u00f2ria Declaraci\u00f3 [&hellip;]","og_url":"http:\/\/www.colefillesbalears.com\/web\/ajudes-a-la-formacio\/","og_site_name":"COLEF Illes Balears","article_publisher":"https:\/\/www.facebook.com\/colef.illesbalears\/?ref=bookmarks","article_modified_time":"2025-09-28T16:40:19+00:00","og_image":[{"width":712,"height":712,"url":"http:\/\/www.colefillesbalears.com\/web\/wp-content\/uploads\/2024\/02\/image-2.png","type":"image\/png"}],"twitter_card":"summary_large_image","twitter_site":"@COLEFBalears","twitter_misc":{"Tiempo de lectura":"1 minuto"},"schema":{"@context":"https:\/\/schema.org","@graph":[{"@type":"WebPage","@id":"http:\/\/www.colefillesbalears.com\/web\/ajudes-a-la-formacio\/","url":"http:\/\/www.colefillesbalears.com\/web\/ajudes-a-la-formacio\/","name":"Ajudes a la formaci\u00f3 - COLEF Illes Balears","isPartOf":{"@id":"https:\/\/www.colefillesbalears.com\/web\/#website"},"datePublished":"2016-06-22T07:42:06+00:00","dateModified":"2025-09-28T16:40:19+00:00","breadcrumb":{"@id":"http:\/\/www.colefillesbalears.com\/web\/ajudes-a-la-formacio\/#breadcrumb"},"inLanguage":"es","potentialAction":[{"@type":"ReadAction","target":["http:\/\/www.colefillesbalears.com\/web\/ajudes-a-la-formacio\/"]}]},{"@type":"BreadcrumbList","@id":"http:\/\/www.colefillesbalears.com\/web\/ajudes-a-la-formacio\/#breadcrumb","itemListElement":[{"@type":"ListItem","position":1,"name":"Portada","item":"https:\/\/www.colefillesbalears.com\/web\/"},{"@type":"ListItem","position":2,"name":"Ajudes a la formaci\u00f3"}]},{"@type":"WebSite","@id":"https:\/\/www.colefillesbalears.com\/web\/#website","url":"https:\/\/www.colefillesbalears.com\/web\/","name":"COLEF Illes Balears","description":"","publisher":{"@id":"https:\/\/www.colefillesbalears.com\/web\/#organization"},"potentialAction":[{"@type":"SearchAction","target":{"@type":"EntryPoint","urlTemplate":"https:\/\/www.colefillesbalears.com\/web\/?s={search_term_string}"},"query-input":"required name=search_term_string"}],"inLanguage":"es"},{"@type":"Organization","@id":"https:\/\/www.colefillesbalears.com\/web\/#organization","name":"Col\u00b7legi Oficial de Llicenciats en Ci\u00e8ncies de l'Activitat F\u00edsica i l'Esport de les Illes Balears","url":"https:\/\/www.colefillesbalears.com\/web\/","sameAs":["https:\/\/www.youtube.com\/channel\/UClDRzEzUh03bePGcdVFw1cQ\/featured","https:\/\/www.facebook.com\/colef.illesbalears\/?ref=bookmarks","https:\/\/twitter.com\/COLEFBalears"],"logo":{"@type":"ImageObject","inLanguage":"es","@id":"https:\/\/www.colefillesbalears.com\/web\/#\/schema\/logo\/image\/","url":"http:\/\/www.colefillesbalears.com\/web\/wp-content\/uploads\/2019\/05\/logo-colef-5.png","contentUrl":"http:\/\/www.colefillesbalears.com\/web\/wp-content\/uploads\/2019\/05\/logo-colef-5.png","width":414,"height":175,"caption":"Col\u00b7legi Oficial de Llicenciats en Ci\u00e8ncies de l'Activitat F\u00edsica i l'Esport de les Illes Balears"},"image":{"@id":"https:\/\/www.colefillesbalears.com\/web\/#\/schema\/logo\/image\/"}}]}},"_links":{"self":[{"href":"http:\/\/www.colefillesbalears.com\/web\/wp-json\/wp\/v2\/pages\/1626"}],"collection":[{"href":"http:\/\/www.colefillesbalears.com\/web\/wp-json\/wp\/v2\/pages"}],"about":[{"href":"http:\/\/www.colefillesbalears.com\/web\/wp-json\/wp\/v2\/types\/page"}],"author":[{"embeddable":true,"href":"http:\/\/www.colefillesbalears.com\/web\/wp-json\/wp\/v2\/users\/1"}],"replies":[{"embeddable":true,"href":"http:\/\/www.colefillesbalears.com\/web\/wp-json\/wp\/v2\/comments?post=1626"}],"version-history":[{"count":73,"href":"http:\/\/www.colefillesbalears.com\/web\/wp-json\/wp\/v2\/pages\/1626\/revisions"}],"predecessor-version":[{"id":8378,"href":"http:\/\/www.colefillesbalears.com\/web\/wp-json\/wp\/v2\/pages\/1626\/revisions\/8378"}],"wp:featuredmedia":[{"embeddable":true,"href":"http:\/\/www.colefillesbalears.com\/web\/wp-json\/wp\/v2\/media\/7846"}],"wp:attachment":[{"href":"http:\/\/www.colefillesbalears.com\/web\/wp-json\/wp\/v2\/media?parent=1626"}],"curies":[{"name":"wp","href":"https:\/\/api.w.org\/{rel}","templated":true}]}}